{"id":1105,"date":"2019-03-06T17:05:47","date_gmt":"2019-03-06T21:05:47","guid":{"rendered":"https:\/\/inisa.ufms.br\/?page_id=1105"},"modified":"2019-03-06T17:05:47","modified_gmt":"2019-03-06T21:05:47","slug":"contato","status":"publish","type":"page","link":"https:\/\/inisa.ufms.br\/en\/pagina-inicial\/mestrado-em-ciencias-do-movimento\/contato\/","title":{"rendered":"Contato"},"content":{"rendered":"<p><strong>Coordenador: Prof Dr\u00a0Silvio Assis de Oliveira J\u00fanior<\/strong><\/p>\n<p>Secret\u00e1rio: Adizio Marcondes;<\/p>\n<p>Funcionamento da secretaria:<\/p>\n<p>segunda a sexta, das 7h \u00e0s 11h, e das 13h \u00e0s 17h.<\/p>\n<p>_________________________________________________________________________________________________________________________________<\/p>\n<p>Programa de P\u00f3s Gradua\u00e7\u00e3o em\u00a0Ci\u00eancias do Movimento<\/p>\n<p>Unidade 12 \u2013 piso\u00a0inferior<\/p>\n<p>Funda\u00e7\u00e3o Universidade Federal de Mato Grosso do Sul<\/p>\n<p>Cidade Universit\u00e1ria \u2013 Caixa Postal 549<\/p>\n<p>79070-900 Campo Grande, MS, Brasil<\/p>\n<p>_________________________________________________________________________________________________________________________________<\/p>\n<p>e-mail:\u00a0<a href=\"mailto:ppgenfermagem.inisa@ufms.br\">ppgcm.inisa@ufms.br<\/a><\/p>\n<p>Fone: +55 (67) 3345-7836<\/p>\n","protected":false},"excerpt":{"rendered":"<p>Coordenador: Prof Dr\u00a0Silvio Assis de Oliveira J\u00fanior Secret\u00e1rio: Adizio Marcondes; Funcionamento da secretaria: segunda a sexta, das 7h \u00e0s 11h, e das 13h \u00e0s 17h. _________________________________________________________________________________________________________________________________ Programa de P\u00f3s Gradua\u00e7\u00e3o em\u00a0Ci\u00eancias do Movimento Unidade 12 \u2013 piso\u00a0inferior Funda\u00e7\u00e3o Universidade Federal de Mato Grosso do Sul Cidade Universit\u00e1ria \u2013 Caixa Postal 549 79070-900 Campo Grande, MS, [&hellip;]<\/p>\n","protected":false},"author":1485,"featured_media":0,"parent":957,"menu_order":0,"comment_status":"closed","ping_status":"closed","template":"page-templates\/page-subcoordenadoria.php","meta":{"footnotes":""},"coauthors":[],"class_list":["post-1105","page","type-page","status-publish","hentry"],"_links":{"self":[{"href":"https:\/\/inisa.ufms.br\/en\/wp-json\/wp\/v2\/pages\/1105","targetHints":{"allow":["GET"]}}],"collection":[{"href":"https:\/\/inisa.ufms.br\/en\/wp-json\/wp\/v2\/pages"}],"about":[{"href":"https:\/\/inisa.ufms.br\/en\/wp-json\/wp\/v2\/types\/page"}],"author":[{"embeddable":true,"href":"https:\/\/inisa.ufms.br\/en\/wp-json\/wp\/v2\/users\/1485"}],"replies":[{"embeddable":true,"href":"https:\/\/inisa.ufms.br\/en\/wp-json\/wp\/v2\/comments?post=1105"}],"version-history":[{"count":1,"href":"https:\/\/inisa.ufms.br\/en\/wp-json\/wp\/v2\/pages\/1105\/revisions"}],"predecessor-version":[{"id":1106,"href":"https:\/\/inisa.ufms.br\/en\/wp-json\/wp\/v2\/pages\/1105\/revisions\/1106"}],"up":[{"embeddable":true,"href":"https:\/\/inisa.ufms.br\/en\/wp-json\/wp\/v2\/pages\/957"}],"wp:attachment":[{"href":"https:\/\/inisa.ufms.br\/en\/wp-json\/wp\/v2\/media?parent=1105"}],"wp:term":[{"taxonomy":"author","embeddable":true,"href":"https:\/\/inisa.ufms.br\/en\/wp-json\/wp\/v2\/coauthors?post=1105"}],"curies":[{"name":"wp","href":"https:\/\/api.w.org\/{rel}","templated":true}]}}