{"id":1167,"date":"2019-03-13T16:15:41","date_gmt":"2019-03-13T20:15:41","guid":{"rendered":"https:\/\/inisa.ufms.br\/?page_id=1167"},"modified":"2024-03-26T16:46:57","modified_gmt":"2024-03-26T20:46:57","slug":"ppgsf","status":"publish","type":"page","link":"https:\/\/inisa.ufms.br\/en\/pagina-inicial\/ppgsf\/","title":{"rendered":"Mestrado em Sa\u00fade da Fam\u00edia"},"content":{"rendered":"<p><a href=\"https:\/\/inisa.ufms.br\/files\/2019\/04\/mestrado.png\"><img fetchpriority=\"high\" decoding=\"async\" class=\"aligncenter wp-image-1231 \" src=\"https:\/\/inisa.ufms.br\/files\/2019\/04\/mestrado-1024x474.png\" alt=\"\" width=\"579\" height=\"268\" srcset=\"https:\/\/inisa.ufms.br\/files\/2019\/04\/mestrado-1024x474.png 1024w, https:\/\/inisa.ufms.br\/files\/2019\/04\/mestrado-300x139.png 300w, https:\/\/inisa.ufms.br\/files\/2019\/04\/mestrado-768x355.png 768w, https:\/\/inisa.ufms.br\/files\/2019\/04\/mestrado-692x320.png 692w, https:\/\/inisa.ufms.br\/files\/2019\/04\/mestrado.png 1321w\" sizes=\"(max-width: 579px) 100vw, 579px\" \/><\/a><\/p>\n<p style=\"text-align: center\"><span style=\"font-size: 14pt\"><strong>Para informa\u00e7\u00f5es sobre o PPGSF e not\u00edcias a partir de 11\/07\/2023,<\/strong><\/span><\/p>\n<p style=\"text-align: center\"><span style=\"font-size: 14pt\"><strong>favor acessar: <a href=\"https:\/\/ppgsf.ufms.br\/\">https:\/\/ppgsf.ufms.br\/<\/a><\/strong><\/span><\/p>\n","protected":false},"excerpt":{"rendered":"<p>Para informa\u00e7\u00f5es sobre o PPGSF e not\u00edcias a partir de 11\/07\/2023, favor acessar: https:\/\/ppgsf.ufms.br\/<\/p>\n","protected":false},"author":1417,"featured_media":0,"parent":20,"menu_order":0,"comment_status":"closed","ping_status":"closed","template":"page-templates\/page-coordenadorias.php","meta":{"footnotes":""},"coauthors":[],"class_list":["post-1167","page","type-page","status-publish","hentry"],"_links":{"self":[{"href":"https:\/\/inisa.ufms.br\/en\/wp-json\/wp\/v2\/pages\/1167","targetHints":{"allow":["GET"]}}],"collection":[{"href":"https:\/\/inisa.ufms.br\/en\/wp-json\/wp\/v2\/pages"}],"about":[{"href":"https:\/\/inisa.ufms.br\/en\/wp-json\/wp\/v2\/types\/page"}],"author":[{"embeddable":true,"href":"https:\/\/inisa.ufms.br\/en\/wp-json\/wp\/v2\/users\/1417"}],"replies":[{"embeddable":true,"href":"https:\/\/inisa.ufms.br\/en\/wp-json\/wp\/v2\/comments?post=1167"}],"version-history":[{"count":28,"href":"https:\/\/inisa.ufms.br\/en\/wp-json\/wp\/v2\/pages\/1167\/revisions"}],"predecessor-version":[{"id":8304,"href":"https:\/\/inisa.ufms.br\/en\/wp-json\/wp\/v2\/pages\/1167\/revisions\/8304"}],"up":[{"embeddable":true,"href":"https:\/\/inisa.ufms.br\/en\/wp-json\/wp\/v2\/pages\/20"}],"wp:attachment":[{"href":"https:\/\/inisa.ufms.br\/en\/wp-json\/wp\/v2\/media?parent=1167"}],"wp:term":[{"taxonomy":"author","embeddable":true,"href":"https:\/\/inisa.ufms.br\/en\/wp-json\/wp\/v2\/coauthors?post=1167"}],"curies":[{"name":"wp","href":"https:\/\/api.w.org\/{rel}","templated":true}]}}