{"id":1492,"date":"2019-06-03T16:10:49","date_gmt":"2019-06-03T20:10:49","guid":{"rendered":"https:\/\/inisa.ufms.br\/?page_id=1492"},"modified":"2023-03-17T15:04:21","modified_gmt":"2023-03-17T19:04:21","slug":"corpo-docente-ppgsf","status":"publish","type":"page","link":"https:\/\/inisa.ufms.br\/en\/corpo-docente-ppgsf\/","title":{"rendered":"CORPO DOCENTE"},"content":{"rendered":"<p><strong>LINHA DE PESQUISA 1 \u2013 Avalia\u00e7\u00e3o de Pol\u00edticas P\u00fablicas em Aten\u00e7\u00e3o Prim\u00e1ria \u00e0 Sa\u00fade<\/strong><\/p>\n<p><a href=\"http:\/\/lattes.cnpq.br\/8669319432104228\">Dr\u00aa. Adriane Pires Batiston<\/a><\/p>\n<p>adriane.batiston@ufms.br<\/p>\n<p><a href=\"http:\/\/lattes.cnpq.br\/6938715472729668\">Dr. Alcindo Antonio Ferla<\/a><\/p>\n<p>ferlaalcindo@gmail.com<\/p>\n<p><a href=\"http:\/\/lattes.cnpq.br\/7680542474755226\">Dr. Alessandro Diogo de Carli<\/a><\/p>\n<p>alessandro.carli@ufms.br<\/p>\n<p><a href=\"http:\/\/lattes.cnpq.br\/8504201599861332\">Dr\u00aa. Ana Tereza Gomes Guerrero<\/a><\/p>\n<p>ana.guerrero@fiocruz.br<\/p>\n<p><a href=\"http:\/\/lattes.cnpq.br\/9390172593550736\">Dr\u00aa. Andr\u00e9ia Insabralde de Queiroz Cardoso<\/a><\/p>\n<p>andreia.cardoso@ufms.br<\/p>\n<p><a href=\"http:\/\/lattes.cnpq.br\/4390913887382221\">Dr. Arthur de Almeida Medeiros<\/a><\/p>\n<p>arthur.medeiros@ufms.br<\/p>\n<p><a href=\"http:\/\/lattes.cnpq.br\/2457025855807381\">Dr\u00aa. Mara Lisiane de Moraes dos Santos<\/a><\/p>\n<p>mara.santos@ufms.br<\/p>\n<p><a href=\"http:\/\/lattes.cnpq.br\/4421062652834737\">Dr. Nathan Aratani<\/a><\/p>\n<p>nathan.aratani@ufms.br<\/p>\n<p><a href=\"http:\/\/lattes.cnpq.br\/7052029098529899\">Dr\u00aa. Osvaldinete Lopes de Oliveira Silva<\/a><\/p>\n<p>osvaldinete.silva@ufms.br<\/p>\n<p><a href=\"http:\/\/lattes.cnpq.br\/8423268176039658\">Dr. Rafael Aiello Bomfim<\/a><\/p>\n<p>rafael.aiello@ufms.br<\/p>\n<p><a href=\"http:\/\/lattes.cnpq.br\/8419429253159424\">Dr\u00aa. Sonia Maria Oliveira de Andrade<\/a><\/p>\n<p>sonia.andrade@ufms.br<\/p>\n<p>&nbsp;<\/p>\n<p><strong>LINHA DE PESQUISA 2 \u2013 Diagn\u00f3sticos Locais e Aten\u00e7\u00e3o \u00e0 Sa\u00fade da Fam\u00edlia<\/strong><\/p>\n<p><a href=\"http:\/\/lattes.cnpq.br\/4960336011673287\">Dr. Alberto Mesaque Martins<\/a><\/p>\n<p>alberto.mesaque@ufms.br<\/p>\n<p><a href=\"http:\/\/lattes.cnpq.br\/3213637297533305\">Dr. Andr\u00e9 Barciela Veras\u00a0<\/a><\/p>\n<p>barcielaveras@hotmail.com<\/p>\n<p><a href=\"http:\/\/lattes.cnpq.br\/3217333020772503\">Dr\u00aa. Bianca Cristina Ciccone Giacon Arruda<\/a><\/p>\n<p>bianca.giacon@ufms.br<\/p>\n<p><a href=\"http:\/\/lattes.cnpq.br\/8360749016922924\">Dr\u00aa. Bruna Paola Murino Rafacho<\/a><\/p>\n<p>bruna.paola@ufms.br<\/p>\n<p><a href=\"http:\/\/lattes.cnpq.br\/1755784775614821\">Dr\u00aa. Cacilda Tezelli Junqueira Padovani<\/a><\/p>\n<p>cacildajunqueira@hotmail.com<\/p>\n<p><a href=\"http:\/\/lattes.cnpq.br\/9966522246424209\">Dr\u00aa. Camila Medeiros da Silva Mazzeti<\/a><\/p>\n<p>camila.mazzeti@ufms.br<\/p>\n<p><a href=\"http:\/\/lattes.cnpq.br\/6022890585511503\">Dr\u00aa. D\u00e9bora Dupas Gon\u00e7alves do Nascimento<\/a><\/p>\n<p>debora.dupas@fiocruz.br<\/p>\n<p><a href=\"http:\/\/lattes.cnpq.br\/5176816063515705\">Dr\u00aa. Elen Ferraz Teston<\/a><\/p>\n<p>elen.ferraz@ufms.br<\/p>\n<p><a href=\"http:\/\/lattes.cnpq.br\/8971572329625707\">Dr\u00aa. Elenir Rose Jardim Cury<\/a><\/p>\n<p>elenir.cury@ufms.br<\/p>\n<p><a href=\"http:\/\/lattes.cnpq.br\/4940397826682341\">Dr\u00aa. Juliana Arena Galhardo<\/a><\/p>\n<p>juliana.galhardo@ufms.br<\/p>\n<p><a href=\"http:\/\/lattes.cnpq.br\/7446313219167981\">Dr\u00aa. Marli Marques<\/a><\/p>\n<p>marli.marques2008@gmail.com<\/p>\n<p><a href=\"http:\/\/lattes.cnpq.br\/1939287613169489\">Dr\u00aa. Priscila Maria Marcheti Fiorin<\/a><\/p>\n<p>priscila.marcheti@ufms.br<\/p>\n<p><a href=\"http:\/\/lattes.cnpq.br\/9960673535101311\">Dr\u00aa. Renata Palopoli Picoli<\/a><\/p>\n<p>reppicoli@gmail.com<\/p>\n<p>&nbsp;<\/p>\n<p>&nbsp;<\/p>\n","protected":false},"excerpt":{"rendered":"<p>LINHA DE PESQUISA 1 \u2013 Avalia\u00e7\u00e3o de Pol\u00edticas P\u00fablicas em Aten\u00e7\u00e3o Prim\u00e1ria \u00e0 Sa\u00fade Dr\u00aa. Adriane Pires Batiston adriane.batiston@ufms.br Dr. Alcindo Antonio Ferla ferlaalcindo@gmail.com Dr. Alessandro Diogo de Carli alessandro.carli@ufms.br Dr\u00aa. Ana Tereza Gomes Guerrero ana.guerrero@fiocruz.br Dr\u00aa. Andr\u00e9ia Insabralde de Queiroz Cardoso andreia.cardoso@ufms.br Dr. Arthur de Almeida Medeiros arthur.medeiros@ufms.br Dr\u00aa. Mara Lisiane de Moraes dos [&hellip;]<\/p>\n","protected":false},"author":34808,"featured_media":0,"parent":0,"menu_order":0,"comment_status":"closed","ping_status":"closed","template":"","meta":{"footnotes":""},"coauthors":[],"class_list":["post-1492","page","type-page","status-publish","hentry"],"_links":{"self":[{"href":"https:\/\/inisa.ufms.br\/en\/wp-json\/wp\/v2\/pages\/1492","targetHints":{"allow":["GET"]}}],"collection":[{"href":"https:\/\/inisa.ufms.br\/en\/wp-json\/wp\/v2\/pages"}],"about":[{"href":"https:\/\/inisa.ufms.br\/en\/wp-json\/wp\/v2\/types\/page"}],"author":[{"embeddable":true,"href":"https:\/\/inisa.ufms.br\/en\/wp-json\/wp\/v2\/users\/34808"}],"replies":[{"embeddable":true,"href":"https:\/\/inisa.ufms.br\/en\/wp-json\/wp\/v2\/comments?post=1492"}],"version-history":[{"count":20,"href":"https:\/\/inisa.ufms.br\/en\/wp-json\/wp\/v2\/pages\/1492\/revisions"}],"predecessor-version":[{"id":7678,"href":"https:\/\/inisa.ufms.br\/en\/wp-json\/wp\/v2\/pages\/1492\/revisions\/7678"}],"wp:attachment":[{"href":"https:\/\/inisa.ufms.br\/en\/wp-json\/wp\/v2\/media?parent=1492"}],"wp:term":[{"taxonomy":"author","embeddable":true,"href":"https:\/\/inisa.ufms.br\/en\/wp-json\/wp\/v2\/coauthors?post=1492"}],"curies":[{"name":"wp","href":"https:\/\/api.w.org\/{rel}","templated":true}]}}