{"id":1495,"date":"2019-06-03T16:11:01","date_gmt":"2019-06-03T20:11:01","guid":{"rendered":"https:\/\/inisa.ufms.br\/?page_id=1495"},"modified":"2021-03-18T14:08:05","modified_gmt":"2021-03-18T18:08:05","slug":"corpo-discente-ppgsf","status":"publish","type":"page","link":"https:\/\/inisa.ufms.br\/en\/corpo-discente-ppgsf\/","title":{"rendered":"CORPO DISCENTE &#8211; PPGSF"},"content":{"rendered":"<p><strong>Turma &#8211; 2021<\/strong><\/p>\n<p>Adryelle Katheline D&#8217;Elia de Moura<\/p>\n<p>Ana Paula Ribeiro Mijolaro Lagemann<\/p>\n<p>Emerson Andrade Gon\u00e7alves<\/p>\n<p>Fabiane Marques Neves Dittmar Duarte<\/p>\n<p>Francielle Perini Zanatta<\/p>\n<p>Guilherme Arthur Fatini Moreira<\/p>\n<p>Hazelelponi Quer\u00e3 Naumann Cerqueira Leite<\/p>\n<p>Helcia Carla dos Santos Pitombeira<\/p>\n<p>J\u00e9ssica Antonio Ribeiro<\/p>\n<p>Joseane Recalde Demenciano<\/p>\n<p>Joyce Minami<\/p>\n<p>J\u00fanior Cesar de Souza Benedito<\/p>\n<p>Lena Lansttai Bevilaqua Menezes<\/p>\n<p>Luana Cristina Roberto Borges<\/p>\n<p>Marcus Vin\u00edcius Marcelini Silveira Ribeiro<\/p>\n<p>Nilda Maria de Jesus Santos Maurer<\/p>\n<p>Nina Kriss do Amaral Rodrigues<\/p>\n<p>Sacadura Espada Lima Junior<\/p>\n<p>Tais Lima de Deus Esperan\u00e7a<\/p>\n<p>Vanessa Teixeira de Souza Guedes<\/p>\n<p>&nbsp;<\/p>\n<p><strong>Turma &#8211; 2020<\/strong><\/p>\n<p>Alana Gisele Galeano<\/p>\n<p>Aline Paula Klein Coelho<\/p>\n<p>Amanda Regis Furtado<\/p>\n<p>Catiucia Aparecida da Silva<\/p>\n<p>Fabrizia Foletto<\/p>\n<p>Francisca Carla da Silva<\/p>\n<p>Herbert Oliveira Martins<\/p>\n<p>Jackeline Sousa da Silva<\/p>\n<p>Joyce Alves da Cruz<\/p>\n<p>K\u00e1tia Melo Cavalari<\/p>\n<p>Leidiane Soares da Silva<\/p>\n<p>Lesly Lidiane Ledezma Abastoflor<\/p>\n<p>Let\u00edcia Arashiro Tibana<\/p>\n<p>Leticia Silva Paes<\/p>\n<p>N\u00e1dia Cristina de Souza Cordeiro<\/p>\n<p>Patr\u00edcia Aparecida Piva<\/p>\n<p>Simony Portela do Carmo Drumond<\/p>\n<p>Tatiana da Silva Santos Mattos<\/p>\n<p>Williana Rodrigues Rafael Monteiro<\/p>\n<p>&nbsp;<\/p>\n<p><strong>Turma &#8211; 2019<\/strong><\/p>\n<p>Ana\u00edza C\u00e9sar Romero<\/p>\n<p>D\u00e9borah Luziana Marcon de Mello<\/p>\n<p>Ellen Caroline Rodrigues Barretos<\/p>\n<p>Gabriel Valdes<\/p>\n<p>Jader Vasconcelos<\/p>\n<p>Joice Louren\u00e7o da Silva<\/p>\n<p>Kauanne Naysa Alves Pegaiani<\/p>\n<p>Marcelo da Silva Dias<\/p>\n<p>Marcia Naomi Santos Higashijima<\/p>\n<p>Maria Eugenia Faria Tavares<\/p>\n<p>Noeleni de Souza Pinto<\/p>\n<p>N\u00faria Ananda Parron Giacomelli Pereira<\/p>\n<p>P\u00e2mela Karine Bravin<\/p>\n<p>Renato Ferreira de Almeida Zanre<\/p>\n<p>Sa\u00fa Pereira Tavares de Oliveira<\/p>\n<p>&nbsp;<\/p>\n<p><strong>Turma &#8211; 2018<\/strong><\/p>\n<p>Ac\u00e1cia Gimenez Barreto<\/p>\n<p>Amanda Medeiros Gomes<\/p>\n<p>Am\u00e9rico Bas\u00edlio Nogueira<\/p>\n<p>Andr\u00e9a Godoy Pereira<\/p>\n<p>Andressa de Lucca Bento<\/p>\n<p>Daiane de Souza Pupin<\/p>\n<p>Daniela Brostolin da Costa<\/p>\n<p>Danieli Laguna Francisco Martinelli<\/p>\n<p>Kaciane Corr\u00eaa Mochizuke<\/p>\n<p>Leticia de Ara\u00fajo Gomes<\/p>\n<p>Patr\u00edcia Arruda Barros<\/p>\n<p>Pedro Igor Cardozo<\/p>\n<p>Rosemarie Dias Fernandes da Silva<\/p>\n<p>Vanessa Calmont Gusm\u00e3o Gigante<\/p>\n<p>&nbsp;<\/p>\n<p><strong>Turma &#8211; 2017<\/strong><\/p>\n<p>Angelica Fernanda Saraiva Campos<\/p>\n<p>Barbara Toledo Machado de Morais<\/p>\n<p>Deborah Gomes de Miranda Vargas<\/p>\n<p>Erica Carolina Bento Garfinho da Rocha<\/p>\n<p>Halex Mairton Barbosa Gomes e Silva<\/p>\n<p>Ilma Amaral Piemonte de Mello<\/p>\n<p>Luana Viott dos Santos<\/p>\n<p>Marcella Naglis de Oliveira Lima<\/p>\n<p>Moys\u00e9s Martins Tosta Storti<\/p>\n<p>Nadieli Leite Neto de Alvarenga<\/p>\n<p>Patricia Nantes Monteiro<\/p>\n<p>Tatianne dos Santos Perez<\/p>\n<p>Zilda Alves de Souza<\/p>\n<p>&nbsp;<\/p>\n<p><strong>Turma &#8211; 2016<\/strong><\/p>\n<p>Andreia Cezar de Oliveira<\/p>\n<p>Daniele Ferreira de Souza<\/p>\n<p>Daniel Magalh\u00e3es Franco<\/p>\n<p>Gabriela da Silva Crespi Alecio<\/p>\n<p>Gl\u00f3ria de Ara\u00fajo Pereira<\/p>\n<p>Henrique Vieira Pereira<\/p>\n<p>Iraj\u00e1 Pinto Gon\u00e7alves<\/p>\n<p>Isabela Mascaro Martins<\/p>\n<p>Julio C\u00e9sar de Souza<\/p>\n<p>Karina Angelica Alvarenga Ribeiro<\/p>\n<p>Katiucha Mendes de Menezes<\/p>\n<p>Laura Maria Souza de Linhares<\/p>\n<p>Micheli Luize Grenzel<\/p>\n<p>Sandra Cristina de Souza<\/p>\n<p>Wuendel Corsino de Souza<\/p>\n<p>&nbsp;<\/p>\n<p><strong>Turma &#8211; 2015<\/strong><\/p>\n<p>Aline Gangi Turino Battini Basso<\/p>\n<p>Alline Lam Oru\u00e9<\/p>\n<p>Ana Carolina Ametlla Guimar\u00e3es<\/p>\n<p>Andr\u00e9 Luiz Botton<\/p>\n<p>Camila Rodrigues Pacheco<\/p>\n<p>C\u00edntia Juliana da Silva Bettio<\/p>\n<p>Dilene Ebeling Vendramini Duran<\/p>\n<p>\u00c9velyn Gon\u00e7alves de Lima Maeda<\/p>\n<p>Geize Rocha Macedo de Souza<\/p>\n<p>Gilvania Ficagna<\/p>\n<p>Joel Carlos Valcanaia Ferreira<\/p>\n<p>Silvia de Medeiros Vieira<\/p>\n<p>Tha\u00eds Luzio Fernandes<\/p>\n<p>&nbsp;<\/p>\n<p><strong>Turma &#8211; 2014<\/strong><\/p>\n<p>Ana Cristina Gomes de Lima<\/p>\n<p>Chaiane Emilia Dalazen<\/p>\n<p>Cleuzieli Moraes dos Santos<\/p>\n<p>Deuzimar Cordeiro Calado<\/p>\n<p>Elizeu Ferreira da Silva<\/p>\n<p>Fl\u00e1via Gilda Zanetti<\/p>\n<p>Geisa Alessandra Cavalcante de Souza<\/p>\n<p>Joliani Alves de Moraes<\/p>\n<p>Milene da Silva Dantas Silveira<\/p>\n<p>Roseana Soares da Silva<\/p>\n<p>Simone de F\u00e1tima Crispim<\/p>\n<p>Socorro Andrade de Lima Pompilio<\/p>\n<p>Valdirene Silva Pires Macena<\/p>\n<p>Val\u00e9ria Regina Feracini Duenhas Monreal<\/p>\n<p>Zuleica da Silva Tiago<\/p>\n<p>&nbsp;<\/p>\n<p><strong>Turma &#8211; 2013<\/strong><\/p>\n<p>Ana Cristina Bortolasse de Farias<\/p>\n<p>Eduardo Henrique Pereira Sandim<\/p>\n<p>Flavia Claudia Krapiec Jacob de Brito<\/p>\n<p>Jacinta de Fatima Franco Pereira Machado<\/p>\n<p>Jo\u00e3o Donha Nunes<\/p>\n<p>Karine Cavalcante da Costa<\/p>\n<p>L\u00e9ia Conche da Cunha<\/p>\n<p>Leika Aparecida Ishiyama Geniole<\/p>\n<p>Luciane Cordeiro de Lima<\/p>\n<p>Lucimara da Silva Magalh\u00e3es<\/p>\n<p>Michele Batiston Borsoi<\/p>\n<p>Patr\u00edcia Marques Magalh\u00e3es<\/p>\n<p>Roselene Lopes de Oliveira<\/p>\n<p>Rubiana Gambarim da Silva<\/p>\n","protected":false},"excerpt":{"rendered":"<p>Turma &#8211; 2021 Adryelle Katheline D&#8217;Elia de Moura Ana Paula Ribeiro Mijolaro Lagemann Emerson Andrade Gon\u00e7alves Fabiane Marques Neves Dittmar Duarte Francielle Perini Zanatta Guilherme Arthur Fatini Moreira Hazelelponi Quer\u00e3 Naumann Cerqueira Leite Helcia Carla dos Santos Pitombeira J\u00e9ssica Antonio Ribeiro Joseane Recalde Demenciano Joyce Minami J\u00fanior Cesar de Souza Benedito Lena Lansttai Bevilaqua Menezes [&hellip;]<\/p>\n","protected":false},"author":34808,"featured_media":0,"parent":0,"menu_order":0,"comment_status":"closed","ping_status":"closed","template":"","meta":{"footnotes":""},"coauthors":[],"class_list":["post-1495","page","type-page","status-publish","hentry"],"_links":{"self":[{"href":"https:\/\/inisa.ufms.br\/en\/wp-json\/wp\/v2\/pages\/1495","targetHints":{"allow":["GET"]}}],"collection":[{"href":"https:\/\/inisa.ufms.br\/en\/wp-json\/wp\/v2\/pages"}],"about":[{"href":"https:\/\/inisa.ufms.br\/en\/wp-json\/wp\/v2\/types\/page"}],"author":[{"embeddable":true,"href":"https:\/\/inisa.ufms.br\/en\/wp-json\/wp\/v2\/users\/34808"}],"replies":[{"embeddable":true,"href":"https:\/\/inisa.ufms.br\/en\/wp-json\/wp\/v2\/comments?post=1495"}],"version-history":[{"count":14,"href":"https:\/\/inisa.ufms.br\/en\/wp-json\/wp\/v2\/pages\/1495\/revisions"}],"predecessor-version":[{"id":4670,"href":"https:\/\/inisa.ufms.br\/en\/wp-json\/wp\/v2\/pages\/1495\/revisions\/4670"}],"wp:attachment":[{"href":"https:\/\/inisa.ufms.br\/en\/wp-json\/wp\/v2\/media?parent=1495"}],"wp:term":[{"taxonomy":"author","embeddable":true,"href":"https:\/\/inisa.ufms.br\/en\/wp-json\/wp\/v2\/coauthors?post=1495"}],"curies":[{"name":"wp","href":"https:\/\/api.w.org\/{rel}","templated":true}]}}