{"id":1501,"date":"2019-06-03T16:12:40","date_gmt":"2019-06-03T20:12:40","guid":{"rendered":"https:\/\/inisa.ufms.br\/?page_id=1501"},"modified":"2023-02-24T10:12:53","modified_gmt":"2023-02-24T14:12:53","slug":"exame-de-qualificacao-defesa-de-dissertacao-ppgsf","status":"publish","type":"page","link":"https:\/\/inisa.ufms.br\/en\/exame-de-qualificacao-defesa-de-dissertacao-ppgsf\/","title":{"rendered":"EXAME DE QUALIFICA\u00c7\u00c3O \/ DEFESA DE DISSERTA\u00c7\u00c3O PPGSF"},"content":{"rendered":"<p style=\"text-align: center\"><a href=\"https:\/\/inisa.ufms.br\/files\/2019\/06\/teacher-1014048_960_720.jpg\"><img decoding=\"async\" class=\"wp-image-1995 aligncenter\" src=\"https:\/\/inisa.ufms.br\/files\/2019\/06\/teacher-1014048_960_720-300x300.jpg\" alt=\"\" width=\"157\" height=\"157\" \/><\/a><\/p>\n<p style=\"text-align: center\"><strong>&gt;&gt;&gt; Orienta\u00e7\u00f5es para Exame de Qualifica\u00e7\u00e3o e Defesa de Disserta\u00e7\u00e3o &lt;&lt;&lt;<\/strong><\/p>\n<p>&nbsp;<\/p>\n<p style=\"text-align: center\"><strong>CONFORME REGULAMENTO DO PPGSF:<\/strong><\/p>\n<p>CAP\u00cdTULO XI<br \/>\nDA QUALIFICA\u00c7\u00c3O E DA DEFESA<br \/>\nArt. 47. O estudante do Mestrado dever\u00e1 se qualificar, at\u00e9 o prazo m\u00e1ximo de dezoito meses, por meio da apresenta\u00e7\u00e3o dos resultados parciais de sua pesquisa, em relat\u00f3rio de qualifica\u00e7\u00e3o, perante Banca Examinadora.<br \/>\nPar\u00e1grafo \u00fanico. Al\u00e9m da modalidade presencial, a Banca poder\u00e1 ocorrer na modalidade a dist\u00e2ncia.<\/p>\n<p>Art. 48. Para solicitar o Exame de Qualifica\u00e7\u00e3o o estudante dever\u00e1 ter cumprido todos os cr\u00e9ditos em disciplinas obrigat\u00f3rias e optativas.<\/p>\n<p>Art. 49. O Orientador encaminhar\u00e1 \u00e0 Secretaria do Curso, via SEI, com anteced\u00eancia m\u00ednima de quinze dias, o formul\u00e1rio de solicita\u00e7\u00e3o de Exame de Qualifica\u00e7\u00e3o, anexando o arquivo do Relat\u00f3rio de Qualifica\u00e7\u00e3o.<br \/>\n\u00a7 1\u00ba Exclusivamente aos docentes externos a UFMS, a solicita\u00e7\u00e3o de Exame de Qualifica\u00e7\u00e3o se dar\u00e1 pelo e-mail da Coordena\u00e7\u00e3o do Curso, com o envio de toda a documenta\u00e7\u00e3o necess\u00e1ria.<br \/>\n\u00a7 2\u00ba A Banca Examinadora do relat\u00f3rio de Qualifica\u00e7\u00e3o dever\u00e1 ser composta por docentes e\/ou pesquisadores com t\u00edtulo de doutor.<br \/>\n\u00a7 3\u00ba A Banca Examinadora do relat\u00f3rio de Qualifica\u00e7\u00e3o dever\u00e1 ser composta pelo Orientador, que a presidir\u00e1, e por mais dois membros titulares, sendo um membro interno ao Curso e outro externo, e por mais um membro suplente externo.<br \/>\n\u00a7 4\u00ba A apresenta\u00e7\u00e3o do Relat\u00f3rio de Qualifica\u00e7\u00e3o poder\u00e1 ser feita em sess\u00e3o aberta a docentes, estudantes e pesquisadores com atividades relacionadas ao Curso, respeitadas as normas estabelecidas no Regulamento dos Cursos de P\u00f3s-Gradua\u00e7\u00e3o Stricto Sensu da UFMS, mediante anu\u00eancia do Orientador.<br \/>\n\u00a7 5\u00ba A avalia\u00e7\u00e3o ser\u00e1 realizada pelos membros da Banca, com parecer e resultado:<br \/>\nI \u2013 aprova\u00e7\u00e3o; ou<br \/>\nII \u2013 reprova\u00e7\u00e3o.<br \/>\n\u00a7 6\u00ba O estudante reprovado poder\u00e1 realizar novo Exame de Qualifica\u00e7\u00e3o no per\u00edodo m\u00e1ximo de sessenta dias ap\u00f3s o primeiro, observando os prazos para Qualifica\u00e7\u00e3o e Defesa previstos neste Regulamento, sob pena de desligamento do Curso.<\/p>\n<p>Art. 50. O Orientador encaminhar\u00e1 \u00e0 Secretaria do Curso, via SEI, com anteced\u00eancia m\u00ednima de trinta dias, o formul\u00e1rio de solicita\u00e7\u00e3o de Defesa de Disserta\u00e7\u00e3o, anexando o arquivo da disserta\u00e7\u00e3o e os documentos comprobat\u00f3rios dos crit\u00e9rios exigidos para a realiza\u00e7\u00e3o da defesa relacionados no \u00a7 6\u00ba deste artigo.<br \/>\n\u00a7 1\u00ba Exclusivamente aos docentes externos a UFMS, a solicita\u00e7\u00e3o de Defesa de Disserta\u00e7\u00e3o se dar\u00e1 pelo e-mail da Coordena\u00e7\u00e3o do Curso, com o envio de toda a documenta\u00e7\u00e3o necess\u00e1ria.<br \/>\n\u00a7 2\u00ba A Banca Examinadora da Defesa da Disserta\u00e7\u00e3o dever\u00e1 ser composta por docentes e\/ou pesquisadores com t\u00edtulo de doutor.<br \/>\n\u00a7 3\u00ba A Defesa da Disserta\u00e7\u00e3o ser\u00e1 realizada em sess\u00e3o p\u00fablica, ap\u00f3s o terceiro semestre e at\u00e9 o fim do quarto semestre, perante Banca Examinadora que dever\u00e1 ser composta pelo Orientador, que a presidir\u00e1, e por mais dois membros titulares, sendo um membro interno ao Curso, e outro externo, e por mais um membro externo com o t\u00edtulo de doutor.<br \/>\n\u00a7 4\u00ba Entre os membros titulares da Banca de Defesa de Disserta\u00e7\u00e3o, um, obrigatoriamente, dever\u00e1 ter participado do Exame de Qualifica\u00e7\u00e3o como titular.<br \/>\n\u00a7 5\u00ba Al\u00e9m da modalidade presencial, a Banca poder\u00e1 ocorrer na modalidade a dist\u00e2ncia.<br \/>\n\u00a7 6\u00ba S\u00e3o crit\u00e9rios para a realiza\u00e7\u00e3o da Defesa de Disserta\u00e7\u00e3o:<br \/>\nI \u2013 ter sido aprovado no exame de qualifica\u00e7\u00e3o;<br \/>\nII \u2013 ter participado, como ouvinte, de, pelo menos, tr\u00eas Bancas de defesa de disserta\u00e7\u00e3o e\/ou tese; e<br \/>\nIII- ter um artigo oriundo da disserta\u00e7\u00e3o submetido ou aceito em peri\u00f3dico cient\u00edfico com classifica\u00e7\u00e3o m\u00ednima A4, considerando a avalia\u00e7\u00e3o do Qualis Capes.<\/p>\n<p>Art. 51. N\u00e3o poder\u00e3o compor a Banca de Exame de Qualifica\u00e7\u00e3o e\/ou de Defesa de Disserta\u00e7\u00e3o ou de Tese:<br \/>\nI &#8211; c\u00f4njuge ou companheiro do Orientador, mesmo que divorciado ou separado judicialmente; e<br \/>\nII &#8211; ascendente ou descendente do Orientador, at\u00e9 segundo grau, ou colateral at\u00e9 o quarto grau, seja o parentesco por consanguinidade, afinidade ou ado\u00e7\u00e3o.<br \/>\nPar\u00e1grafo \u00fanico. Caso seja observada a indica\u00e7\u00e3o de membros de Banca Examinadora conforme o disposto nos incisos I e II, o Colegiado de Curso n\u00e3o poder\u00e1 aprovar a Banca Examinadora para o Exame de Qualifica\u00e7\u00e3o e\/ou Defesa de Disserta\u00e7\u00e3o ou de Tese.<\/p>\n<p>Art. 52. A sess\u00e3o p\u00fablica de Defesa da Disserta\u00e7\u00e3o obedecer\u00e1 aos seguintes procedimentos:<br \/>\nI \u2013 exposi\u00e7\u00e3o do trabalho pelo estudante, pelo tempo m\u00e1ximo de quarenta minutos para estudantes do mestrado, e de cinquenta minutos para estudantes do doutorado;<br \/>\nII \u2013 argui\u00e7\u00e3o pela Banca, pelo tempo m\u00e1ximo de trinta minutos para cada membro;<br \/>\nIII \u2013 resposta do estudante aos questionamentos e\/ou apontamentos realizados pelos membros da Banca, pelo tempo m\u00e1ximo de vinte minutos;<br \/>\nIV- delibera\u00e7\u00e3o pelos membros da Banca Examinadora, em sess\u00e3o secreta, acerca do conceito final do trabalho; e<br \/>\nV- divulga\u00e7\u00e3o do resultado, pelo presidente da Banca, em sess\u00e3o p\u00fablica.<br \/>\n\u00a7 1\u00ba A avalia\u00e7\u00e3o do trabalho final dever\u00e1 ser feita pelos membros da Banca e resulta em uma das seguintes decis\u00f5es:<br \/>\nI \u2013 aprova\u00e7\u00e3o;<br \/>\nII \u2013 aprova\u00e7\u00e3o com revis\u00e3o; ou<br \/>\nIII \u2013 reprova\u00e7\u00e3o.<br \/>\n\u00a7 2\u00ba No caso de aprova\u00e7\u00e3o com revis\u00e3o, o estudante ter\u00e1 o prazo de vinte dias ap\u00f3s a defesa para envio da nova vers\u00e3o a Banca para aprecia\u00e7\u00e3o e emiss\u00e3o de parecer.<br \/>\n\u00a7 3\u00ba No caso de aprova\u00e7\u00e3o, com ou sem revis\u00e3o, a homologa\u00e7\u00e3o fica condicionada ao dep\u00f3sito do trabalho definitivo no reposit\u00f3rio institucional e envio da vers\u00e3o final \u00e0 Coordena\u00e7\u00e3o do Curso, no prazo de trinta dias.<br \/>\n\u00a7 4\u00ba Ser\u00e1 lavrada, pela Secretaria dos Cursos, Ata circunstanciada da defesa da disserta\u00e7\u00e3o, que dever\u00e1 ser assinada pelos membros da Banca Examinadora.<\/p>\n<p>Art. 53. \u00c9 obrigat\u00f3rio que o termo \u201cEstrat\u00e9gia Sa\u00fade da Fam\u00edlia\u201d seja uma das palavras-chave dos trabalhos acad\u00eamicos, do Relat\u00f3rio de Qualifica\u00e7\u00e3o e da Disserta\u00e7\u00e3o.<\/p>\n<p>Art. 54. Ap\u00f3s a entrega da vers\u00e3o definitiva da Disserta\u00e7\u00e3o, o estudante regular concluinte do Curso, de acordo com o Regulamento dos Cursos de P\u00f3s-Gradua\u00e7\u00e3o Stricto Sensu da UFMS, far\u00e1 jus ao t\u00edtulo de Mestre em Sa\u00fade da Fam\u00edlia pela Funda\u00e7\u00e3o Universidade Federal de Mato Grosso do Sul.<br \/>\nPar\u00e1grafo \u00fanico. O estudante dever\u00e1, at\u00e9 o d\u00e9cimo segundo m\u00eas ap\u00f3s a defesa, enviar a Coordena\u00e7\u00e3o do Curso as publica\u00e7\u00f5es, realizadas em parceria com o Orientador, resultantes da disserta\u00e7\u00e3o.<\/p>\n","protected":false},"excerpt":{"rendered":"<p>&gt;&gt;&gt; Orienta\u00e7\u00f5es para Exame de Qualifica\u00e7\u00e3o e Defesa de Disserta\u00e7\u00e3o &lt;&lt;&lt; &nbsp; CONFORME REGULAMENTO DO PPGSF: CAP\u00cdTULO XI DA QUALIFICA\u00c7\u00c3O E DA DEFESA Art. 47. O estudante do Mestrado dever\u00e1 se qualificar, at\u00e9 o prazo m\u00e1ximo de dezoito meses, por meio da apresenta\u00e7\u00e3o dos resultados parciais de sua pesquisa, em relat\u00f3rio de qualifica\u00e7\u00e3o, perante Banca [&hellip;]<\/p>\n","protected":false},"author":34808,"featured_media":0,"parent":0,"menu_order":0,"comment_status":"closed","ping_status":"closed","template":"","meta":{"footnotes":""},"coauthors":[],"class_list":["post-1501","page","type-page","status-publish","hentry"],"_links":{"self":[{"href":"https:\/\/inisa.ufms.br\/en\/wp-json\/wp\/v2\/pages\/1501","targetHints":{"allow":["GET"]}}],"collection":[{"href":"https:\/\/inisa.ufms.br\/en\/wp-json\/wp\/v2\/pages"}],"about":[{"href":"https:\/\/inisa.ufms.br\/en\/wp-json\/wp\/v2\/types\/page"}],"author":[{"embeddable":true,"href":"https:\/\/inisa.ufms.br\/en\/wp-json\/wp\/v2\/users\/34808"}],"replies":[{"embeddable":true,"href":"https:\/\/inisa.ufms.br\/en\/wp-json\/wp\/v2\/comments?post=1501"}],"version-history":[{"count":11,"href":"https:\/\/inisa.ufms.br\/en\/wp-json\/wp\/v2\/pages\/1501\/revisions"}],"predecessor-version":[{"id":7558,"href":"https:\/\/inisa.ufms.br\/en\/wp-json\/wp\/v2\/pages\/1501\/revisions\/7558"}],"wp:attachment":[{"href":"https:\/\/inisa.ufms.br\/en\/wp-json\/wp\/v2\/media?parent=1501"}],"wp:term":[{"taxonomy":"author","embeddable":true,"href":"https:\/\/inisa.ufms.br\/en\/wp-json\/wp\/v2\/coauthors?post=1501"}],"curies":[{"name":"wp","href":"https:\/\/api.w.org\/{rel}","templated":true}]}}