{"id":1529,"date":"2019-06-03T16:15:39","date_gmt":"2019-06-03T20:15:39","guid":{"rendered":"https:\/\/inisa.ufms.br\/?page_id=1529"},"modified":"2023-08-23T10:51:06","modified_gmt":"2023-08-23T14:51:06","slug":"arquivos-para-download-ppgsf","status":"publish","type":"page","link":"https:\/\/inisa.ufms.br\/en\/arquivos-para-download-ppgsf\/","title":{"rendered":"ARQUIVOS PARA DOWNLOAD &#8211; PPGSF"},"content":{"rendered":"<p><strong>Solicita\u00e7\u00e3o de matr\u00edcula fora de prazo<\/strong><\/p>\n[gview file=&#8221;https:\/\/inisa.ufms.br\/files\/2019\/07\/PPGSF-Solicita\u00e7\u00e3o-de-matr\u00edcula-fora-de-prazo-Mestrado-Inisa.doc&#8221;]\n<p>&nbsp;<\/p>\n<p><strong>Cancelamento de matr\u00edcula<\/strong><\/p>\n[gview file=&#8221;https:\/\/inisa.ufms.br\/files\/2019\/07\/PPGSF-Cancelamento-de-matr\u00edcula-Mestrado-Inisa.doc&#8221;]\n<p>&nbsp;<\/p>\n<p><strong>Agendamento de Qualifica\u00e7\u00e3o e Defesa<\/strong><\/p>\n[gview file=&#8221;https:\/\/inisa.ufms.br\/files\/2023\/02\/Agendamento-de-Qualificacao-e-Defesa-Mestrado-Inisa.doc&#8221;]\n<p>&nbsp;<\/p>\n<p><strong>Solicita\u00e7\u00e3o de Prorroga\u00e7\u00e3o de prazo<\/strong><\/p>\n[gview file=&#8221;https:\/\/inisa.ufms.br\/files\/2019\/07\/PPGSF-Solicita\u00e7\u00e3o-Prorroga\u00e7\u00e3o-de-prazo-Mestrado-Inisa.doc&#8221;]\n<p>&nbsp;<\/p>\n<p><strong>Formul\u00e1rio &#8211; Projeto de Pesquisa<\/strong><\/p>\n[gview file=&#8221;https:\/\/inisa.ufms.br\/files\/2019\/07\/PPGSF-Formul\u00e1rio-Projeto-de-Pesquisa-Mestrado-Inisa.doc&#8221;]\n<p>&nbsp;<\/p>\n<p><strong>Ficha de Comparecimento em Defesa<\/strong><\/p>\n[gview file=&#8221;https:\/\/inisa.ufms.br\/files\/2019\/07\/PPGSF-Ficha-de-Comparecimento-em-Defesa-Mestrado-Inisa.doc&#8221;]\n<p>&nbsp;<\/p>\n<p><strong>Inclus\u00e3o de Coorientador<\/strong><\/p>\n[gview file=&#8221;https:\/\/inisa.ufms.br\/files\/2023\/02\/PPGSF-Inclusao-de-coorientador-Mestrado-Inisa.doc&#8221;]\n<p>&nbsp;<\/p>\n<p><strong>Solicita\u00e7\u00e3o &#8211; Aproveitamento de cr\u00e9ditos<\/strong><\/p>\n[gview file=&#8221;https:\/\/inisa.ufms.br\/files\/2019\/06\/Solicita\u00e7\u00e3o-Aproveitamento-de-cr\u00e9ditos-Mestrado-Inisa.doc&#8221;]\n<p>&nbsp;<\/p>\n<p><strong>Termo e Modelo &#8211; Reposit\u00f3rio Institucional<\/strong><\/p>\n[gview file=&#8221;https:\/\/inisa.ufms.br\/files\/2019\/06\/Termo-e-Modelo-Reposit\u00f3rio.pdf&#8221;]\n<p>&nbsp;<\/p>\n<p><strong>Registro de Diploma &#8211; Requerimento de Urg\u00eancia<\/strong><\/p>\n[gview file=&#8221;https:\/\/inisa.ufms.br\/files\/2019\/06\/Registro-de-Diploma-Requerimento-de-Urg\u00eancia.docx&#8221;]\n<p>&nbsp;<\/p>\n<p><strong>Declara\u00e7\u00e3o de Comparecimento\u00a0<\/strong><\/p>\n[gview file=&#8221;https:\/\/inisa.ufms.br\/files\/2023\/03\/DECLARACAO-DE-COMPARECIMENTO-MSF-1-2.doc&#8221;]\n<p>&nbsp;<\/p>\n<p><strong>Requerimento Geral<\/strong><\/p>\n[gview file=&#8221;https:\/\/inisa.ufms.br\/files\/2023\/08\/Requerimento-Geral.docx&#8221;]\n","protected":false},"excerpt":{"rendered":"<p>Solicita\u00e7\u00e3o de matr\u00edcula fora de prazo [gview file=&#8221;https:\/\/inisa.ufms.br\/files\/2019\/07\/PPGSF-Solicita\u00e7\u00e3o-de-matr\u00edcula-fora-de-prazo-Mestrado-Inisa.doc&#8221;] &nbsp; Cancelamento de matr\u00edcula [gview file=&#8221;https:\/\/inisa.ufms.br\/files\/2019\/07\/PPGSF-Cancelamento-de-matr\u00edcula-Mestrado-Inisa.doc&#8221;] &nbsp; Agendamento de Qualifica\u00e7\u00e3o e Defesa [gview file=&#8221;https:\/\/inisa.ufms.br\/files\/2023\/02\/Agendamento-de-Qualificacao-e-Defesa-Mestrado-Inisa.doc&#8221;] &nbsp; Solicita\u00e7\u00e3o de Prorroga\u00e7\u00e3o de prazo [gview file=&#8221;https:\/\/inisa.ufms.br\/files\/2019\/07\/PPGSF-Solicita\u00e7\u00e3o-Prorroga\u00e7\u00e3o-de-prazo-Mestrado-Inisa.doc&#8221;] &nbsp; Formul\u00e1rio &#8211; Projeto de Pesquisa [gview file=&#8221;https:\/\/inisa.ufms.br\/files\/2019\/07\/PPGSF-Formul\u00e1rio-Projeto-de-Pesquisa-Mestrado-Inisa.doc&#8221;] &nbsp; Ficha de Comparecimento em Defesa [gview file=&#8221;https:\/\/inisa.ufms.br\/files\/2019\/07\/PPGSF-Ficha-de-Comparecimento-em-Defesa-Mestrado-Inisa.doc&#8221;] &nbsp; Inclus\u00e3o de Coorientador [gview file=&#8221;https:\/\/inisa.ufms.br\/files\/2023\/02\/PPGSF-Inclusao-de-coorientador-Mestrado-Inisa.doc&#8221;] &nbsp; Solicita\u00e7\u00e3o &#8211; [&hellip;]<\/p>\n","protected":false},"author":34808,"featured_media":0,"parent":0,"menu_order":0,"comment_status":"closed","ping_status":"closed","template":"","meta":{"footnotes":""},"coauthors":[],"class_list":["post-1529","page","type-page","status-publish","hentry"],"_links":{"self":[{"href":"https:\/\/inisa.ufms.br\/en\/wp-json\/wp\/v2\/pages\/1529","targetHints":{"allow":["GET"]}}],"collection":[{"href":"https:\/\/inisa.ufms.br\/en\/wp-json\/wp\/v2\/pages"}],"about":[{"href":"https:\/\/inisa.ufms.br\/en\/wp-json\/wp\/v2\/types\/page"}],"author":[{"embeddable":true,"href":"https:\/\/inisa.ufms.br\/en\/wp-json\/wp\/v2\/users\/34808"}],"replies":[{"embeddable":true,"href":"https:\/\/inisa.ufms.br\/en\/wp-json\/wp\/v2\/comments?post=1529"}],"version-history":[{"count":26,"href":"https:\/\/inisa.ufms.br\/en\/wp-json\/wp\/v2\/pages\/1529\/revisions"}],"predecessor-version":[{"id":7976,"href":"https:\/\/inisa.ufms.br\/en\/wp-json\/wp\/v2\/pages\/1529\/revisions\/7976"}],"wp:attachment":[{"href":"https:\/\/inisa.ufms.br\/en\/wp-json\/wp\/v2\/media?parent=1529"}],"wp:term":[{"taxonomy":"author","embeddable":true,"href":"https:\/\/inisa.ufms.br\/en\/wp-json\/wp\/v2\/coauthors?post=1529"}],"curies":[{"name":"wp","href":"https:\/\/api.w.org\/{rel}","templated":true}]}}