{"id":1534,"date":"2019-06-03T16:15:50","date_gmt":"2019-06-03T20:15:50","guid":{"rendered":"https:\/\/inisa.ufms.br\/?page_id=1534"},"modified":"2021-07-15T09:53:03","modified_gmt":"2021-07-15T13:53:03","slug":"contato-ppgsf","status":"publish","type":"page","link":"https:\/\/inisa.ufms.br\/en\/contato-ppgsf\/","title":{"rendered":"CONTATO &#8211; PPGSF"},"content":{"rendered":"<p><strong>Secretaria &#8211; P\u00f3s-Gradua\u00e7\u00e3o em\u00a0Sa\u00fade da Fam\u00edlia\u00a0&#8211; Curso de Mestrado Profissional (UFMS)<\/strong><\/p>\n<p>E-mail: ppgsf.inisa@ufms.br<\/p>\n<p>Telefone: (67) 3345-7356<\/p>\n<p>&nbsp;<\/p>\n","protected":false},"excerpt":{"rendered":"<p>Secretaria &#8211; P\u00f3s-Gradua\u00e7\u00e3o em\u00a0Sa\u00fade da Fam\u00edlia\u00a0&#8211; Curso de Mestrado Profissional (UFMS) E-mail: ppgsf.inisa@ufms.br Telefone: (67) 3345-7356 &nbsp;<\/p>\n","protected":false},"author":34808,"featured_media":0,"parent":0,"menu_order":0,"comment_status":"closed","ping_status":"closed","template":"","meta":{"footnotes":""},"coauthors":[],"class_list":["post-1534","page","type-page","status-publish","hentry"],"_links":{"self":[{"href":"https:\/\/inisa.ufms.br\/en\/wp-json\/wp\/v2\/pages\/1534","targetHints":{"allow":["GET"]}}],"collection":[{"href":"https:\/\/inisa.ufms.br\/en\/wp-json\/wp\/v2\/pages"}],"about":[{"href":"https:\/\/inisa.ufms.br\/en\/wp-json\/wp\/v2\/types\/page"}],"author":[{"embeddable":true,"href":"https:\/\/inisa.ufms.br\/en\/wp-json\/wp\/v2\/users\/34808"}],"replies":[{"embeddable":true,"href":"https:\/\/inisa.ufms.br\/en\/wp-json\/wp\/v2\/comments?post=1534"}],"version-history":[{"count":5,"href":"https:\/\/inisa.ufms.br\/en\/wp-json\/wp\/v2\/pages\/1534\/revisions"}],"predecessor-version":[{"id":5158,"href":"https:\/\/inisa.ufms.br\/en\/wp-json\/wp\/v2\/pages\/1534\/revisions\/5158"}],"wp:attachment":[{"href":"https:\/\/inisa.ufms.br\/en\/wp-json\/wp\/v2\/media?parent=1534"}],"wp:term":[{"taxonomy":"author","embeddable":true,"href":"https:\/\/inisa.ufms.br\/en\/wp-json\/wp\/v2\/coauthors?post=1534"}],"curies":[{"name":"wp","href":"https:\/\/api.w.org\/{rel}","templated":true}]}}