{"id":1561,"date":"2019-06-03T16:42:16","date_gmt":"2019-06-03T20:42:16","guid":{"rendered":"https:\/\/inisa.ufms.br\/?page_id=1561"},"modified":"2021-03-11T17:26:05","modified_gmt":"2021-03-11T21:26:05","slug":"o-curso-ppgsf","status":"publish","type":"page","link":"https:\/\/inisa.ufms.br\/en\/o-curso-ppgsf\/","title":{"rendered":"O CURSO &#8211; PPGSF"},"content":{"rendered":"<h2><strong>Sobre o Programa<\/strong><\/h2>\n<p>O Curso de Mestrado Profissional em Sa\u00fade da Fam\u00edlia, com \u00e1rea de concentra\u00e7\u00e3o em Sa\u00fade da Fam\u00edlia \u00e9 vinculado ao Instituto Integrado de Sa\u00fade (INISA), da Funda\u00e7\u00e3o Universidade Federal de Mato Grosso do Sul.<\/p>\n<p>O Curso funciona na modalidade semipresencial e \u00e9 organizado no modelo interdisciplinar de ensino, pesquisa e orienta\u00e7\u00e3o.<\/p>\n<p>O prazo m\u00ednimo para a conclus\u00e3o do Mestrado \u00e9 de doze meses, e o m\u00e1ximo \u00e9 de vinte e quatro meses, podendo ser prorrogado em at\u00e9 seis meses, condicionado \u00e0 aprova\u00e7\u00e3o do Colegiado de Curso.<\/p>\n<h2><strong>\u00c1rea de\u00a0Concentra\u00e7\u00e3o<\/strong><\/h2>\n<ul>\n<li>Sa\u00fade da Fam\u00edlia.<\/li>\n<\/ul>\n<h2><strong>Linhas de Pesquisa<\/strong><\/h2>\n<ul>\n<li>Avalia\u00e7\u00e3o de Pol\u00edticas P\u00fablicas em Aten\u00e7\u00e3o Prim\u00e1ria \u00e0 Sa\u00fade: contempla a produ\u00e7\u00e3o de saberes e pr\u00e1ticas avaliativas que abordem modelos interdisciplinares em preven\u00e7\u00e3o de doen\u00e7as e promo\u00e7\u00e3o da sa\u00fade, tendo como foco a APS\/ESF, estudos que investiguem processos, resultados e\/ou impacto de pol\u00edticas p\u00fablicas, a\u00e7\u00f5es e programas no campo de pr\u00e1ticas APS\/ESF.<\/li>\n<li>Diagn\u00f3sticos Locais e Aten\u00e7\u00e3o \u00e0 Sa\u00fade da Fam\u00edlia: contempla ferramentas anal\u00edticas para o diagn\u00f3stico de necessidades, demandas e utiliza\u00e7\u00e3o dos servi\u00e7os de aten\u00e7\u00e3o prim\u00e1ria \u00e0 sa\u00fade; estudos sobre a resolutividade de pr\u00e1ticas de sa\u00fade; pesquisas descritivas e anal\u00edticas da multicausalidade do processo sa\u00fade-doen\u00e7a e do conjunto de conhecimentos envolvidos na formula\u00e7\u00e3o e reorganiza\u00e7\u00e3o dos modelos, tecnologias e pr\u00e1ticas de aten\u00e7\u00e3o \u00e0 sa\u00fade, no \u00e2mbito da aten\u00e7\u00e3o b\u00e1sica, com foco na Estrat\u00e9gia Sa\u00fade da Fam\u00edlia.<\/li>\n<\/ul>\n<h2><strong>Objetivos<\/strong><\/h2>\n<p>O objetivo do Curso \u00e9 promover a capacita\u00e7\u00e3o t\u00e9cnico-profissional, docente ou de pesquisa em Aten\u00e7\u00e3o Prim\u00e1ria em Sa\u00fade (APS), com aprofundamento de conhecimentos e t\u00e9cnicas de pesquisa cient\u00edfica, acad\u00eamica ou art\u00edstica, bem como o desenvolvimento de habilidades para executar pesquisas operacionais e desenvolver processos, produtos e metodologias na \u00e1rea.<\/p>\n<p><a href=\"https:\/\/inisa.ufms.br\/files\/2020\/07\/Logo-editPPGSF.jpg\"><img decoding=\"async\" class=\"wp-image-3618 alignnone\" src=\"https:\/\/inisa.ufms.br\/files\/2020\/07\/Logo-editPPGSF-300x193.jpg\" alt=\"\" width=\"233\" height=\"150\" srcset=\"https:\/\/inisa.ufms.br\/files\/2020\/07\/Logo-editPPGSF-300x193.jpg 300w, https:\/\/inisa.ufms.br\/files\/2020\/07\/Logo-editPPGSF-498x320.jpg 498w, https:\/\/inisa.ufms.br\/files\/2020\/07\/Logo-editPPGSF.jpg 626w\" sizes=\"(max-width: 233px) 100vw, 233px\" \/><\/a>\u00a0 \u00a0 \u00a0 \u00a0 \u00a0 \u00a0 \u00a0 \u00a0 \u00a0 \u00a0 \u00a0 \u00a0 \u00a0 \u00a0 \u00a0 \u00a0 \u00a0 \u00a0 \u00a0 \u00a0 \u00a0 \u00a0 \u00a0 \u00a0 \u00a0 \u00a0 \u00a0 \u00a0 \u00a0 \u00a0 \u00a0 \u00a0 \u00a0 \u00a0 \u00a0 \u00a0 \u00a0 \u00a0 \u00a0 \u00a0 \u00a0 \u00a0 \u00a0 \u00a0 \u00a0 \u00a0 \u00a0 \u00a0 \u00a0 \u00a0 <img decoding=\"async\" class=\"wp-image-1814 alignnone\" src=\"https:\/\/inisa.ufms.br\/files\/2017\/07\/ufms_logo_negativo_assinatura_vertical_rgb-300x300.png\" alt=\"\" width=\"143\" height=\"143\" srcset=\"https:\/\/inisa.ufms.br\/files\/2017\/07\/ufms_logo_negativo_assinatura_vertical_rgb-300x300.png 300w, https:\/\/inisa.ufms.br\/files\/2017\/07\/ufms_logo_negativo_assinatura_vertical_rgb-150x150.png 150w, https:\/\/inisa.ufms.br\/files\/2017\/07\/ufms_logo_negativo_assinatura_vertical_rgb-768x772.png 768w, https:\/\/inisa.ufms.br\/files\/2017\/07\/ufms_logo_negativo_assinatura_vertical_rgb-1019x1024.png 1019w, https:\/\/inisa.ufms.br\/files\/2017\/07\/ufms_logo_negativo_assinatura_vertical_rgb-318x320.png 318w, https:\/\/inisa.ufms.br\/files\/2017\/07\/ufms_logo_negativo_assinatura_vertical_rgb.png 1596w\" sizes=\"(max-width: 143px) 100vw, 143px\" \/><\/p>\n","protected":false},"excerpt":{"rendered":"<p>Sobre o Programa O Curso de Mestrado Profissional em Sa\u00fade da Fam\u00edlia, com \u00e1rea de concentra\u00e7\u00e3o em Sa\u00fade da Fam\u00edlia \u00e9 vinculado ao Instituto Integrado de Sa\u00fade (INISA), da Funda\u00e7\u00e3o Universidade Federal de Mato Grosso do Sul. O Curso funciona na modalidade semipresencial e \u00e9 organizado no modelo interdisciplinar de ensino, pesquisa e orienta\u00e7\u00e3o. O [&hellip;]<\/p>\n","protected":false},"author":34808,"featured_media":0,"parent":0,"menu_order":0,"comment_status":"closed","ping_status":"closed","template":"","meta":{"footnotes":""},"coauthors":[],"class_list":["post-1561","page","type-page","status-publish","hentry"],"_links":{"self":[{"href":"https:\/\/inisa.ufms.br\/en\/wp-json\/wp\/v2\/pages\/1561","targetHints":{"allow":["GET"]}}],"collection":[{"href":"https:\/\/inisa.ufms.br\/en\/wp-json\/wp\/v2\/pages"}],"about":[{"href":"https:\/\/inisa.ufms.br\/en\/wp-json\/wp\/v2\/types\/page"}],"author":[{"embeddable":true,"href":"https:\/\/inisa.ufms.br\/en\/wp-json\/wp\/v2\/users\/34808"}],"replies":[{"embeddable":true,"href":"https:\/\/inisa.ufms.br\/en\/wp-json\/wp\/v2\/comments?post=1561"}],"version-history":[{"count":13,"href":"https:\/\/inisa.ufms.br\/en\/wp-json\/wp\/v2\/pages\/1561\/revisions"}],"predecessor-version":[{"id":4613,"href":"https:\/\/inisa.ufms.br\/en\/wp-json\/wp\/v2\/pages\/1561\/revisions\/4613"}],"wp:attachment":[{"href":"https:\/\/inisa.ufms.br\/en\/wp-json\/wp\/v2\/media?parent=1561"}],"wp:term":[{"taxonomy":"author","embeddable":true,"href":"https:\/\/inisa.ufms.br\/en\/wp-json\/wp\/v2\/coauthors?post=1561"}],"curies":[{"name":"wp","href":"https:\/\/api.w.org\/{rel}","templated":true}]}}