{"id":1592,"date":"2019-06-04T08:31:54","date_gmt":"2019-06-04T12:31:54","guid":{"rendered":"https:\/\/inisa.ufms.br\/?page_id=1592"},"modified":"2021-03-11T17:35:25","modified_gmt":"2021-03-11T21:35:25","slug":"atestado-de-matricula-ppgsf","status":"publish","type":"page","link":"https:\/\/inisa.ufms.br\/en\/atestado-de-matricula-ppgsf\/","title":{"rendered":"ATESTADO DE MATR\u00cdCULA &#8211; PPGSF"},"content":{"rendered":"<p style=\"text-align: center\"><strong>Tutorial para a emiss\u00e3o de documentos pelo Portal da P\u00f3s-Gradua\u00e7\u00e3o:<\/strong><\/p>\n<p style=\"text-align: center\"><strong> <a href=\"https:\/\/inisa.ufms.br\/files\/2021\/03\/SEI_23104.018918_2019_61-3.pdf\">&gt;&gt;&gt;CLIQUE AQUI&lt;&lt;&lt;<\/a><\/strong><\/p>\n","protected":false},"excerpt":{"rendered":"<p>Tutorial para a emiss\u00e3o de documentos pelo Portal da P\u00f3s-Gradua\u00e7\u00e3o: &gt;&gt;&gt;CLIQUE AQUI&lt;&lt;&lt;<\/p>\n","protected":false},"author":34808,"featured_media":0,"parent":0,"menu_order":0,"comment_status":"closed","ping_status":"closed","template":"","meta":{"footnotes":""},"coauthors":[],"class_list":["post-1592","page","type-page","status-publish","hentry"],"_links":{"self":[{"href":"https:\/\/inisa.ufms.br\/en\/wp-json\/wp\/v2\/pages\/1592","targetHints":{"allow":["GET"]}}],"collection":[{"href":"https:\/\/inisa.ufms.br\/en\/wp-json\/wp\/v2\/pages"}],"about":[{"href":"https:\/\/inisa.ufms.br\/en\/wp-json\/wp\/v2\/types\/page"}],"author":[{"embeddable":true,"href":"https:\/\/inisa.ufms.br\/en\/wp-json\/wp\/v2\/users\/34808"}],"replies":[{"embeddable":true,"href":"https:\/\/inisa.ufms.br\/en\/wp-json\/wp\/v2\/comments?post=1592"}],"version-history":[{"count":7,"href":"https:\/\/inisa.ufms.br\/en\/wp-json\/wp\/v2\/pages\/1592\/revisions"}],"predecessor-version":[{"id":4616,"href":"https:\/\/inisa.ufms.br\/en\/wp-json\/wp\/v2\/pages\/1592\/revisions\/4616"}],"wp:attachment":[{"href":"https:\/\/inisa.ufms.br\/en\/wp-json\/wp\/v2\/media?parent=1592"}],"wp:term":[{"taxonomy":"author","embeddable":true,"href":"https:\/\/inisa.ufms.br\/en\/wp-json\/wp\/v2\/coauthors?post=1592"}],"curies":[{"name":"wp","href":"https:\/\/api.w.org\/{rel}","templated":true}]}}