{"id":1644,"date":"2019-06-04T10:34:48","date_gmt":"2019-06-04T14:34:48","guid":{"rendered":"https:\/\/inisa.ufms.br\/?page_id=1644"},"modified":"2025-07-10T14:05:16","modified_gmt":"2025-07-10T18:05:16","slug":"aos-estudantes","status":"publish","type":"page","link":"https:\/\/inisa.ufms.br\/en\/pagina-inicial\/aos-estudantes\/","title":{"rendered":"Aos Estudantes"},"content":{"rendered":"<p><a href=\"https:\/\/prograd.ufms.br\/requerimento-academico\/\" target=\"_blank\" rel=\"noopener noreferrer\">Requerimento\u00a0Acad\u00eamico<\/a><\/p>\n<p><a href=\"https:\/\/inisa.ufms.br\/pagina-inicial\/enfermagem\/apoio-ao-estudante\/\" target=\"_blank\" rel=\"noopener noreferrer\">Apoio ao Estudante<\/a><\/p>\n<p><a href=\"https:\/\/agetic.ufms.br\/?servico=rede-sem-fio-eduroam#:~:text=Para%20obter%20acesso%2C%20primeiramente%20o,.ufms.br%2Fredesemfio.&amp;text=Discentes%2C%20Servidores%2C%20Terceirizados%2C%20Docentes,e%20Visitantes%2C%20Pesquisadores%20e%20Residentes.\">Acesso ao Wi-fi<\/a><\/p>\n<p><a href=\"https:\/\/www.ufms.br\/aluno\/passe-estudantil\/\" target=\"_blank\" rel=\"noopener noreferrer\">Passe Estudantil<\/a><\/p>\n<p><a href=\"https:\/\/www.ufms.br\/aluno\/transporte\/\" target=\"_blank\" rel=\"noopener noreferrer\">Linhas de \u00d4nibus<\/a><\/p>\n<p><a href=\"https:\/\/proaes.ufms.br\/identidade\/\" target=\"_blank\" rel=\"noopener noreferrer\">Carteirinha do Estudante<\/a><\/p>\n<p><a href=\"http:\/\/bibliotecas.ufms.br\/\" target=\"_blank\" rel=\"noopener noreferrer\">Biblioteca<\/a><\/p>\n<p><a href=\"https:\/\/sei.ufms.br\/sei\/controlador_externo.php?acao=usuario_externo_enviar_cadastro&amp;acao_origem=usuario_externo_avisar_cadastro&amp;id_orgao_acesso_externo=0\" target=\"_blank\" rel=\"noopener noreferrer\">Cadastro de Usu\u00e1rio Externo &#8211; SEI<\/a><\/p>\n","protected":false},"excerpt":{"rendered":"<p>Requerimento\u00a0Acad\u00eamico Apoio ao Estudante Acesso ao Wi-fi Passe Estudantil Linhas de \u00d4nibus Carteirinha do Estudante Biblioteca Cadastro de Usu\u00e1rio Externo &#8211; SEI<\/p>\n","protected":false},"author":1485,"featured_media":0,"parent":20,"menu_order":0,"comment_status":"closed","ping_status":"closed","template":"","meta":{"footnotes":""},"coauthors":[37],"class_list":["post-1644","page","type-page","status-publish","hentry"],"_links":{"self":[{"href":"https:\/\/inisa.ufms.br\/en\/wp-json\/wp\/v2\/pages\/1644","targetHints":{"allow":["GET"]}}],"collection":[{"href":"https:\/\/inisa.ufms.br\/en\/wp-json\/wp\/v2\/pages"}],"about":[{"href":"https:\/\/inisa.ufms.br\/en\/wp-json\/wp\/v2\/types\/page"}],"author":[{"embeddable":true,"href":"https:\/\/inisa.ufms.br\/en\/wp-json\/wp\/v2\/users\/1485"}],"replies":[{"embeddable":true,"href":"https:\/\/inisa.ufms.br\/en\/wp-json\/wp\/v2\/comments?post=1644"}],"version-history":[{"count":10,"href":"https:\/\/inisa.ufms.br\/en\/wp-json\/wp\/v2\/pages\/1644\/revisions"}],"predecessor-version":[{"id":8903,"href":"https:\/\/inisa.ufms.br\/en\/wp-json\/wp\/v2\/pages\/1644\/revisions\/8903"}],"up":[{"embeddable":true,"href":"https:\/\/inisa.ufms.br\/en\/wp-json\/wp\/v2\/pages\/20"}],"wp:attachment":[{"href":"https:\/\/inisa.ufms.br\/en\/wp-json\/wp\/v2\/media?parent=1644"}],"wp:term":[{"taxonomy":"author","embeddable":true,"href":"https:\/\/inisa.ufms.br\/en\/wp-json\/wp\/v2\/coauthors?post=1644"}],"curies":[{"name":"wp","href":"https:\/\/api.w.org\/{rel}","templated":true}]}}