{"id":203,"date":"2017-11-07T10:13:17","date_gmt":"2017-11-07T13:13:17","guid":{"rendered":"https:\/\/inisa.ufms.br\/?page_id=203"},"modified":"2025-12-16T16:32:50","modified_gmt":"2025-12-16T20:32:50","slug":"regulamentos","status":"publish","type":"page","link":"https:\/\/inisa.ufms.br\/en\/pagina-inicial\/fisioterapia\/regulamentos\/","title":{"rendered":"Regulamentos"},"content":{"rendered":"<p><a href=\"https:\/\/inisa.ufms.br\/files\/2025\/12\/1290_Cograd.pdf\"><strong>Projeto Pedag\u00f3gico do Curso (2025)<\/strong><\/a><\/p>\n<p>&nbsp;<\/p>\n<p><a href=\"https:\/\/inisa.ufms.br\/files\/2023\/07\/RESOLUCAO-CGB_FIS_INISA-n-161-de-26-07-2023.pdf\"><strong>Regulamento das Atividades Complementares de Ensino do Curso de Gradua\u00e7\u00e3o em Fisioterapia<\/strong><\/a><\/p>\n<p><a href=\"https:\/\/inisa.ufms.br\/files\/2022\/04\/RESOLUCAO-CAS_INISA-n-262-de-17-05-2021.pdf\"><strong>Regulamento da Comiss\u00e3o de Est\u00e1gio (COE) e do Est\u00e1gio do Curso de Gradua\u00e7\u00e3o em Fisioterapia<\/strong><\/a><\/p>\n<p><a href=\"https:\/\/inisa.ufms.br\/files\/2022\/02\/RESOLUCAO-COGRAD-n-430-de-16-12-2021-Aprova-o-Regulamento-dos-Cursos-de-Graduacao-da-UFMS.pdf\"><strong>Regulamento dos Cursos de Gradua\u00e7\u00e3o\u00a0<\/strong><\/a><\/p>\n<p><strong><a href=\"https:\/\/inisa.ufms.br\/files\/2022\/02\/RESOLUCAO-No-149-COUN.UFMS-DE-7-DE-DEZEMBRO-DE-2021._Aprova-o-Regimento-Interno-dos-Colegiados-de-Curso-da-UFMS.pdf\">Regimento Interno dos Colegiados de Curso<\/a><\/strong><\/p>\n<h3><strong>NDE e Comiss\u00f5es<\/strong><\/h3>\n<p><a href=\"https:\/\/inisa.ufms.br\/files\/2022\/03\/PORTARIA-INISA-n-24-de-28-03-2022.pdf\"><span data-uw-styling-context=\"true\"><strong data-uw-styling-context=\"true\">Portaria Inisa n\u00ba 24\/2022 \u2013 N\u00facleo Docente Estruturante<\/strong><\/span><\/a><\/p>\n<p><a href=\"https:\/\/inisa.ufms.br\/files\/2024\/04\/RES841-BO-ad-referendum-coe-fisio.pdf\"><strong>Resolu\u00e7\u00e3o n\u00ba 841-CAS\/Inisa\/UFMS \u2013 Comiss\u00e3o de Est\u00e1gio<\/strong><\/a><\/p>\n<p><a href=\"https:\/\/inisa.ufms.br\/files\/2022\/04\/RESOLUCAO-CGB_FIS_INISA-n-104-de-08-04-2022.pdf\"><strong>Resolu\u00e7\u00e3o n\u00ba 104-CGB\/FIS\/Inisa\/UFMS \u2013 Comiss\u00e3o de Atividades Complementares<\/strong><\/a><\/p>\n<p><a href=\"https:\/\/inisa.ufms.br\/files\/2022\/04\/RESOLUCAO-CGB_FIS_INISA-n-106-de-08-04-2022.pdf\"><strong>Resolu\u00e7\u00e3o n\u00ba 106-CGB\/FIS\/Inisa\/UFMS \u2013 Comiss\u00e3o de Trabalho de Conclus\u00e3o de Curso<\/strong><\/a><\/p>\n<h3><strong>Legisla\u00e7\u00e3o<\/strong><\/h3>\n<p><strong><a href=\"https:\/\/boletimoficial.ufms.br\/bse\/publicacao?id=460873\" target=\"_blank\" rel=\"noopener\">Resolu\u00e7\u00e3o n\u00ba 594-Cograd\/2022<\/a>: Atividades Orientadas de Ensino (AOE).<\/strong><\/p>\n<p><strong><a href=\"https:\/\/boletimoficial.ufms.br\/bse\/publicacao?id=460874\" target=\"_blank\" rel=\"noopener\">Resolu\u00e7\u00e3o n\u00ba 595-Cograd\/2022:<\/a>\u00a0Trabalho de Conclus\u00e3o de Curso (TCC).<\/strong><\/p>\n<p><strong><a href=\"https:\/\/boletimoficial.ufms.br\/bse\/publicacao?id=481502\" target=\"_blank\" rel=\"noopener\">Resolu\u00e7\u00e3o n\u00ba 830-Cograd\/2023:<\/a>\u00a0Atividades Complementares (AC).<\/strong><\/p>\n<p><strong><a href=\"https:\/\/boletimoficial.ufms.br\/bse\/publicacao?id=427614\" target=\"_blank\" rel=\"noopener\">Resolu\u00e7\u00e3o n\u00ba 304-Cograd\/2021:<\/a>\u00a0Atividades de Extens\u00e3o.<\/strong><\/p>\n<p><strong><a href=\"https:\/\/prograd.ufms.br\/files\/2023\/01\/706_Regulamento-de-Est-gio.pdf\" target=\"_blank\" rel=\"noopener\">Resolu\u00e7\u00e3o n\u00ba 706-Cograd\/2022:<\/a>\u00a0Est\u00e1gio.<\/strong><\/p>\n","protected":false},"excerpt":{"rendered":"<p>Projeto Pedag\u00f3gico do Curso (2025) &nbsp; Regulamento das Atividades Complementares de Ensino do Curso de Gradua\u00e7\u00e3o em Fisioterapia Regulamento da Comiss\u00e3o de Est\u00e1gio (COE) e do Est\u00e1gio do Curso de Gradua\u00e7\u00e3o em Fisioterapia Regulamento dos Cursos de Gradua\u00e7\u00e3o\u00a0 Regimento Interno dos Colegiados de Curso NDE e Comiss\u00f5es Portaria Inisa n\u00ba 24\/2022 \u2013 N\u00facleo Docente Estruturante [&hellip;]<\/p>\n","protected":false},"author":1417,"featured_media":0,"parent":26,"menu_order":0,"comment_status":"closed","ping_status":"closed","template":"","meta":{"footnotes":""},"coauthors":[46],"class_list":["post-203","page","type-page","status-publish","hentry"],"_links":{"self":[{"href":"https:\/\/inisa.ufms.br\/en\/wp-json\/wp\/v2\/pages\/203","targetHints":{"allow":["GET"]}}],"collection":[{"href":"https:\/\/inisa.ufms.br\/en\/wp-json\/wp\/v2\/pages"}],"about":[{"href":"https:\/\/inisa.ufms.br\/en\/wp-json\/wp\/v2\/types\/page"}],"author":[{"embeddable":true,"href":"https:\/\/inisa.ufms.br\/en\/wp-json\/wp\/v2\/users\/1417"}],"replies":[{"embeddable":true,"href":"https:\/\/inisa.ufms.br\/en\/wp-json\/wp\/v2\/comments?post=203"}],"version-history":[{"count":25,"href":"https:\/\/inisa.ufms.br\/en\/wp-json\/wp\/v2\/pages\/203\/revisions"}],"predecessor-version":[{"id":9237,"href":"https:\/\/inisa.ufms.br\/en\/wp-json\/wp\/v2\/pages\/203\/revisions\/9237"}],"up":[{"embeddable":true,"href":"https:\/\/inisa.ufms.br\/en\/wp-json\/wp\/v2\/pages\/26"}],"wp:attachment":[{"href":"https:\/\/inisa.ufms.br\/en\/wp-json\/wp\/v2\/media?parent=203"}],"wp:term":[{"taxonomy":"author","embeddable":true,"href":"https:\/\/inisa.ufms.br\/en\/wp-json\/wp\/v2\/coauthors?post=203"}],"curies":[{"name":"wp","href":"https:\/\/api.w.org\/{rel}","templated":true}]}}