{"id":2040,"date":"2019-07-02T08:06:39","date_gmt":"2019-07-02T12:06:39","guid":{"rendered":"https:\/\/inisa.ufms.br\/?page_id=2040"},"modified":"2019-07-02T08:06:39","modified_gmt":"2019-07-02T12:06:39","slug":"laboratorio-de-estudo-do-musculo-estriado-leme","status":"publish","type":"page","link":"https:\/\/inisa.ufms.br\/en\/laboratorio-de-estudo-do-musculo-estriado-leme\/","title":{"rendered":"Laborat\u00f3rio de Estudo do M\u00fasculo Estriado (LEME)"},"content":{"rendered":"<p>Estabelecido desde Janeiro\/2017, o Laborat\u00f3rio de Estudo do M\u00fasculo Estriado (LEME) \u00e9 situado na Cl\u00ednica Escola Integrada (CEI) do Instituto Integrado de Sa\u00fade (INISA\/ UFMS). Coordenado pelos professores Paula Felippe Martinez e Silvio Assis de Oliveira J\u00fanior, o presente laborat\u00f3rio \u00e9 dividido em dois ambientes interconectados. O espa\u00e7o 1,\u00a0<em>LEME \u2013 Pesquisa B\u00e1sica<\/em>, \u00e9 voltado ao desenvolvimento de estudos experimentais relacionados a altera\u00e7\u00f5es do tecido muscular estriado card\u00edaco ou esquel\u00e9tico em resposta a doen\u00e7as cr\u00f4nicas, como obesidade e insufici\u00eancia card\u00edaca. Abriga tamb\u00e9m, investiga\u00e7\u00f5es referentes aos efeitos de diferentes interven\u00e7\u00f5es (exerc\u00edcio f\u00edsico, agentes farmacol\u00f3gicos, antioxidantes) sobre o m\u00fasculo estriado.<\/p>\n<p>No segundo ambiente,\u00a0<em>LEME \u2013 Pesquisa Cl\u00ednica<\/em>, \u00e9 sediada a realiza\u00e7\u00e3o de investiga\u00e7\u00f5es cl\u00ednicas relacionadas com o comportamento do sistema musculoesquel\u00e9tico sob a influ\u00eanciade estresse f\u00edsico agudo e\/ou treinamento desportivo, com \u00eanfase em procedimentos de an\u00e1lise fotogram\u00e9trica e eletromiografia. Integra ainda estudos sobre a variabilidade da frequ\u00eancia card\u00edaca em resposta a interven\u00e7\u00f5es com exerc\u00edcio f\u00edsico.<\/p>\n<ul>\n<li><strong>Localiza\u00e7\u00e3o:<\/strong><\/li>\n<\/ul>\n<p>Cl\u00ednica Escola Integrada (CEI)<\/p>\n<ul>\n<li><strong>Contato:<\/strong><\/li>\n<\/ul>\n<p>E-mail:\u00a0\u00a0<a href=\"mailto:oliveirajr.ufms@gmail.com\">oliveirajr.ufms@gmail.com<\/a><\/p>\n","protected":false},"excerpt":{"rendered":"<p>Estabelecido desde Janeiro\/2017, o Laborat\u00f3rio de Estudo do M\u00fasculo Estriado (LEME) \u00e9 situado na Cl\u00ednica Escola Integrada (CEI) do Instituto Integrado de Sa\u00fade (INISA\/ UFMS). Coordenado pelos professores Paula Felippe Martinez e Silvio Assis de Oliveira J\u00fanior, o presente laborat\u00f3rio \u00e9 dividido em dois ambientes interconectados. O espa\u00e7o 1,\u00a0LEME \u2013 Pesquisa B\u00e1sica, \u00e9 voltado ao [&hellip;]<\/p>\n","protected":false},"author":34879,"featured_media":0,"parent":0,"menu_order":0,"comment_status":"closed","ping_status":"closed","template":"","meta":{"footnotes":""},"coauthors":[],"class_list":["post-2040","page","type-page","status-publish","hentry"],"_links":{"self":[{"href":"https:\/\/inisa.ufms.br\/en\/wp-json\/wp\/v2\/pages\/2040","targetHints":{"allow":["GET"]}}],"collection":[{"href":"https:\/\/inisa.ufms.br\/en\/wp-json\/wp\/v2\/pages"}],"about":[{"href":"https:\/\/inisa.ufms.br\/en\/wp-json\/wp\/v2\/types\/page"}],"author":[{"embeddable":true,"href":"https:\/\/inisa.ufms.br\/en\/wp-json\/wp\/v2\/users\/34879"}],"replies":[{"embeddable":true,"href":"https:\/\/inisa.ufms.br\/en\/wp-json\/wp\/v2\/comments?post=2040"}],"version-history":[{"count":1,"href":"https:\/\/inisa.ufms.br\/en\/wp-json\/wp\/v2\/pages\/2040\/revisions"}],"predecessor-version":[{"id":2041,"href":"https:\/\/inisa.ufms.br\/en\/wp-json\/wp\/v2\/pages\/2040\/revisions\/2041"}],"wp:attachment":[{"href":"https:\/\/inisa.ufms.br\/en\/wp-json\/wp\/v2\/media?parent=2040"}],"wp:term":[{"taxonomy":"author","embeddable":true,"href":"https:\/\/inisa.ufms.br\/en\/wp-json\/wp\/v2\/coauthors?post=2040"}],"curies":[{"name":"wp","href":"https:\/\/api.w.org\/{rel}","templated":true}]}}