{"id":2043,"date":"2019-07-02T08:09:51","date_gmt":"2019-07-02T12:09:51","guid":{"rendered":"https:\/\/inisa.ufms.br\/?page_id=2043"},"modified":"2019-07-02T08:15:44","modified_gmt":"2019-07-02T12:15:44","slug":"laboratorio-de-estudos-em-neuropediatria-laben","status":"publish","type":"page","link":"https:\/\/inisa.ufms.br\/en\/laboratorio-de-estudos-em-neuropediatria-laben\/","title":{"rendered":"Laborat\u00f3rio de Estudos em Neuropediatria (LABEN)"},"content":{"rendered":"<p>Estabelecido desde Junho de 2017, o Laborat\u00f3rio de Estudos em Neuropediatria (LABEN) abriga estudos e pesquisas acerca de processos de avalia\u00e7\u00e3o do desenvolvimento neuromotor infantil, com foco em rec\u00e9m-nascidos e lactentes com desenvolvimento t\u00edpico e com risco para altera\u00e7\u00f5es neurol\u00f3gicas. Abriga, tamb\u00e9m, ensaios cl\u00ednicos randomizados controlados que investigam interven\u00e7\u00f5es sens\u00f3rio-motoras e seus efeitos sobre a fisiologia e o desenvolvimento neuromotor nessa popula\u00e7\u00e3o. Para isso, s\u00e3o utilizados instrumentos de avalia\u00e7\u00e3o padronizados, protocolos de mensura\u00e7\u00e3o de par\u00e2metros fisiol\u00f3gicos e procedimentos de an\u00e1lise de v\u00eddeo que permitem categorizar,quantificar e mensurar diferentes comportamentos motores. C\u00e2meras de v\u00eddeo acopladas a trip\u00e9s s\u00e3o alguns dos equipamentos utilizados no laborat\u00f3rio.<\/p>\n<p>Os equipamentos do laborat\u00f3rio foram adquiridos com recursos do projeto Fundect\u00a0e CNPq, e o espa\u00e7o concedido pela equipe da Cl\u00ednica Escola Integrada. Os projetos est\u00e3o sendo desenvolvidos por alunos de Doutorado, Mestrado e de Gradua\u00e7\u00e3o.<\/p>\n<p><img fetchpriority=\"high\" decoding=\"async\" class=\"alignnone size-medium wp-image-2046\" src=\"https:\/\/inisa.ufms.br\/files\/2019\/07\/Laborat\u00f3rio-300x169.jpg\" alt=\"\" width=\"300\" height=\"169\" \/> <img decoding=\"async\" class=\"alignnone size-medium wp-image-2047\" src=\"https:\/\/inisa.ufms.br\/files\/2019\/07\/Laborat\u00f3rio2-300x169.jpg\" alt=\"\" width=\"300\" height=\"169\" \/><\/p>\n<ul>\n<li>\n<h5>Localiza\u00e7\u00e3o:<\/h5>\n<\/li>\n<\/ul>\n<p>Universidade Federal de Mato Grosso do Sul \u2013 UFMS<\/p>\n<p>Cl\u00ednica Escola Integrada (CEI)<\/p>\n<p>Instituto Integrado de Sa\u00fade (INISA\/ UFMS)<\/p>\n<ul>\n<li>\n<h5>Contato:<\/h5>\n<p>Tel: 3345-7967<\/p>\n<p>E-mail:\u00a0<a href=\"mailto:daniele.soares@gmail.com\">daniele.soares@gmail.com<\/a>\u00a0\/\u00a0<a href=\"mailto:daniele.soares@ufms.com\">daniele.soares@ufms.com<\/a><\/li>\n<\/ul>\n","protected":false},"excerpt":{"rendered":"<p>Estabelecido desde Junho de 2017, o Laborat\u00f3rio de Estudos em Neuropediatria (LABEN) abriga estudos e pesquisas acerca de processos de avalia\u00e7\u00e3o do desenvolvimento neuromotor infantil, com foco em rec\u00e9m-nascidos e lactentes com desenvolvimento t\u00edpico e com risco para altera\u00e7\u00f5es neurol\u00f3gicas. Abriga, tamb\u00e9m, ensaios cl\u00ednicos randomizados controlados que investigam interven\u00e7\u00f5es sens\u00f3rio-motoras e seus efeitos sobre a [&hellip;]<\/p>\n","protected":false},"author":34879,"featured_media":0,"parent":0,"menu_order":0,"comment_status":"closed","ping_status":"closed","template":"","meta":{"footnotes":""},"coauthors":[],"class_list":["post-2043","page","type-page","status-publish","hentry"],"_links":{"self":[{"href":"https:\/\/inisa.ufms.br\/en\/wp-json\/wp\/v2\/pages\/2043","targetHints":{"allow":["GET"]}}],"collection":[{"href":"https:\/\/inisa.ufms.br\/en\/wp-json\/wp\/v2\/pages"}],"about":[{"href":"https:\/\/inisa.ufms.br\/en\/wp-json\/wp\/v2\/types\/page"}],"author":[{"embeddable":true,"href":"https:\/\/inisa.ufms.br\/en\/wp-json\/wp\/v2\/users\/34879"}],"replies":[{"embeddable":true,"href":"https:\/\/inisa.ufms.br\/en\/wp-json\/wp\/v2\/comments?post=2043"}],"version-history":[{"count":2,"href":"https:\/\/inisa.ufms.br\/en\/wp-json\/wp\/v2\/pages\/2043\/revisions"}],"predecessor-version":[{"id":2048,"href":"https:\/\/inisa.ufms.br\/en\/wp-json\/wp\/v2\/pages\/2043\/revisions\/2048"}],"wp:attachment":[{"href":"https:\/\/inisa.ufms.br\/en\/wp-json\/wp\/v2\/media?parent=2043"}],"wp:term":[{"taxonomy":"author","embeddable":true,"href":"https:\/\/inisa.ufms.br\/en\/wp-json\/wp\/v2\/coauthors?post=2043"}],"curies":[{"name":"wp","href":"https:\/\/api.w.org\/{rel}","templated":true}]}}