{"id":21,"date":"2017-07-05T15:15:33","date_gmt":"2017-07-05T19:15:33","guid":{"rendered":"http:\/\/facfan.draconis.ufms.br\/?page_id=12"},"modified":"2025-07-10T15:29:59","modified_gmt":"2025-07-10T19:29:59","slug":"historico","status":"publish","type":"page","link":"https:\/\/inisa.ufms.br\/en\/historico\/","title":{"rendered":"Hist\u00f3rico"},"content":{"rendered":"<p style=\"text-align: justify\">O Instituto Integrado de Sa\u00fade (INISA), uma das mais recentes unidades setoriais da Universidade Federal de Mato Grosso do Sul (UFMS), foi criado em 2017, resultado do desmembramento do ent\u00e3o Centro de Ci\u00eancias Biol\u00f3gicas e da Sa\u00fade (CCBS), do qual tamb\u00e9m surgiram o Instituto de Bioci\u00eancias (INBIO) e a Faculdade de Farm\u00e1cia, Alimentos e Nutri\u00e7\u00e3o (FACFAN).<\/p>\n<p style=\"text-align: justify\">No INISA est\u00e3o presentes os cursos de Bacharelado em Enfermagem, Bacharelado em Fisioterapia, Mestrado em Enfermagem e Mestrado Profissional em Sa\u00fade da Fam\u00edlia, al\u00e9m da Resid\u00eancia em Enfermagem Obst\u00e9trica e a Resid\u00eancia Multiprofissional em Sa\u00fade \u2013 Aten\u00e7\u00e3o ao Paciente Cr\u00edtico.<\/p>\n<p style=\"text-align: justify\">O instituto conta com a Cl\u00ednica Escola Integrada (CEI), que, atrav\u00e9s de projetos de ensino, pesquisa e extens\u00e3o, oferece atendimentos nas \u00e1reas de Fisioterapia, Enfermagem e Nutri\u00e7\u00e3o, a toda sociedade.<\/p>\n<p style=\"text-align: justify\">Atualmente, o corpo docente do instituto \u00e9 formado pelos professores dos cursos de Fisioterapia e Enfermagem e pelo grupo de docentes da Sa\u00fade Coletiva, totalizando 48 docentes em regime de dedica\u00e7\u00e3o exclusiva.<\/p>\n<p style=\"text-align: justify\">Para auxiliar no processo de trabalho do instituto e na forma\u00e7\u00e3o dos discentes, conta ainda com 25 t\u00e9cnicos, que contribuem tanto nas a\u00e7\u00f5es administrativas quanto nas atividades relacionadas ao ensino, pesquisa e extens\u00e3o.<\/p>\n","protected":false},"excerpt":{"rendered":"<p>O Instituto Integrado de Sa\u00fade (INISA), uma das mais recentes unidades setoriais da Universidade Federal de Mato Grosso do Sul (UFMS), foi criado em 2017, resultado do desmembramento do ent\u00e3o Centro de Ci\u00eancias Biol\u00f3gicas e da Sa\u00fade (CCBS), do qual tamb\u00e9m surgiram o Instituto de Bioci\u00eancias (INBIO) e a Faculdade de Farm\u00e1cia, Alimentos e Nutri\u00e7\u00e3o [&hellip;]<\/p>\n","protected":false},"author":7449,"featured_media":0,"parent":0,"menu_order":0,"comment_status":"closed","ping_status":"closed","template":"","meta":{"footnotes":""},"coauthors":[47],"class_list":["post-21","page","type-page","status-publish","hentry"],"_links":{"self":[{"href":"https:\/\/inisa.ufms.br\/en\/wp-json\/wp\/v2\/pages\/21","targetHints":{"allow":["GET"]}}],"collection":[{"href":"https:\/\/inisa.ufms.br\/en\/wp-json\/wp\/v2\/pages"}],"about":[{"href":"https:\/\/inisa.ufms.br\/en\/wp-json\/wp\/v2\/types\/page"}],"author":[{"embeddable":true,"href":"https:\/\/inisa.ufms.br\/en\/wp-json\/wp\/v2\/users\/7449"}],"replies":[{"embeddable":true,"href":"https:\/\/inisa.ufms.br\/en\/wp-json\/wp\/v2\/comments?post=21"}],"version-history":[{"count":2,"href":"https:\/\/inisa.ufms.br\/en\/wp-json\/wp\/v2\/pages\/21\/revisions"}],"predecessor-version":[{"id":8933,"href":"https:\/\/inisa.ufms.br\/en\/wp-json\/wp\/v2\/pages\/21\/revisions\/8933"}],"wp:attachment":[{"href":"https:\/\/inisa.ufms.br\/en\/wp-json\/wp\/v2\/media?parent=21"}],"wp:term":[{"taxonomy":"author","embeddable":true,"href":"https:\/\/inisa.ufms.br\/en\/wp-json\/wp\/v2\/coauthors?post=21"}],"curies":[{"name":"wp","href":"https:\/\/api.w.org\/{rel}","templated":true}]}}