{"id":219,"date":"2017-11-07T10:32:15","date_gmt":"2017-11-07T13:32:15","guid":{"rendered":"https:\/\/inisa.ufms.br\/?page_id=219"},"modified":"2026-05-05T08:43:04","modified_gmt":"2026-05-05T12:43:04","slug":"coordenacao-administrativa","status":"publish","type":"page","link":"https:\/\/inisa.ufms.br\/en\/pagina-inicial\/coordenacao-administrativa\/","title":{"rendered":"Coordena\u00e7\u00e3o Administrativa"},"content":{"rendered":"A Coordena\u00e7\u00e3o Administrativa (Coad) \u00e9 a unidade respons\u00e1vel pela coordena\u00e7\u00e3o das atividades de gest\u00e3o administrativa, de recursos humanos e de recursos patrimoniais do Instituto Integrado de Sa\u00fade (Inisa).<\/p>\n<p>&nbsp;<\/p>\n<p>De acordo com o Anexo da Resolu\u00e7\u00e3o n. 256-CD\/UFMS, de 8 de abril de 2022, s\u00e3o compet\u00eancias da Coordena\u00e7\u00e3o Administrativa:<\/p>\n<ul>\n<li>Assessorar e colaborar com a Dire\u00e7\u00e3o da Unidade, no planejamento, na execu\u00e7\u00e3o<br \/>\ne na coordena\u00e7\u00e3o das atividades de gest\u00e3o administrativa;<\/li>\n<li>Propor normas e a\u00e7\u00f5es que visem \u00e0 integra\u00e7\u00e3o entre as atividades de gest\u00e3o<br \/>\nacad\u00eamica e de gest\u00e3o administrativa na Unidade;<\/li>\n<li>Colaborar na elabora\u00e7\u00e3o do plano de gest\u00e3o da infraestrutura da Unidade, no qual<br \/>\nconstar\u00e3o as propostas de uso, de expans\u00e3o e de manuten\u00e7\u00e3o do espa\u00e7o f\u00edsico e as<br \/>\npropostas de uso, aquisi\u00e7\u00e3o e manuten\u00e7\u00e3o de equipamentos;<\/li>\n<li>Propor a cria\u00e7\u00e3o de grupos de trabalho e de comiss\u00f5es para desenvolvimento de<br \/>\natividades no \u00e2mbito da Unidade, referentes a atividades administrativas;<\/li>\n<li>Gerenciar o processo de controle patrimonial da Unidade;<\/li>\n<li>Controlar o uso da frota de ve\u00edculos oficiais da Unidade, se houver; e o uso de<br \/>\nve\u00edculos oficiais em geral pela Unidade;<\/li>\n<li>Acompanhar e supervisionar os contratos de prestadores de servi\u00e7os (vigil\u00e2ncia<br \/>\narmada; manuten\u00e7\u00e3o predial; asseio e conserva\u00e7\u00e3o; manuten\u00e7\u00e3o de aparelhos de<br \/>\nar-condicionado; manuten\u00e7\u00e3o de elevador, fornecimento de alimenta\u00e7\u00e3o em<br \/>\nrestaurantes universit\u00e1rios e outros), bem como os contratos junto aos<br \/>\nfornecedores de energia el\u00e9trica e \u00e1gua e esgoto nas Unidades;<\/li>\n<li>Gerenciar as solicita\u00e7\u00f5es de uso dos espa\u00e7os f\u00edsicos e o controle de agendamentos<br \/>\npara atividades administrativas e de apoio \u00e0 Unidade;<\/li>\n<li>Coordenar, em conjunto com a Dire\u00e7\u00e3o da Unidade, as atividades de<br \/>\nplanejamento or\u00e7ament\u00e1rio e de execu\u00e7\u00e3o financeira da unidade, no \u00e2mbito de<br \/>\nsuas compet\u00eancias;<\/li>\n<li>Gerenciar as demandas de materiais de consumo e permanente necess\u00e1rios \u00e0<br \/>\noperacionaliza\u00e7\u00e3o da Unidade, bem como a recep\u00e7\u00e3o, confer\u00eancia e controle dos<br \/>\nmesmos;<\/li>\n<li>Controlar as liga\u00e7\u00f5es telef\u00f4nicas, reprografia e demais insumos necess\u00e1rios ao<br \/>\ndesenvolvimento das atividades da Unidade;<\/li>\n<li>Coordenar, orientar, supervisionar e\/ou executar as atividades relacionadas \u00e0<br \/>\nBiblioteca, quando houver na Unidade;<\/li>\n<li>Apoiar as atividades de ensino, pesquisa, extens\u00e3o, inova\u00e7\u00e3o e<br \/>\nempreendedorismo, dentro de sua \u00e1rea de atua\u00e7\u00e3o;<\/li>\n<li>Colaborar na gest\u00e3o de documentos da Unidade, bem como das correspond\u00eancias<br \/>\ne das necessidades de arquivamento, segundo as normas vigentes;<\/li>\n<li>Assessorar a Dire\u00e7\u00e3o da Unidade no gerenciamento e controle das solicita\u00e7\u00f5es de passagens, di\u00e1rias, ve\u00edculos e transporte para viagens e deslocamentos, bem como<br \/>\nafastamentos e presta\u00e7\u00f5es de contas, do pessoal lotado na Unidade;<\/li>\n<li>Assessorar a Dire\u00e7\u00e3o da Unidade na gest\u00e3o e controle de frequ\u00eancia e a escala de<br \/>\nf\u00e9rias do pessoal lotado na Unidade;<\/li>\n<li>Coordenar as a\u00e7\u00f5es de orienta\u00e7\u00e3o e suporte na utiliza\u00e7\u00e3o dos sistemas<br \/>\nadministrativos em uso na UFMS;<\/li>\n<li>Divulgar e orientar os docentes quanto \u00e0s diretrizes e \u00e0s normas relacionadas \u00e0<br \/>\n\u00e1rea administrativa;<\/li>\n<li>Elaborar relat\u00f3rios gerenciais; e<\/li>\n<li>Desenvolver outras atividades dentro de sua \u00e1rea de atua\u00e7\u00e3o.<\/li>\n<\/ul>\n<p>&nbsp;<\/p>\n<h4><strong>Equipe<\/strong><\/h4>\n<p style=\"text-align: left\">Paulo Ricardo Corvalan Machado (Coordenador Administrativo);<\/p>\n<p style=\"text-align: left\">Aline Moraes da Silva.<\/p>\n<h4><\/h4>\n<p>&nbsp;<\/p>\n<h4>Hor\u00e1rio de Atendimento<\/h4>\n<p>Segunda a sexta-feira:<\/p>\n<p>das 7 \u00e0s 11 horas; e<\/p>\n<p>das 13 \u00e0s 17 horas.<\/p>\n<p>&nbsp;<\/p>\n<h4><strong>Contato<\/strong><\/h4>\n<p>E-mail: coad.inisa@ufms.br<\/p>\n<p>Telefone: (67) 3345-7774<\/p>\n<h4><\/h4>\n<h4><\/h4>","protected":false},"excerpt":{"rendered":"<p>A Coordena\u00e7\u00e3o Administrativa (Coad) \u00e9 a unidade respons\u00e1vel pela coordena\u00e7\u00e3o das atividades de gest\u00e3o administrativa, de recursos humanos e de recursos patrimoniais do Instituto Integrado de Sa\u00fade (Inisa). &nbsp; De acordo com o Anexo da Resolu\u00e7\u00e3o n. 256-CD\/UFMS, de 8 de abril de 2022, s\u00e3o compet\u00eancias da Coordena\u00e7\u00e3o Administrativa: Assessorar e colaborar com a Dire\u00e7\u00e3o [&hellip;]<\/p>\n","protected":false},"author":1417,"featured_media":0,"parent":20,"menu_order":0,"comment_status":"closed","ping_status":"closed","template":"","meta":{"footnotes":""},"coauthors":[46],"class_list":["post-219","page","type-page","status-publish","hentry"],"_links":{"self":[{"href":"https:\/\/inisa.ufms.br\/en\/wp-json\/wp\/v2\/pages\/219","targetHints":{"allow":["GET"]}}],"collection":[{"href":"https:\/\/inisa.ufms.br\/en\/wp-json\/wp\/v2\/pages"}],"about":[{"href":"https:\/\/inisa.ufms.br\/en\/wp-json\/wp\/v2\/types\/page"}],"author":[{"embeddable":true,"href":"https:\/\/inisa.ufms.br\/en\/wp-json\/wp\/v2\/users\/1417"}],"replies":[{"embeddable":true,"href":"https:\/\/inisa.ufms.br\/en\/wp-json\/wp\/v2\/comments?post=219"}],"version-history":[{"count":15,"href":"https:\/\/inisa.ufms.br\/en\/wp-json\/wp\/v2\/pages\/219\/revisions"}],"predecessor-version":[{"id":9650,"href":"https:\/\/inisa.ufms.br\/en\/wp-json\/wp\/v2\/pages\/219\/revisions\/9650"}],"up":[{"embeddable":true,"href":"https:\/\/inisa.ufms.br\/en\/wp-json\/wp\/v2\/pages\/20"}],"wp:attachment":[{"href":"https:\/\/inisa.ufms.br\/en\/wp-json\/wp\/v2\/media?parent=219"}],"wp:term":[{"taxonomy":"author","embeddable":true,"href":"https:\/\/inisa.ufms.br\/en\/wp-json\/wp\/v2\/coauthors?post=219"}],"curies":[{"name":"wp","href":"https:\/\/api.w.org\/{rel}","templated":true}]}}