{"id":221,"date":"2017-11-07T10:32:28","date_gmt":"2017-11-07T13:32:28","guid":{"rendered":"https:\/\/inisa.ufms.br\/?page_id=221"},"modified":"2026-03-03T09:27:19","modified_gmt":"2026-03-03T13:27:19","slug":"coordenacao-de-gestao-academica","status":"publish","type":"page","link":"https:\/\/inisa.ufms.br\/en\/pagina-inicial\/coordenacao-de-gestao-academica\/","title":{"rendered":"Coordena\u00e7\u00e3o de Gest\u00e3o Acad\u00eamica"},"content":{"rendered":"<h4><\/h4>\n<h4><strong>Coordenadora de Gest\u00e3o Acad\u00eamica<\/strong><\/h4>\n<p style=\"text-align: left\">Profa. Dra. Karla Luciana Magnani Seki<\/p>\n<h4><\/h4>\n<p>&nbsp;<\/p>\n<h4><strong>Sobre a Coordenadora<\/strong><\/h4>\n<p style=\"text-align: justify\">Possui gradua\u00e7\u00e3o em Fisioterapia pela Universidade Estadual de Londrina (1999), mestrado em Cirurgia [Botucatu] pela Universidade Estadual Paulista J\u00falio de Mesquita Filho (2005) e doutorado em Bases Gerais da Cirurgia pela Universidade Estadual Paulista J\u00falio de Mesquita Filho (2009). Atualmente \u00e9 docente da Universidade Federal de Mato Grosso do Sul e professora assistente da Universidade Federal de Mato Grosso do Sul. Tem experi\u00eancia na \u00e1rea de Fisioterapia e Terapia Ocupacional, com \u00eanfase em Fisioterapia e Terapia Ocupacional, atuando principalmente nos seguintes temas: for\u00e7a m\u00fasculos respirat\u00f3rios, press\u00f5es inspirat\u00f3ria e expirat\u00f3ria m\u00e1ximas, ventila\u00e7\u00e3o mec\u00e2nica n\u00e3o-invasiva, obesidade e fisioterapia preventiva.<span class=\"texto\">\u00a0<\/span><\/p>\n<p>E-mail institucional: <span style=\"color: #008080\">karla.magnani@ufms.br<\/span><\/p>\n<p><span style=\"color: #339966\"><a style=\"color: #339966\" href=\"http:\/\/lattes.cnpq.br\/6370249106562076\">http:\/\/lattes.cnpq.br\/6370249106562076<\/a><\/span><\/p>\n<p><span style=\"color: #339966\"><a style=\"color: #339966\" href=\"https:\/\/orcid.org\/0000-0002-5364-4614\">https:\/\/orcid.org\/0000-0002-5364-4614<\/a><\/span><\/p>\n<p>&nbsp;<\/p>\n<p>&nbsp;<\/p>\n<h4>\u00a0Hor\u00e1rio de Atendimento<\/h4>\n<p>Ter\u00e7a-feira &#8211; das 9 \u00e0s 11 horas.<\/p>\n<p>&nbsp;<\/p>\n<h4><\/h4>\n<p>&nbsp;<\/p>\n<h4><strong>Local<\/strong><\/h4>\n<p>Unidade XII &#8211; 1\u00ba andar<\/p>\n<h4><\/h4>\n<p>&nbsp;<\/p>\n<h4><strong>Contato<\/strong><\/h4>\n<p>E-mail: coac.inisa@ufms.br<\/p>\n<p>Telefone: (67) 3345-7357<\/p>\n","protected":false},"excerpt":{"rendered":"<p>Coordenadora de Gest\u00e3o Acad\u00eamica Profa. Dra. Karla Luciana Magnani Seki &nbsp; Sobre a Coordenadora Possui gradua\u00e7\u00e3o em Fisioterapia pela Universidade Estadual de Londrina (1999), mestrado em Cirurgia [Botucatu] pela Universidade Estadual Paulista J\u00falio de Mesquita Filho (2005) e doutorado em Bases Gerais da Cirurgia pela Universidade Estadual Paulista J\u00falio de Mesquita Filho (2009). Atualmente \u00e9 [&hellip;]<\/p>\n","protected":false},"author":1417,"featured_media":0,"parent":20,"menu_order":0,"comment_status":"closed","ping_status":"closed","template":"","meta":{"footnotes":""},"coauthors":[46],"class_list":["post-221","page","type-page","status-publish","hentry"],"_links":{"self":[{"href":"https:\/\/inisa.ufms.br\/en\/wp-json\/wp\/v2\/pages\/221","targetHints":{"allow":["GET"]}}],"collection":[{"href":"https:\/\/inisa.ufms.br\/en\/wp-json\/wp\/v2\/pages"}],"about":[{"href":"https:\/\/inisa.ufms.br\/en\/wp-json\/wp\/v2\/types\/page"}],"author":[{"embeddable":true,"href":"https:\/\/inisa.ufms.br\/en\/wp-json\/wp\/v2\/users\/1417"}],"replies":[{"embeddable":true,"href":"https:\/\/inisa.ufms.br\/en\/wp-json\/wp\/v2\/comments?post=221"}],"version-history":[{"count":25,"href":"https:\/\/inisa.ufms.br\/en\/wp-json\/wp\/v2\/pages\/221\/revisions"}],"predecessor-version":[{"id":9539,"href":"https:\/\/inisa.ufms.br\/en\/wp-json\/wp\/v2\/pages\/221\/revisions\/9539"}],"up":[{"embeddable":true,"href":"https:\/\/inisa.ufms.br\/en\/wp-json\/wp\/v2\/pages\/20"}],"wp:attachment":[{"href":"https:\/\/inisa.ufms.br\/en\/wp-json\/wp\/v2\/media?parent=221"}],"wp:term":[{"taxonomy":"author","embeddable":true,"href":"https:\/\/inisa.ufms.br\/en\/wp-json\/wp\/v2\/coauthors?post=221"}],"curies":[{"name":"wp","href":"https:\/\/api.w.org\/{rel}","templated":true}]}}