{"id":26,"date":"2017-07-05T15:22:04","date_gmt":"2017-07-05T19:22:04","guid":{"rendered":"http:\/\/facfan.draconis.ufms.br\/?page_id=22"},"modified":"2025-12-16T16:34:45","modified_gmt":"2025-12-16T20:34:45","slug":"fisioterapia","status":"publish","type":"page","link":"https:\/\/inisa.ufms.br\/en\/pagina-inicial\/fisioterapia\/","title":{"rendered":"Fisioterapia &#8211; Bacharelado"},"content":{"rendered":"<p><img decoding=\"async\" class=\"wp-image-1117 alignleft\" src=\"https:\/\/inisa.ufms.br\/files\/2017\/07\/simbolo-da-fisioterapia-1_xl-257x300.jpeg\" alt=\"\" width=\"155\" height=\"181\" srcset=\"https:\/\/inisa.ufms.br\/files\/2017\/07\/simbolo-da-fisioterapia-1_xl-257x300.jpeg 257w, https:\/\/inisa.ufms.br\/files\/2017\/07\/simbolo-da-fisioterapia-1_xl.jpeg 260w\" sizes=\"(max-width: 155px) 100vw, 155px\" \/><strong>OBJETIVOS DO CURSO<\/strong><\/p>\n<p style=\"text-align: justify\">Formar fisioterapeutas com vis\u00e3o cr\u00edtica e ampla oferecendo ferramentas para o desenvolvimento\u00a0de compet\u00eancias desde as espec\u00edficas para o exerc\u00edcio da fisioterapia at\u00e9 a vis\u00e3o de mundo\u00a0e sociedade. Que atuem de forma interdisciplinar e que concorram para a transforma\u00e7\u00e3o da\u00a0realidade, com autonomia profissional, social e \u00e9tica. Formar profissionais com compet\u00eancias\u00a0para a aten\u00e7\u00e3o integral \u00e0 sa\u00fade cin\u00e9tico-funcional dos indiv\u00edduos e coletividades, com qualidade,\u00a0efici\u00eancia e resolutividade. Cidad\u00e3os conscientes de suas responsabilidades profissionais e\u00a0sociais, comprometidos com a realidade em que vivem, que estejam em permanente atualiza\u00e7\u00e3o\u00a0mediante as demandas do din\u00e2mico mundo do trabalho, das pol\u00edticas de sa\u00fade e do Sistema\u00a0\u00danico de Sa\u00fade. Contribuir para a forma\u00e7\u00e3o de um indiv\u00edduo apto a identificar as necessidades\u00a0de sa\u00fade e a intervir na sa\u00fade das pessoas, considerando o processo sa\u00fade\/doen\u00e7a\/cuidado em\u00a0suas m\u00faltiplas dimens\u00f5es, e concorrendo para a transforma\u00e7\u00e3o da realidade, com autonomia\u00a0intelectual, social e \u00e9tica.<\/p>\n<p><strong>ATIVIDADES INERENTES<\/strong><\/p>\n<p style=\"text-align: justify\">Atividades de promo\u00e7\u00e3o, preven\u00e7\u00e3o e recupera\u00e7\u00e3o da sa\u00fade funcional dos indiv\u00edduos e coletividades.\u00a0Atividades de gest\u00e3o de equipes e servi\u00e7os de sa\u00fade. Atividades no \u00e2mbito do controle\u00a0social e das pol\u00edticas de sa\u00fade. Atividades educacionais.<\/p>\n<p><strong>\u00c1REAS DE ATUA\u00c7\u00c3O E EXERC\u00cdCIO PROFISSIONAL<\/strong><\/p>\n<p style=\"text-align: justify\">Entre as \u00e1reas de atua\u00e7\u00e3o do Fisioterapeuta, incluem-se \u00e0 sa\u00fade da crian\u00e7a e do adolescente,\u00a0da mulher, do homem, do idoso, do trabalhador e de todos os indiv\u00edduos e coletividades nos\u00a0diferentes n\u00edveis de aten\u00e7\u00e3o \u00e0 sa\u00fade. Ele participa de a\u00e7\u00f5es de promo\u00e7\u00e3o, preven\u00e7\u00e3o, tratamento\u00a0e reabilita\u00e7\u00e3o. O profissional atua na gest\u00e3o e participa no controle social com a\u00e7\u00f5es pertinentes\u00a0\u00e0s pol\u00edticas e pr\u00e1ticas em sa\u00fade. Al\u00e9m das \u00e1reas colocadas acima, pode atuar em especialidades\u00a0como Fisioterapia Respirat\u00f3ria, Neurofuncional, M\u00fasculo-esquel\u00e9tica, Dermatofuncional, Cardiovascular,\u00a0Terapia Intensiva adulta, pedi\u00e1trica e neonatal, Ergonomia, entre outras.<\/p>\n<p><strong>FORMA\u00c7\u00c3O:<\/strong>\u00a0Bacharel em Fisioterapia<\/p>\n<p>&nbsp;<\/p>\n<p><a href=\"https:\/\/inisa.ufms.br\/files\/2025\/12\/1290_Cograd.pdf\"><strong>Projeto Pedag\u00f3gico do Curso2025<\/strong><\/a><\/p>\n<p>&nbsp;<\/p>\n","protected":false},"excerpt":{"rendered":"<p>OBJETIVOS DO CURSO Formar fisioterapeutas com vis\u00e3o cr\u00edtica e ampla oferecendo ferramentas para o desenvolvimento\u00a0de compet\u00eancias desde as espec\u00edficas para o exerc\u00edcio da fisioterapia at\u00e9 a vis\u00e3o de mundo\u00a0e sociedade. Que atuem de forma interdisciplinar e que concorram para a transforma\u00e7\u00e3o da\u00a0realidade, com autonomia profissional, social e \u00e9tica. Formar profissionais com compet\u00eancias\u00a0para a aten\u00e7\u00e3o integral [&hellip;]<\/p>\n","protected":false},"author":7449,"featured_media":5039,"parent":20,"menu_order":0,"comment_status":"closed","ping_status":"closed","template":"page-templates\/page-coordenadorias.php","meta":{"footnotes":""},"coauthors":[47],"class_list":["post-26","page","type-page","status-publish","has-post-thumbnail","hentry"],"_links":{"self":[{"href":"https:\/\/inisa.ufms.br\/en\/wp-json\/wp\/v2\/pages\/26","targetHints":{"allow":["GET"]}}],"collection":[{"href":"https:\/\/inisa.ufms.br\/en\/wp-json\/wp\/v2\/pages"}],"about":[{"href":"https:\/\/inisa.ufms.br\/en\/wp-json\/wp\/v2\/types\/page"}],"author":[{"embeddable":true,"href":"https:\/\/inisa.ufms.br\/en\/wp-json\/wp\/v2\/users\/7449"}],"replies":[{"embeddable":true,"href":"https:\/\/inisa.ufms.br\/en\/wp-json\/wp\/v2\/comments?post=26"}],"version-history":[{"count":11,"href":"https:\/\/inisa.ufms.br\/en\/wp-json\/wp\/v2\/pages\/26\/revisions"}],"predecessor-version":[{"id":9238,"href":"https:\/\/inisa.ufms.br\/en\/wp-json\/wp\/v2\/pages\/26\/revisions\/9238"}],"up":[{"embeddable":true,"href":"https:\/\/inisa.ufms.br\/en\/wp-json\/wp\/v2\/pages\/20"}],"wp:featuredmedia":[{"embeddable":true,"href":"https:\/\/inisa.ufms.br\/en\/wp-json\/wp\/v2\/media\/5039"}],"wp:attachment":[{"href":"https:\/\/inisa.ufms.br\/en\/wp-json\/wp\/v2\/media?parent=26"}],"wp:term":[{"taxonomy":"author","embeddable":true,"href":"https:\/\/inisa.ufms.br\/en\/wp-json\/wp\/v2\/coauthors?post=26"}],"curies":[{"name":"wp","href":"https:\/\/api.w.org\/{rel}","templated":true}]}}