{"id":2712,"date":"2019-11-26T15:23:10","date_gmt":"2019-11-26T19:23:10","guid":{"rendered":"https:\/\/inisa.ufms.br\/?page_id=2712"},"modified":"2026-02-05T13:58:55","modified_gmt":"2026-02-05T17:58:55","slug":"eventos","status":"publish","type":"page","link":"https:\/\/inisa.ufms.br\/en\/eventos\/","title":{"rendered":"EVENTOS\/CURSOS"},"content":{"rendered":"<h3 class=\"big_title\" style=\"text-align: justify\">3\u00ba Congresso Sul Mato-Grossense de Doen\u00e7as Raras; 3\u00ba Simp\u00f3sio Internacional dos Programas de P\u00f3s-Gradua\u00e7\u00e3o do Inisa; 16\u00aa Jornada Acad\u00eamica de Enfermagem; 11\u00aa Jornada Acad\u00eamica de Fisioterapia<\/h3>\n<p style=\"text-align: justify\">Nos dias 18 e 19 de setembro de 2025, ser\u00e3o realizados os eventos t\u00e9cnico-cient\u00edficos promovidos pelo INISA, em parceria com o CER\/APAE de Campo Grande.<\/p>\n<p style=\"text-align: justify\">\ud83d\udd39 Inscri\u00e7\u00f5es para o evento j\u00e1 est\u00e3o abertas.<br \/>\n\ud83d\udd39 Inscri\u00e7\u00f5es para as oficinas estar\u00e3o dispon\u00edveis a partir de 01\/09\/2025.<br \/>\n\ud83d\udd39 Submiss\u00f5es de trabalhos (resumo simples), com publica\u00e7\u00e3o nos Anais da Revista Pecibes, podem ser feitas at\u00e9 o dia 08\/08\/2025.<\/p>\n<p style=\"text-align: justify\">\ud83d\udcc5 Confira a programa\u00e7\u00e3o completa e fa\u00e7a sua inscri\u00e7\u00e3o no site:<br \/>\n\ud83d\udc49\u00a0<a href=\"https:\/\/www.even3.com.br\/rarasms25-595706\/\">https:\/\/www.even3.com.br\/rarasms25-595706\/<\/a><\/p>\n<p style=\"text-align: justify\"><img fetchpriority=\"high\" decoding=\"async\" class=\"alignnone wp-image-9329 size-full\" src=\"https:\/\/inisa.ufms.br\/files\/2026\/02\/Inisa-1024x1024-1.jpeg\" alt=\"\" width=\"1024\" height=\"1024\" srcset=\"https:\/\/inisa.ufms.br\/files\/2026\/02\/Inisa-1024x1024-1.jpeg 1024w, https:\/\/inisa.ufms.br\/files\/2026\/02\/Inisa-1024x1024-1-300x300.jpeg 300w, https:\/\/inisa.ufms.br\/files\/2026\/02\/Inisa-1024x1024-1-150x150.jpeg 150w, https:\/\/inisa.ufms.br\/files\/2026\/02\/Inisa-1024x1024-1-768x768.jpeg 768w, https:\/\/inisa.ufms.br\/files\/2026\/02\/Inisa-1024x1024-1-320x320.jpeg 320w\" sizes=\"(max-width: 1024px) 100vw, 1024px\" \/><\/p>\n","protected":false},"excerpt":{"rendered":"<p>3\u00ba Congresso Sul Mato-Grossense de Doen\u00e7as Raras; 3\u00ba Simp\u00f3sio Internacional dos Programas de P\u00f3s-Gradua\u00e7\u00e3o do Inisa; 16\u00aa Jornada Acad\u00eamica de Enfermagem; 11\u00aa Jornada Acad\u00eamica de Fisioterapia Nos dias 18 e 19 de setembro de 2025, ser\u00e3o realizados os eventos t\u00e9cnico-cient\u00edficos promovidos pelo INISA, em parceria com o CER\/APAE de Campo Grande. \ud83d\udd39 Inscri\u00e7\u00f5es para o [&hellip;]<\/p>\n","protected":false},"author":7449,"featured_media":0,"parent":0,"menu_order":0,"comment_status":"closed","ping_status":"closed","template":"","meta":{"footnotes":""},"coauthors":[47],"class_list":["post-2712","page","type-page","status-publish","hentry"],"_links":{"self":[{"href":"https:\/\/inisa.ufms.br\/en\/wp-json\/wp\/v2\/pages\/2712","targetHints":{"allow":["GET"]}}],"collection":[{"href":"https:\/\/inisa.ufms.br\/en\/wp-json\/wp\/v2\/pages"}],"about":[{"href":"https:\/\/inisa.ufms.br\/en\/wp-json\/wp\/v2\/types\/page"}],"author":[{"embeddable":true,"href":"https:\/\/inisa.ufms.br\/en\/wp-json\/wp\/v2\/users\/7449"}],"replies":[{"embeddable":true,"href":"https:\/\/inisa.ufms.br\/en\/wp-json\/wp\/v2\/comments?post=2712"}],"version-history":[{"count":52,"href":"https:\/\/inisa.ufms.br\/en\/wp-json\/wp\/v2\/pages\/2712\/revisions"}],"predecessor-version":[{"id":9332,"href":"https:\/\/inisa.ufms.br\/en\/wp-json\/wp\/v2\/pages\/2712\/revisions\/9332"}],"wp:attachment":[{"href":"https:\/\/inisa.ufms.br\/en\/wp-json\/wp\/v2\/media?parent=2712"}],"wp:term":[{"taxonomy":"author","embeddable":true,"href":"https:\/\/inisa.ufms.br\/en\/wp-json\/wp\/v2\/coauthors?post=2712"}],"curies":[{"name":"wp","href":"https:\/\/api.w.org\/{rel}","templated":true}]}}