{"id":396,"date":"2018-02-02T11:32:00","date_gmt":"2018-02-02T14:32:00","guid":{"rendered":"https:\/\/inisa.ufms.br\/?page_id=396"},"modified":"2025-06-16T14:06:39","modified_gmt":"2025-06-16T18:06:39","slug":"atencao-ao-paciente-critico","status":"publish","type":"page","link":"https:\/\/inisa.ufms.br\/en\/pagina-inicial\/atencao-ao-paciente-critico\/","title":{"rendered":"Aten\u00e7\u00e3o ao Paciente Cr\u00edtico"},"content":{"rendered":"<h2><a href=\"https:\/\/inisa.ufms.br\/files\/2022\/07\/residencia-2.jpg\"><img fetchpriority=\"high\" decoding=\"async\" class=\" wp-image-6608 aligncenter\" src=\"https:\/\/inisa.ufms.br\/files\/2022\/07\/residencia-2-300x268.jpg\" alt=\"\" width=\"338\" height=\"302\" srcset=\"https:\/\/inisa.ufms.br\/files\/2022\/07\/residencia-2-300x268.jpg 300w, https:\/\/inisa.ufms.br\/files\/2022\/07\/residencia-2-359x320.jpg 359w, https:\/\/inisa.ufms.br\/files\/2022\/07\/residencia-2.jpg 400w\" sizes=\"(max-width: 338px) 100vw, 338px\" \/><\/a><strong>Apresenta\u00e7\u00e3o<\/strong><\/h2>\n<p style=\"text-align: left\">A Resid\u00eancia Integrada Multiprofissional em Sa\u00fade (RIMS) constitui modalidade de ensino de p\u00f3s-gradua\u00e7\u00e3o lato sensu. Trata-se de um curso de especializa\u00e7\u00e3o subordinado \u00e0 \u00e1rea tem\u00e1tica 2 da CNRMS \u2013 Intensivismo, Urg\u00eancia e Emerg\u00eancia \u2013, caracterizado por ensino em servi\u00e7o na perspectiva do trabalho interdisciplinar, com carga hor\u00e1ria de 60 horas semanais e dura\u00e7\u00e3o m\u00ednima de dois anos, com recebimento de bolsa de estudos.<\/p>\n<p>A RIMS foi criada em 2010 e atualmente oferece 18 vagas anuais, estratificadas em 5 categorias profissionais: 4 Enfermeiros, 4 Farmac\u00eauticos, 4 Fisioterapeutas, 4 Nutricionistas e 2 Odont\u00f3logos. Os residentes cursam 1.152 horas (20%) de disciplinas te\u00f3ricas e 4.608 horas (80%) de pr\u00e1ticas, com aulas em laborat\u00f3rios especializados e est\u00e1gios em enfermarias e unidades de terapia intensiva gerais e especializadas de tr\u00eas hospitais de ensino.<\/p>\n<p>Pautado numa forma\u00e7\u00e3o humanista, hol\u00edstica, cr\u00edtica, reflexiva, t\u00e9cnico-cient\u00edfico e baseada nos princ\u00edpios do SUS, almeja-se que o egresso da RIMS tenha experi\u00eancia pr\u00e1tica interdisciplinar para atuar junto ao paciente cr\u00edtico, com diferentes fazeres e saberes.<\/p>\n<p><strong>Coordenadora da RIMS:<\/strong> Prof\u00aa. Dr\u00aa. Andrelisa Vendrami Parra<br \/>\n<strong>Coordenadora da Coremu<\/strong>: Profa. Dra. Camila Guimaraes Polisel<br \/>\n<strong>Informa\u00e7\u00f5es<\/strong>: <a href=\"mailto:premusapc.inisa@ufms.br\">premusapc.inisa@ufms.br<\/a> ou (67) 3345-7407<\/p>\n","protected":false},"excerpt":{"rendered":"<p>Apresenta\u00e7\u00e3o A Resid\u00eancia Integrada Multiprofissional em Sa\u00fade (RIMS) constitui modalidade de ensino de p\u00f3s-gradua\u00e7\u00e3o lato sensu. Trata-se de um curso de especializa\u00e7\u00e3o subordinado \u00e0 \u00e1rea tem\u00e1tica 2 da CNRMS \u2013 Intensivismo, Urg\u00eancia e Emerg\u00eancia \u2013, caracterizado por ensino em servi\u00e7o na perspectiva do trabalho interdisciplinar, com carga hor\u00e1ria de 60 horas semanais e dura\u00e7\u00e3o m\u00ednima [&hellip;]<\/p>\n","protected":false},"author":1485,"featured_media":0,"parent":20,"menu_order":0,"comment_status":"closed","ping_status":"closed","template":"page-templates\/page-coordenadorias.php","meta":{"footnotes":""},"coauthors":[37],"class_list":["post-396","page","type-page","status-publish","hentry"],"_links":{"self":[{"href":"https:\/\/inisa.ufms.br\/en\/wp-json\/wp\/v2\/pages\/396","targetHints":{"allow":["GET"]}}],"collection":[{"href":"https:\/\/inisa.ufms.br\/en\/wp-json\/wp\/v2\/pages"}],"about":[{"href":"https:\/\/inisa.ufms.br\/en\/wp-json\/wp\/v2\/types\/page"}],"author":[{"embeddable":true,"href":"https:\/\/inisa.ufms.br\/en\/wp-json\/wp\/v2\/users\/1485"}],"replies":[{"embeddable":true,"href":"https:\/\/inisa.ufms.br\/en\/wp-json\/wp\/v2\/comments?post=396"}],"version-history":[{"count":9,"href":"https:\/\/inisa.ufms.br\/en\/wp-json\/wp\/v2\/pages\/396\/revisions"}],"predecessor-version":[{"id":8878,"href":"https:\/\/inisa.ufms.br\/en\/wp-json\/wp\/v2\/pages\/396\/revisions\/8878"}],"up":[{"embeddable":true,"href":"https:\/\/inisa.ufms.br\/en\/wp-json\/wp\/v2\/pages\/20"}],"wp:attachment":[{"href":"https:\/\/inisa.ufms.br\/en\/wp-json\/wp\/v2\/media?parent=396"}],"wp:term":[{"taxonomy":"author","embeddable":true,"href":"https:\/\/inisa.ufms.br\/en\/wp-json\/wp\/v2\/coauthors?post=396"}],"curies":[{"name":"wp","href":"https:\/\/api.w.org\/{rel}","templated":true}]}}