{"id":44,"date":"2017-07-05T15:58:37","date_gmt":"2017-07-05T19:58:37","guid":{"rendered":"http:\/\/facfan.draconis.ufms.br\/?page_id=44"},"modified":"2023-07-11T09:26:39","modified_gmt":"2023-07-11T13:26:39","slug":"ppgenf","status":"publish","type":"page","link":"https:\/\/inisa.ufms.br\/en\/pagina-inicial\/ppgenf\/","title":{"rendered":"Mestrado em Enfermagem"},"content":{"rendered":"<p>&nbsp;<\/p>\n<p><a href=\"https:\/\/inisa.ufms.br\/files\/2020\/06\/Logo-texto-azul-e1592480825761.jpg\"><img decoding=\"async\" class=\"wp-image-3451 aligncenter\" src=\"https:\/\/inisa.ufms.br\/files\/2020\/06\/Logo-texto-azul-e1592480825761.jpg\" alt=\"E-mail: ppgenfemagem.inisa@ufms.br Telefone: (67) 3345-7768\" width=\"171\" height=\"104\" srcset=\"https:\/\/inisa.ufms.br\/files\/2020\/06\/Logo-texto-azul-e1592480825761.jpg 960w, https:\/\/inisa.ufms.br\/files\/2020\/06\/Logo-texto-azul-e1592480825761-300x182.jpg 300w, https:\/\/inisa.ufms.br\/files\/2020\/06\/Logo-texto-azul-e1592480825761-768x466.jpg 768w, https:\/\/inisa.ufms.br\/files\/2020\/06\/Logo-texto-azul-e1592480825761-527x320.jpg 527w\" sizes=\"(max-width: 171px) 100vw, 171px\" \/><\/a><\/p>\n<p style=\"text-align: center\"><span style=\"font-size: 14pt\"><strong>Para informa\u00e7\u00f5es sobre o PPGEnf. e not\u00edcias a partir de 11\/07\/2023,<\/strong><\/span><\/p>\n<p style=\"text-align: center\"><span style=\"font-size: 14pt\"><strong>favor acessar: <a href=\"https:\/\/ppgenfermagem.ufms.br\/\">https:\/\/ppgenfermagem.ufms.br\/<\/a><\/strong><\/span><\/p>\n<p>&nbsp;<\/p>\n<p>&nbsp;<\/p>\n","protected":false},"excerpt":{"rendered":"<p>&nbsp; Para informa\u00e7\u00f5es sobre o PPGEnf. e not\u00edcias a partir de 11\/07\/2023, favor acessar: https:\/\/ppgenfermagem.ufms.br\/ &nbsp; &nbsp;<\/p>\n","protected":false},"author":7449,"featured_media":0,"parent":20,"menu_order":0,"comment_status":"closed","ping_status":"closed","template":"page-templates\/page-coordenadorias.php","meta":{"footnotes":""},"coauthors":[],"class_list":["post-44","page","type-page","status-publish","hentry"],"_links":{"self":[{"href":"https:\/\/inisa.ufms.br\/en\/wp-json\/wp\/v2\/pages\/44","targetHints":{"allow":["GET"]}}],"collection":[{"href":"https:\/\/inisa.ufms.br\/en\/wp-json\/wp\/v2\/pages"}],"about":[{"href":"https:\/\/inisa.ufms.br\/en\/wp-json\/wp\/v2\/types\/page"}],"author":[{"embeddable":true,"href":"https:\/\/inisa.ufms.br\/en\/wp-json\/wp\/v2\/users\/7449"}],"replies":[{"embeddable":true,"href":"https:\/\/inisa.ufms.br\/en\/wp-json\/wp\/v2\/comments?post=44"}],"version-history":[{"count":49,"href":"https:\/\/inisa.ufms.br\/en\/wp-json\/wp\/v2\/pages\/44\/revisions"}],"predecessor-version":[{"id":7890,"href":"https:\/\/inisa.ufms.br\/en\/wp-json\/wp\/v2\/pages\/44\/revisions\/7890"}],"up":[{"embeddable":true,"href":"https:\/\/inisa.ufms.br\/en\/wp-json\/wp\/v2\/pages\/20"}],"wp:attachment":[{"href":"https:\/\/inisa.ufms.br\/en\/wp-json\/wp\/v2\/media?parent=44"}],"wp:term":[{"taxonomy":"author","embeddable":true,"href":"https:\/\/inisa.ufms.br\/en\/wp-json\/wp\/v2\/coauthors?post=44"}],"curies":[{"name":"wp","href":"https:\/\/api.w.org\/{rel}","templated":true}]}}