{"id":6075,"date":"2022-02-18T11:18:09","date_gmt":"2022-02-18T15:18:09","guid":{"rendered":"https:\/\/inisa.ufms.br\/?page_id=6075"},"modified":"2026-04-02T09:45:52","modified_gmt":"2026-04-02T13:45:52","slug":"regulamento-interno-do-programa","status":"publish","type":"page","link":"https:\/\/inisa.ufms.br\/en\/pagina-inicial\/atencao-ao-paciente-critico\/regulamento-interno-do-programa\/","title":{"rendered":"Legisla\u00e7\u00e3o e Normas"},"content":{"rendered":"<ul>\n<li>\n<h6><span style=\"color: #000000\"><a style=\"color: #000000\" href=\"https:\/\/inisa.ufms.br\/files\/2022\/09\/Matriz-curricular-Premus-APC-1.pdf\"><span style=\"font-family: arial, helvetica, sans-serif;font-size: 10pt\"><strong>Matriz Curricular &#8211; Premus-APC<\/strong><\/span><\/a><\/span><\/h6>\n<\/li>\n<li>\n<h6><a href=\"https:\/\/inisa.ufms.br\/files\/2022\/12\/PPC-da-RIMS-Aprovado-NDAE.pdf\"><span style=\"font-size: 10pt;font-family: arial, helvetica, sans-serif;color: #333333\"><strong>Projeto Pedag\u00f3gico do Curso de Resid\u00eancia Multiprofissional em Sa\u00fade: Aten\u00e7\u00e3o ao Paciente Cr\u00edtico (Premus-APC)<\/strong><\/span><\/a><\/h6>\n<\/li>\n<li>\n<h6><span style=\"font-size: 10pt;font-family: arial, helvetica, sans-serif;color: #333333\"><strong><a style=\"color: #333333\" href=\"https:\/\/inisa.ufms.br\/files\/2022\/07\/Regime-Disciplinar-Discente-da-UFMS.pdf\">Regulamento Disciplinar do Estudante da UFMS<\/a><\/strong><\/span><\/h6>\n<\/li>\n<li>\n<h6><span style=\"font-size: 10pt;font-family: arial, helvetica, sans-serif;color: #333333\"><strong><a style=\"color: #333333\" href=\"https:\/\/inisa.ufms.br\/files\/2022\/07\/Regimento-Geral-UFMS-Res.-Coun-137-de-2021-\u2013-Art-26.pdf\">Regimento Geral da UFMS<\/a><\/strong><\/span><\/h6>\n<\/li>\n<li>\n<h6><span style=\"font-size: 10pt;font-family: arial, helvetica, sans-serif;color: #333333\"><strong><a style=\"color: #333333\" href=\"https:\/\/inisa.ufms.br\/files\/2022\/07\/Regulamento-Interno-\u2013-Premus-APC.pdf\">Regimento Interno do Premus-APC<\/a><\/strong><\/span><\/h6>\n<\/li>\n<li>\n<h6><span style=\"font-size: 10pt;font-family: arial, helvetica, sans-serif;color: #333333\"><strong><a style=\"color: #333333\" href=\"https:\/\/inisa.ufms.br\/files\/2022\/07\/Resolucao-CNRM-no-2-de-13-de-abril-de-2012.pdf\">Resolu\u00e7\u00e3o CNRM n\u00ba 2, de 13 de abril de 2012<\/a><\/strong><\/span><u><\/u><\/h6>\n<h6><\/h6>\n<h6><\/h6>\n<\/li>\n<\/ul>","protected":false},"excerpt":{"rendered":"<p>Matriz Curricular &#8211; Premus-APC Projeto Pedag\u00f3gico do Curso de Resid\u00eancia Multiprofissional em Sa\u00fade: Aten\u00e7\u00e3o ao Paciente Cr\u00edtico (Premus-APC) Regulamento Disciplinar do Estudante da UFMS Regimento Geral da UFMS Regimento Interno do Premus-APC Resolu\u00e7\u00e3o CNRM n\u00ba 2, de 13 de abril de 2012<\/p>\n","protected":false},"author":2160,"featured_media":2066,"parent":396,"menu_order":0,"comment_status":"closed","ping_status":"closed","template":"","meta":{"footnotes":""},"coauthors":[39],"class_list":["post-6075","page","type-page","status-publish","has-post-thumbnail","hentry"],"_links":{"self":[{"href":"https:\/\/inisa.ufms.br\/en\/wp-json\/wp\/v2\/pages\/6075","targetHints":{"allow":["GET"]}}],"collection":[{"href":"https:\/\/inisa.ufms.br\/en\/wp-json\/wp\/v2\/pages"}],"about":[{"href":"https:\/\/inisa.ufms.br\/en\/wp-json\/wp\/v2\/types\/page"}],"author":[{"embeddable":true,"href":"https:\/\/inisa.ufms.br\/en\/wp-json\/wp\/v2\/users\/2160"}],"replies":[{"embeddable":true,"href":"https:\/\/inisa.ufms.br\/en\/wp-json\/wp\/v2\/comments?post=6075"}],"version-history":[{"count":31,"href":"https:\/\/inisa.ufms.br\/en\/wp-json\/wp\/v2\/pages\/6075\/revisions"}],"predecessor-version":[{"id":9599,"href":"https:\/\/inisa.ufms.br\/en\/wp-json\/wp\/v2\/pages\/6075\/revisions\/9599"}],"up":[{"embeddable":true,"href":"https:\/\/inisa.ufms.br\/en\/wp-json\/wp\/v2\/pages\/396"}],"wp:featuredmedia":[{"embeddable":true,"href":"https:\/\/inisa.ufms.br\/en\/wp-json\/wp\/v2\/media\/2066"}],"wp:attachment":[{"href":"https:\/\/inisa.ufms.br\/en\/wp-json\/wp\/v2\/media?parent=6075"}],"wp:term":[{"taxonomy":"author","embeddable":true,"href":"https:\/\/inisa.ufms.br\/en\/wp-json\/wp\/v2\/coauthors?post=6075"}],"curies":[{"name":"wp","href":"https:\/\/api.w.org\/{rel}","templated":true}]}}