{"id":6914,"date":"2022-09-28T16:52:42","date_gmt":"2022-09-28T20:52:42","guid":{"rendered":"https:\/\/inisa.ufms.br\/?page_id=6914"},"modified":"2026-02-26T10:40:48","modified_gmt":"2026-02-26T14:40:48","slug":"listas-de-frequencia-download-2","status":"publish","type":"page","link":"https:\/\/inisa.ufms.br\/en\/pagina-inicial\/atencao-ao-paciente-critico\/listas-de-frequencia-download-2\/","title":{"rendered":"Listas de Frequ\u00eancia"},"content":{"rendered":"<p>Folha Frequ\u00eancia R1 &#8211; Campo de Pr\u00e1tica: <a href=\"https:\/\/inisa.ufms.br\/files\/2022\/09\/Folha-Frequencia-R1-\u2013-Campo-de-pratica.pdf\">Download<\/a><\/p>\n<p>Folha Frequ\u00eancia R2 &#8211; Campo de Pr\u00e1tica:<a href=\"https:\/\/inisa.ufms.br\/files\/2022\/09\/Folha-Frequencia-R2-\u2013-Campo-de-pratica.pdf\"> Download<\/a><\/p>\n<p>Lista de Frequ\u00eancia &#8211; Eixo Espec\u00edfico: <a href=\"https:\/\/inisa.ufms.br\/files\/2022\/09\/Lista-Frequencia-\u2013-eixo-especifico.pdf\">Download<\/a><\/p>\n<p>Lista de Frequ\u00eancia &#8211; Eixo Transversal &#8211; Turma 2021-2022: <a href=\"https:\/\/inisa.ufms.br\/files\/2022\/09\/Lista-Frequencia-\u2013-Eixo-transversal-\u2013-Turma-2021-2022.docx\">Download<\/a><\/p>\n<p>Lista de Frequ\u00eancia &#8211; Eixo Transversal &#8211; Turma 2022-2023: <a href=\"https:\/\/inisa.ufms.br\/files\/2022\/09\/Lista-Frequencia-\u2013-Eixo-transversal-\u2013-Turma-2022-2023.docx\">Download<\/a><\/p>\n<p>Lista de Frequ\u00eancia &#8211; Eixo Transversal: <a href=\"https:\/\/inisa.ufms.br\/files\/2022\/09\/Lista-Frequencia-\u2013-eixo-transversal-1.pdf\">Download<\/a><\/p>\n","protected":false},"excerpt":{"rendered":"<p>Folha Frequ\u00eancia R1 &#8211; Campo de Pr\u00e1tica: Download Folha Frequ\u00eancia R2 &#8211; Campo de Pr\u00e1tica: Download Lista de Frequ\u00eancia &#8211; Eixo Espec\u00edfico: Download Lista de Frequ\u00eancia &#8211; Eixo Transversal &#8211; Turma 2021-2022: Download Lista de Frequ\u00eancia &#8211; Eixo Transversal &#8211; Turma 2022-2023: Download Lista de Frequ\u00eancia &#8211; Eixo Transversal: Download<\/p>\n","protected":false},"author":23893,"featured_media":0,"parent":396,"menu_order":0,"comment_status":"closed","ping_status":"closed","template":"","meta":{"footnotes":""},"coauthors":[45],"class_list":["post-6914","page","type-page","status-publish","hentry"],"_links":{"self":[{"href":"https:\/\/inisa.ufms.br\/en\/wp-json\/wp\/v2\/pages\/6914","targetHints":{"allow":["GET"]}}],"collection":[{"href":"https:\/\/inisa.ufms.br\/en\/wp-json\/wp\/v2\/pages"}],"about":[{"href":"https:\/\/inisa.ufms.br\/en\/wp-json\/wp\/v2\/types\/page"}],"author":[{"embeddable":true,"href":"https:\/\/inisa.ufms.br\/en\/wp-json\/wp\/v2\/users\/23893"}],"replies":[{"embeddable":true,"href":"https:\/\/inisa.ufms.br\/en\/wp-json\/wp\/v2\/comments?post=6914"}],"version-history":[{"count":5,"href":"https:\/\/inisa.ufms.br\/en\/wp-json\/wp\/v2\/pages\/6914\/revisions"}],"predecessor-version":[{"id":6982,"href":"https:\/\/inisa.ufms.br\/en\/wp-json\/wp\/v2\/pages\/6914\/revisions\/6982"}],"up":[{"embeddable":true,"href":"https:\/\/inisa.ufms.br\/en\/wp-json\/wp\/v2\/pages\/396"}],"wp:attachment":[{"href":"https:\/\/inisa.ufms.br\/en\/wp-json\/wp\/v2\/media?parent=6914"}],"wp:term":[{"taxonomy":"author","embeddable":true,"href":"https:\/\/inisa.ufms.br\/en\/wp-json\/wp\/v2\/coauthors?post=6914"}],"curies":[{"name":"wp","href":"https:\/\/api.w.org\/{rel}","templated":true}]}}