{"id":6920,"date":"2022-09-28T16:53:59","date_gmt":"2022-09-28T20:53:59","guid":{"rendered":"https:\/\/inisa.ufms.br\/?page_id=6920"},"modified":"2026-02-26T10:44:01","modified_gmt":"2026-02-26T14:44:01","slug":"tcr-download","status":"publish","type":"page","link":"https:\/\/inisa.ufms.br\/en\/pagina-inicial\/atencao-ao-paciente-critico\/tcr-download\/","title":{"rendered":"TCR"},"content":{"rendered":"<p>Agendamento da Defesa: <a href=\"https:\/\/inisa.ufms.br\/files\/2022\/09\/Agendamento-da-Defesa.docx\">Download<\/a><\/p>\n<p>Avalia\u00e7\u00e3o do Processo de Orienta\u00e7\u00e3o: <a href=\"https:\/\/inisa.ufms.br\/files\/2022\/09\/Avaliacao-do-processo-de-orientacao.docx\">Download<\/a><\/p>\n<p>Declara\u00e7\u00e3o de Aceite de Orienta\u00e7\u00e3o: <a href=\"https:\/\/inisa.ufms.br\/files\/2022\/09\/Declaracao-de-aceite-de-orientacao.docx\">Download<\/a><\/p>\n<p>Ficha de Avalia\u00e7\u00e3o: <a href=\"https:\/\/inisa.ufms.br\/files\/2022\/09\/Ficha-de-Avaliacao-.docx\">Download<\/a><\/p>\n<p>Regulamento do TCR &#8211; Premus-APC: <a href=\"https:\/\/inisa.ufms.br\/files\/2022\/12\/Regulamento-do-TCR-Premus-APC.pdf\">Download<\/a><\/p>\n","protected":false},"excerpt":{"rendered":"<p>Agendamento da Defesa: Download Avalia\u00e7\u00e3o do Processo de Orienta\u00e7\u00e3o: Download Declara\u00e7\u00e3o de Aceite de Orienta\u00e7\u00e3o: Download Ficha de Avalia\u00e7\u00e3o: Download Regulamento do TCR &#8211; Premus-APC: Download<\/p>\n","protected":false},"author":23893,"featured_media":0,"parent":396,"menu_order":0,"comment_status":"closed","ping_status":"closed","template":"","meta":{"footnotes":""},"coauthors":[45],"class_list":["post-6920","page","type-page","status-publish","hentry"],"_links":{"self":[{"href":"https:\/\/inisa.ufms.br\/en\/wp-json\/wp\/v2\/pages\/6920","targetHints":{"allow":["GET"]}}],"collection":[{"href":"https:\/\/inisa.ufms.br\/en\/wp-json\/wp\/v2\/pages"}],"about":[{"href":"https:\/\/inisa.ufms.br\/en\/wp-json\/wp\/v2\/types\/page"}],"author":[{"embeddable":true,"href":"https:\/\/inisa.ufms.br\/en\/wp-json\/wp\/v2\/users\/23893"}],"replies":[{"embeddable":true,"href":"https:\/\/inisa.ufms.br\/en\/wp-json\/wp\/v2\/comments?post=6920"}],"version-history":[{"count":6,"href":"https:\/\/inisa.ufms.br\/en\/wp-json\/wp\/v2\/pages\/6920\/revisions"}],"predecessor-version":[{"id":7199,"href":"https:\/\/inisa.ufms.br\/en\/wp-json\/wp\/v2\/pages\/6920\/revisions\/7199"}],"up":[{"embeddable":true,"href":"https:\/\/inisa.ufms.br\/en\/wp-json\/wp\/v2\/pages\/396"}],"wp:attachment":[{"href":"https:\/\/inisa.ufms.br\/en\/wp-json\/wp\/v2\/media?parent=6920"}],"wp:term":[{"taxonomy":"author","embeddable":true,"href":"https:\/\/inisa.ufms.br\/en\/wp-json\/wp\/v2\/coauthors?post=6920"}],"curies":[{"name":"wp","href":"https:\/\/api.w.org\/{rel}","templated":true}]}}