{"id":7418,"date":"2023-02-07T14:29:21","date_gmt":"2023-02-07T18:29:21","guid":{"rendered":"https:\/\/inisa.ufms.br\/?page_id=7418"},"modified":"2024-08-23T13:42:18","modified_gmt":"2024-08-23T17:42:18","slug":"normas-de-elaboracao-de-dissertacao","status":"publish","type":"page","link":"https:\/\/inisa.ufms.br\/en\/pagina-inicial\/ppgsf\/normas-de-elaboracao-de-dissertacao\/","title":{"rendered":"NORMAS DE ELABORA\u00c7\u00c3O DE DISSERTA\u00c7\u00c3O"},"content":{"rendered":"<h4>[gview file=&#8221;https:\/\/inisa.ufms.br\/files\/2024\/08\/Dissertacoes-estrutura-e-forma-PPGSF-atualizado-agosto-2023-1.pdf&#8221;]<\/h4>\n<h4 class=\"panel-title\">LIVRO &#8220;PESQUISA CIENT\u00cdFICA EM SA\u00daDE&#8221; &#8211; atualizado 2023<\/h4>\n[gview file=&#8221;https:\/\/inisa.ufms.br\/files\/2024\/08\/Livro-final-2023-segundo-semestre.pdf&#8221;]\n","protected":false},"excerpt":{"rendered":"<p>[gview file=&#8221;https:\/\/inisa.ufms.br\/files\/2024\/08\/Dissertacoes-estrutura-e-forma-PPGSF-atualizado-agosto-2023-1.pdf&#8221;] LIVRO &#8220;PESQUISA CIENT\u00cdFICA EM SA\u00daDE&#8221; &#8211; atualizado 2023 [gview file=&#8221;https:\/\/inisa.ufms.br\/files\/2024\/08\/Livro-final-2023-segundo-semestre.pdf&#8221;]<\/p>\n","protected":false},"author":454,"featured_media":0,"parent":1167,"menu_order":0,"comment_status":"closed","ping_status":"closed","template":"","meta":{"footnotes":""},"coauthors":[],"class_list":["post-7418","page","type-page","status-publish","hentry"],"_links":{"self":[{"href":"https:\/\/inisa.ufms.br\/en\/wp-json\/wp\/v2\/pages\/7418","targetHints":{"allow":["GET"]}}],"collection":[{"href":"https:\/\/inisa.ufms.br\/en\/wp-json\/wp\/v2\/pages"}],"about":[{"href":"https:\/\/inisa.ufms.br\/en\/wp-json\/wp\/v2\/types\/page"}],"author":[{"embeddable":true,"href":"https:\/\/inisa.ufms.br\/en\/wp-json\/wp\/v2\/users\/454"}],"replies":[{"embeddable":true,"href":"https:\/\/inisa.ufms.br\/en\/wp-json\/wp\/v2\/comments?post=7418"}],"version-history":[{"count":6,"href":"https:\/\/inisa.ufms.br\/en\/wp-json\/wp\/v2\/pages\/7418\/revisions"}],"predecessor-version":[{"id":8486,"href":"https:\/\/inisa.ufms.br\/en\/wp-json\/wp\/v2\/pages\/7418\/revisions\/8486"}],"up":[{"embeddable":true,"href":"https:\/\/inisa.ufms.br\/en\/wp-json\/wp\/v2\/pages\/1167"}],"wp:attachment":[{"href":"https:\/\/inisa.ufms.br\/en\/wp-json\/wp\/v2\/media?parent=7418"}],"wp:term":[{"taxonomy":"author","embeddable":true,"href":"https:\/\/inisa.ufms.br\/en\/wp-json\/wp\/v2\/coauthors?post=7418"}],"curies":[{"name":"wp","href":"https:\/\/api.w.org\/{rel}","templated":true}]}}