{"id":8132,"date":"2024-01-18T09:29:50","date_gmt":"2024-01-18T13:29:50","guid":{"rendered":"https:\/\/inisa.ufms.br\/?page_id=8132"},"modified":"2026-02-26T10:32:34","modified_gmt":"2026-02-26T14:32:34","slug":"trabalho-de-conclusao-de-residencia-tcr","status":"publish","type":"page","link":"https:\/\/inisa.ufms.br\/en\/pagina-inicial\/multiprofissional-em-reabilitacao-fisica\/trabalho-de-conclusao-de-residencia-tcr\/","title":{"rendered":"Trabalho de Conclus\u00e3o de Resid\u00eancia (TCR)"},"content":{"rendered":"<p><a href=\"https:\/\/inisa.ufms.br\/files\/2024\/01\/Regulamento-do-TCR-Premus-REAB_2022.pdf\"><strong>Regulamento de TCR do Premus-Reab\u00a0<\/strong><\/a><\/p>\n<p><a href=\"https:\/\/inisa.ufms.br\/files\/2024\/01\/Agendamento-da-Defesa.docx\"><strong>Agendamento da Defesa<\/strong><\/a><\/p>\n<p><a href=\"https:\/\/inisa.ufms.br\/files\/2024\/01\/Avaliacao-do-Processo-de-Orientacao.docx\"><strong>Avalia\u00e7\u00e3o do Processo de Orienta\u00e7\u00e3o<\/strong><\/a><\/p>\n<p><a href=\"https:\/\/inisa.ufms.br\/files\/2024\/01\/Declaracao-do-Aceite-de-Orientacao-1.docx\"><strong>Declara\u00e7\u00e3o do Aceite de Orienta\u00e7\u00e3o<\/strong><\/a><\/p>\n<p><a href=\"https:\/\/inisa.ufms.br\/files\/2024\/01\/Ficha-de-Avaliacao-do-TCR-Banca.docx\"><strong>Ficha de Avalia\u00e7\u00e3o do TCR &#8211; Banca<\/strong><\/a><\/p>\n","protected":false},"excerpt":{"rendered":"<p>Regulamento de TCR do Premus-Reab\u00a0 Agendamento da Defesa Avalia\u00e7\u00e3o do Processo de Orienta\u00e7\u00e3o Declara\u00e7\u00e3o do Aceite de Orienta\u00e7\u00e3o Ficha de Avalia\u00e7\u00e3o do TCR &#8211; Banca<\/p>\n","protected":false},"author":34808,"featured_media":0,"parent":969,"menu_order":0,"comment_status":"closed","ping_status":"closed","template":"","meta":{"footnotes":""},"coauthors":[52],"class_list":["post-8132","page","type-page","status-publish","hentry"],"_links":{"self":[{"href":"https:\/\/inisa.ufms.br\/en\/wp-json\/wp\/v2\/pages\/8132","targetHints":{"allow":["GET"]}}],"collection":[{"href":"https:\/\/inisa.ufms.br\/en\/wp-json\/wp\/v2\/pages"}],"about":[{"href":"https:\/\/inisa.ufms.br\/en\/wp-json\/wp\/v2\/types\/page"}],"author":[{"embeddable":true,"href":"https:\/\/inisa.ufms.br\/en\/wp-json\/wp\/v2\/users\/34808"}],"replies":[{"embeddable":true,"href":"https:\/\/inisa.ufms.br\/en\/wp-json\/wp\/v2\/comments?post=8132"}],"version-history":[{"count":2,"href":"https:\/\/inisa.ufms.br\/en\/wp-json\/wp\/v2\/pages\/8132\/revisions"}],"predecessor-version":[{"id":8179,"href":"https:\/\/inisa.ufms.br\/en\/wp-json\/wp\/v2\/pages\/8132\/revisions\/8179"}],"up":[{"embeddable":true,"href":"https:\/\/inisa.ufms.br\/en\/wp-json\/wp\/v2\/pages\/969"}],"wp:attachment":[{"href":"https:\/\/inisa.ufms.br\/en\/wp-json\/wp\/v2\/media?parent=8132"}],"wp:term":[{"taxonomy":"author","embeddable":true,"href":"https:\/\/inisa.ufms.br\/en\/wp-json\/wp\/v2\/coauthors?post=8132"}],"curies":[{"name":"wp","href":"https:\/\/api.w.org\/{rel}","templated":true}]}}