{"id":8138,"date":"2024-01-18T09:25:51","date_gmt":"2024-01-18T13:25:51","guid":{"rendered":"https:\/\/inisa.ufms.br\/?page_id=8138"},"modified":"2026-02-26T10:24:23","modified_gmt":"2026-02-26T14:24:23","slug":"estagio-externo-optativo","status":"publish","type":"page","link":"https:\/\/inisa.ufms.br\/en\/pagina-inicial\/multiprofissional-em-reabilitacao-fisica\/estagio-externo-optativo\/","title":{"rendered":"Est\u00e1gio Externo Optativo"},"content":{"rendered":"<p><a href=\"https:\/\/inisa.ufms.br\/files\/2024\/01\/Carta-de-Apresentacao-e-Autorizacao.docx\"><strong>Carta de Apresenta\u00e7\u00e3o e Autoriza\u00e7\u00e3o<\/strong><\/a><\/p>\n<p><a href=\"https:\/\/inisa.ufms.br\/files\/2024\/01\/Declaracao-de-ciencia-e-responsabilidade-do-supervisor-de-estagio.docx\"><strong>Declara\u00e7\u00e3o de ci\u00eancia e responsabilidade do supervisor de est\u00e1gio<\/strong><\/a><\/p>\n<p><a href=\"https:\/\/inisa.ufms.br\/files\/2024\/01\/Plano-de-Atividades-de-Estagio-Externo.docx\"><strong>Plano de Atividades de Est\u00e1gio Externo<\/strong><\/a><\/p>\n<p><a href=\"https:\/\/inisa.ufms.br\/files\/2024\/01\/Solicitacao-de-Estagio-Curricular-Externo.docx\"><strong>Solicita\u00e7\u00e3o de Est\u00e1gio Curricular Externo<\/strong><\/a><\/p>\n","protected":false},"excerpt":{"rendered":"<p>Carta de Apresenta\u00e7\u00e3o e Autoriza\u00e7\u00e3o Declara\u00e7\u00e3o de ci\u00eancia e responsabilidade do supervisor de est\u00e1gio Plano de Atividades de Est\u00e1gio Externo Solicita\u00e7\u00e3o de Est\u00e1gio Curricular Externo<\/p>\n","protected":false},"author":34808,"featured_media":0,"parent":969,"menu_order":0,"comment_status":"closed","ping_status":"closed","template":"","meta":{"footnotes":""},"coauthors":[52],"class_list":["post-8138","page","type-page","status-publish","hentry"],"_links":{"self":[{"href":"https:\/\/inisa.ufms.br\/en\/wp-json\/wp\/v2\/pages\/8138","targetHints":{"allow":["GET"]}}],"collection":[{"href":"https:\/\/inisa.ufms.br\/en\/wp-json\/wp\/v2\/pages"}],"about":[{"href":"https:\/\/inisa.ufms.br\/en\/wp-json\/wp\/v2\/types\/page"}],"author":[{"embeddable":true,"href":"https:\/\/inisa.ufms.br\/en\/wp-json\/wp\/v2\/users\/34808"}],"replies":[{"embeddable":true,"href":"https:\/\/inisa.ufms.br\/en\/wp-json\/wp\/v2\/comments?post=8138"}],"version-history":[{"count":2,"href":"https:\/\/inisa.ufms.br\/en\/wp-json\/wp\/v2\/pages\/8138\/revisions"}],"predecessor-version":[{"id":8171,"href":"https:\/\/inisa.ufms.br\/en\/wp-json\/wp\/v2\/pages\/8138\/revisions\/8171"}],"up":[{"embeddable":true,"href":"https:\/\/inisa.ufms.br\/en\/wp-json\/wp\/v2\/pages\/969"}],"wp:attachment":[{"href":"https:\/\/inisa.ufms.br\/en\/wp-json\/wp\/v2\/media?parent=8138"}],"wp:term":[{"taxonomy":"author","embeddable":true,"href":"https:\/\/inisa.ufms.br\/en\/wp-json\/wp\/v2\/coauthors?post=8138"}],"curies":[{"name":"wp","href":"https:\/\/api.w.org\/{rel}","templated":true}]}}