{"id":8185,"date":"2024-01-18T09:35:57","date_gmt":"2024-01-18T13:35:57","guid":{"rendered":"https:\/\/inisa.ufms.br\/?page_id=8185"},"modified":"2026-02-26T10:25:19","modified_gmt":"2026-02-26T14:25:19","slug":"instituicoes-executoras","status":"publish","type":"page","link":"https:\/\/inisa.ufms.br\/en\/pagina-inicial\/multiprofissional-em-reabilitacao-fisica\/instituicoes-executoras\/","title":{"rendered":"Institui\u00e7\u00f5es executoras"},"content":{"rendered":"<ul>\n<li><b>CER APAE<\/b><\/li>\n<\/ul>\n<p><span style=\"font-weight: 400\">O CER\/APAE (Centro Especializado em Reabilita\u00e7\u00e3o e Oficina Ortop\u00e9dica da APAE de Campo Grande\/MS) \u00e9 especializado em reabilita\u00e7\u00e3o, realiza diagn\u00f3stico, tratamento, concess\u00e3o, adapta\u00e7\u00e3o e manuten\u00e7\u00e3o de tecnologia assistiva, constituindo-se em refer\u00eancia para a rede de aten\u00e7\u00e3o \u00e0 sa\u00fade da pessoa com defici\u00eancia f\u00edsica e intelectual em Mato Grosso do Sul.<\/span><\/p>\n<p><span style=\"font-weight: 400\">Habilitado como CER IV, \u00e9 especializado em reabilita\u00e7\u00e3o, realiza diagn\u00f3stico, tratamento, concess\u00e3o, adapta\u00e7\u00e3o e manuten\u00e7\u00e3o de tecnologia assistiva, constituindo-se em refer\u00eancia para a rede de aten\u00e7\u00e3o \u00e0 sa\u00fade da pessoa com defici\u00eancia f\u00edsica e intelectual em Mato Grosso do Sul. Disp\u00f5e de: M\u00e9dicos Especializados em Reabilita\u00e7\u00e3o, Fisioterapia, Fonoaudiologia, Psicologia, Terapia Ocupacional, Servi\u00e7o Social, Enfermagem, Nutri\u00e7\u00e3o, T\u00e9cnico em \u00d3rteses e Pr\u00f3teses e Educador F\u00edsico.<\/span><\/p>\n<p><span style=\"font-weight: 400\">Endere\u00e7o:<\/span><\/p>\n<p><span style=\"font-weight: 400\">Rua Carlinda Tognini, 251, Vila Progresso<\/span><\/p>\n<p><span style=\"font-weight: 400\">CEP: 79050-140 \u2013 Campo Grande\/MS<\/span><\/p>\n<p><span style=\"font-weight: 400\">Telefone: (67) 4042-2250 Op\u00e7\u00e3o 1<\/span><\/p>\n<p><span style=\"font-weight: 400\">Email: <\/span><a href=\"mailto:cer.apae@apaecg.org.br\"><span style=\"font-weight: 400\">cer.apae@apaecg.org.br<\/span><\/a><\/p>\n<p><span style=\"font-weight: 400\">Site: <\/span><a href=\"https:\/\/apaecg.org.br\/cer\/\"><span style=\"font-weight: 400\">https:\/\/apaecg.org.br\/cer\/<\/span><\/a><span style=\"font-weight: 400\">\u00a0<\/span><\/p>\n<p>&nbsp;<\/p>\n","protected":false},"excerpt":{"rendered":"<p>CER APAE O CER\/APAE (Centro Especializado em Reabilita\u00e7\u00e3o e Oficina Ortop\u00e9dica da APAE de Campo Grande\/MS) \u00e9 especializado em reabilita\u00e7\u00e3o, realiza diagn\u00f3stico, tratamento, concess\u00e3o, adapta\u00e7\u00e3o e manuten\u00e7\u00e3o de tecnologia assistiva, constituindo-se em refer\u00eancia para a rede de aten\u00e7\u00e3o \u00e0 sa\u00fade da pessoa com defici\u00eancia f\u00edsica e intelectual em Mato Grosso do Sul. Habilitado como CER [&hellip;]<\/p>\n","protected":false},"author":34808,"featured_media":0,"parent":969,"menu_order":0,"comment_status":"closed","ping_status":"closed","template":"","meta":{"footnotes":""},"coauthors":[52],"class_list":["post-8185","page","type-page","status-publish","hentry"],"_links":{"self":[{"href":"https:\/\/inisa.ufms.br\/en\/wp-json\/wp\/v2\/pages\/8185","targetHints":{"allow":["GET"]}}],"collection":[{"href":"https:\/\/inisa.ufms.br\/en\/wp-json\/wp\/v2\/pages"}],"about":[{"href":"https:\/\/inisa.ufms.br\/en\/wp-json\/wp\/v2\/types\/page"}],"author":[{"embeddable":true,"href":"https:\/\/inisa.ufms.br\/en\/wp-json\/wp\/v2\/users\/34808"}],"replies":[{"embeddable":true,"href":"https:\/\/inisa.ufms.br\/en\/wp-json\/wp\/v2\/comments?post=8185"}],"version-history":[{"count":3,"href":"https:\/\/inisa.ufms.br\/en\/wp-json\/wp\/v2\/pages\/8185\/revisions"}],"predecessor-version":[{"id":8436,"href":"https:\/\/inisa.ufms.br\/en\/wp-json\/wp\/v2\/pages\/8185\/revisions\/8436"}],"up":[{"embeddable":true,"href":"https:\/\/inisa.ufms.br\/en\/wp-json\/wp\/v2\/pages\/969"}],"wp:attachment":[{"href":"https:\/\/inisa.ufms.br\/en\/wp-json\/wp\/v2\/media?parent=8185"}],"wp:term":[{"taxonomy":"author","embeddable":true,"href":"https:\/\/inisa.ufms.br\/en\/wp-json\/wp\/v2\/coauthors?post=8185"}],"curies":[{"name":"wp","href":"https:\/\/api.w.org\/{rel}","templated":true}]}}