{"id":8188,"date":"2024-01-18T09:37:12","date_gmt":"2024-01-18T13:37:12","guid":{"rendered":"https:\/\/inisa.ufms.br\/?page_id=8188"},"modified":"2026-02-26T10:23:07","modified_gmt":"2026-02-26T14:23:07","slug":"secretaria","status":"publish","type":"page","link":"https:\/\/inisa.ufms.br\/en\/pagina-inicial\/multiprofissional-em-reabilitacao-fisica\/secretaria\/","title":{"rendered":"Secretaria"},"content":{"rendered":"<p><b>Instituto Integrado de Sa\u00fade &#8211; INISA<\/b><\/p>\n<p><span style=\"font-weight: 400\">Endere\u00e7o: Unidade XII &#8211; Cidade Universit\u00e1ria, s\/n Universit\u00e1rio &#8211; CEP 79070-900, Campo Grande &#8211; MS<\/span><\/p>\n<p>Telefone: (67) 3345-7790\/7753<\/p>\n<p><span style=\"font-weight: 400\">Site: <\/span><a href=\"https:\/\/inisa.ufms.br\/\"><span style=\"font-weight: 400\">https:\/\/inisa.ufms.br\/<\/span><\/a><span style=\"font-weight: 400\">\u00a0<\/span><\/p>\n<p>&nbsp;<\/p>\n<p><span style=\"font-weight: 400\">Secret\u00e1ria: Simone Barros Viegas<\/span><\/p>\n<p><span style=\"font-weight: 400\">Telefone: (67) 3345-7407<\/span><\/p>\n<p><span style=\"font-weight: 400\">E-mail: <\/span><a href=\"mailto:premusreab.inisa@ufms.br\"><span style=\"font-weight: 400\">premusreab.inisa@ufms.br<\/span><\/a><\/p>\n","protected":false},"excerpt":{"rendered":"<p>Instituto Integrado de Sa\u00fade &#8211; INISA Endere\u00e7o: Unidade XII &#8211; Cidade Universit\u00e1ria, s\/n Universit\u00e1rio &#8211; CEP 79070-900, Campo Grande &#8211; MS Telefone: (67) 3345-7790\/7753 Site: https:\/\/inisa.ufms.br\/\u00a0 &nbsp; Secret\u00e1ria: Simone Barros Viegas Telefone: (67) 3345-7407 E-mail: premusreab.inisa@ufms.br<\/p>\n","protected":false},"author":34808,"featured_media":0,"parent":969,"menu_order":0,"comment_status":"closed","ping_status":"closed","template":"","meta":{"footnotes":""},"coauthors":[52],"class_list":["post-8188","page","type-page","status-publish","hentry"],"_links":{"self":[{"href":"https:\/\/inisa.ufms.br\/en\/wp-json\/wp\/v2\/pages\/8188","targetHints":{"allow":["GET"]}}],"collection":[{"href":"https:\/\/inisa.ufms.br\/en\/wp-json\/wp\/v2\/pages"}],"about":[{"href":"https:\/\/inisa.ufms.br\/en\/wp-json\/wp\/v2\/types\/page"}],"author":[{"embeddable":true,"href":"https:\/\/inisa.ufms.br\/en\/wp-json\/wp\/v2\/users\/34808"}],"replies":[{"embeddable":true,"href":"https:\/\/inisa.ufms.br\/en\/wp-json\/wp\/v2\/comments?post=8188"}],"version-history":[{"count":5,"href":"https:\/\/inisa.ufms.br\/en\/wp-json\/wp\/v2\/pages\/8188\/revisions"}],"predecessor-version":[{"id":8206,"href":"https:\/\/inisa.ufms.br\/en\/wp-json\/wp\/v2\/pages\/8188\/revisions\/8206"}],"up":[{"embeddable":true,"href":"https:\/\/inisa.ufms.br\/en\/wp-json\/wp\/v2\/pages\/969"}],"wp:attachment":[{"href":"https:\/\/inisa.ufms.br\/en\/wp-json\/wp\/v2\/media?parent=8188"}],"wp:term":[{"taxonomy":"author","embeddable":true,"href":"https:\/\/inisa.ufms.br\/en\/wp-json\/wp\/v2\/coauthors?post=8188"}],"curies":[{"name":"wp","href":"https:\/\/api.w.org\/{rel}","templated":true}]}}