{"id":842,"date":"2018-11-06T13:53:54","date_gmt":"2018-11-06T16:53:54","guid":{"rendered":"https:\/\/inisa.ufms.br\/?page_id=842"},"modified":"2023-11-08T13:39:00","modified_gmt":"2023-11-08T17:39:00","slug":"documentos-institucionais","status":"publish","type":"page","link":"https:\/\/inisa.ufms.br\/en\/pagina-inicial\/enfermagem\/documentos-institucionais\/","title":{"rendered":"Legisla\u00e7\u00f5es"},"content":{"rendered":"<ul>\n<li><strong><a href=\"https:\/\/boletimoficial.ufms.br\/bse\/publicacao?id=445057\">Regulamento dos Cursos de Gradua\u00e7\u00e3o da UFMS (Resolu\u00e7\u00e3o Cograd n\u00ba 430\/21).<\/a><\/strong><\/li>\n<li><strong><a href=\"https:\/\/boletimoficial.ufms.br\/bse\/publicacao?id=460873\" target=\"_blank\" rel=\"noopener\">Resolu\u00e7\u00e3o n\u00ba 594-Cograd\/2022<\/a>: Atividades Orientadas de Ensino (AOE).<\/strong><\/li>\n<li><strong><a href=\"https:\/\/boletimoficial.ufms.br\/bse\/publicacao?id=460874\" target=\"_blank\" rel=\"noopener\">Resolu\u00e7\u00e3o n\u00ba 595-Cograd\/2022:<\/a>\u00a0Trabalho de Conclus\u00e3o de Curso (TCC).<\/strong><\/li>\n<li><strong><a href=\"https:\/\/boletimoficial.ufms.br\/bse\/publicacao?id=481502\" target=\"_blank\" rel=\"noopener\">Resolu\u00e7\u00e3o n\u00ba 830-Cograd\/2023:<\/a>\u00a0Atividades Complementares (AC).<\/strong><\/li>\n<li><strong><a href=\"https:\/\/boletimoficial.ufms.br\/bse\/publicacao?id=427614\" target=\"_blank\" rel=\"noopener\">Resolu\u00e7\u00e3o n\u00ba 304-Cograd\/2021:<\/a>\u00a0Atividades de Extens\u00e3o.<\/strong><\/li>\n<li><strong><a href=\"https:\/\/prograd.ufms.br\/files\/2023\/01\/706_Regulamento-de-Est-gio.pdf\" target=\"_blank\" rel=\"noopener\">Resolu\u00e7\u00e3o n\u00ba 706-Cograd\/2022:<\/a>\u00a0Est\u00e1gio.<\/strong><\/li>\n<\/ul>\n","protected":false},"excerpt":{"rendered":"<p>Regulamento dos Cursos de Gradua\u00e7\u00e3o da UFMS (Resolu\u00e7\u00e3o Cograd n\u00ba 430\/21). Resolu\u00e7\u00e3o n\u00ba 594-Cograd\/2022: Atividades Orientadas de Ensino (AOE). Resolu\u00e7\u00e3o n\u00ba 595-Cograd\/2022:\u00a0Trabalho de Conclus\u00e3o de Curso (TCC). Resolu\u00e7\u00e3o n\u00ba 830-Cograd\/2023:\u00a0Atividades Complementares (AC). Resolu\u00e7\u00e3o n\u00ba 304-Cograd\/2021:\u00a0Atividades de Extens\u00e3o. Resolu\u00e7\u00e3o n\u00ba 706-Cograd\/2022:\u00a0Est\u00e1gio.<\/p>\n","protected":false},"author":1485,"featured_media":0,"parent":27,"menu_order":0,"comment_status":"closed","ping_status":"closed","template":"","meta":{"footnotes":""},"coauthors":[],"class_list":["post-842","page","type-page","status-publish","hentry"],"_links":{"self":[{"href":"https:\/\/inisa.ufms.br\/en\/wp-json\/wp\/v2\/pages\/842","targetHints":{"allow":["GET"]}}],"collection":[{"href":"https:\/\/inisa.ufms.br\/en\/wp-json\/wp\/v2\/pages"}],"about":[{"href":"https:\/\/inisa.ufms.br\/en\/wp-json\/wp\/v2\/types\/page"}],"author":[{"embeddable":true,"href":"https:\/\/inisa.ufms.br\/en\/wp-json\/wp\/v2\/users\/1485"}],"replies":[{"embeddable":true,"href":"https:\/\/inisa.ufms.br\/en\/wp-json\/wp\/v2\/comments?post=842"}],"version-history":[{"count":11,"href":"https:\/\/inisa.ufms.br\/en\/wp-json\/wp\/v2\/pages\/842\/revisions"}],"predecessor-version":[{"id":8055,"href":"https:\/\/inisa.ufms.br\/en\/wp-json\/wp\/v2\/pages\/842\/revisions\/8055"}],"up":[{"embeddable":true,"href":"https:\/\/inisa.ufms.br\/en\/wp-json\/wp\/v2\/pages\/27"}],"wp:attachment":[{"href":"https:\/\/inisa.ufms.br\/en\/wp-json\/wp\/v2\/media?parent=842"}],"wp:term":[{"taxonomy":"author","embeddable":true,"href":"https:\/\/inisa.ufms.br\/en\/wp-json\/wp\/v2\/coauthors?post=842"}],"curies":[{"name":"wp","href":"https:\/\/api.w.org\/{rel}","templated":true}]}}