{"id":8585,"date":"2025-02-05T09:14:36","date_gmt":"2025-02-05T13:14:36","guid":{"rendered":"https:\/\/inisa.ufms.br\/?page_id=8585"},"modified":"2026-02-26T10:26:52","modified_gmt":"2026-02-26T14:26:52","slug":"ppc","status":"publish","type":"page","link":"https:\/\/inisa.ufms.br\/en\/pagina-inicial\/multiprofissional-em-reabilitacao-fisica\/ppc\/","title":{"rendered":"PPC"},"content":{"rendered":"<p><a href=\"https:\/\/inisa.ufms.br\/files\/2025\/02\/Projeto-Pedagogico-REAB.pdf\">Projeto Pedag\u00f3gico Resid\u00eancia Multiprofissional em Reabilita\u00e7\u00e3o F\u00edsica<\/a><\/p>\n<p>&nbsp;<\/p>\n<p>&nbsp;<\/p>\n","protected":false},"excerpt":{"rendered":"<p>Projeto Pedag\u00f3gico Resid\u00eancia Multiprofissional em Reabilita\u00e7\u00e3o F\u00edsica &nbsp; &nbsp;<\/p>\n","protected":false},"author":2160,"featured_media":0,"parent":969,"menu_order":0,"comment_status":"closed","ping_status":"closed","template":"","meta":{"footnotes":""},"coauthors":[39],"class_list":["post-8585","page","type-page","status-publish","hentry"],"_links":{"self":[{"href":"https:\/\/inisa.ufms.br\/en\/wp-json\/wp\/v2\/pages\/8585","targetHints":{"allow":["GET"]}}],"collection":[{"href":"https:\/\/inisa.ufms.br\/en\/wp-json\/wp\/v2\/pages"}],"about":[{"href":"https:\/\/inisa.ufms.br\/en\/wp-json\/wp\/v2\/types\/page"}],"author":[{"embeddable":true,"href":"https:\/\/inisa.ufms.br\/en\/wp-json\/wp\/v2\/users\/2160"}],"replies":[{"embeddable":true,"href":"https:\/\/inisa.ufms.br\/en\/wp-json\/wp\/v2\/comments?post=8585"}],"version-history":[{"count":12,"href":"https:\/\/inisa.ufms.br\/en\/wp-json\/wp\/v2\/pages\/8585\/revisions"}],"predecessor-version":[{"id":9433,"href":"https:\/\/inisa.ufms.br\/en\/wp-json\/wp\/v2\/pages\/8585\/revisions\/9433"}],"up":[{"embeddable":true,"href":"https:\/\/inisa.ufms.br\/en\/wp-json\/wp\/v2\/pages\/969"}],"wp:attachment":[{"href":"https:\/\/inisa.ufms.br\/en\/wp-json\/wp\/v2\/media?parent=8585"}],"wp:term":[{"taxonomy":"author","embeddable":true,"href":"https:\/\/inisa.ufms.br\/en\/wp-json\/wp\/v2\/coauthors?post=8585"}],"curies":[{"name":"wp","href":"https:\/\/api.w.org\/{rel}","templated":true}]}}