{"id":8617,"date":"2025-02-05T15:40:58","date_gmt":"2025-02-05T19:40:58","guid":{"rendered":"https:\/\/inisa.ufms.br\/?page_id=8617"},"modified":"2025-02-05T16:18:55","modified_gmt":"2025-02-05T20:18:55","slug":"multiprofissional-em-cuidados-continuados-integrados","status":"publish","type":"page","link":"https:\/\/inisa.ufms.br\/en\/pagina-inicial\/multiprofissional-em-cuidados-continuados-integrados\/","title":{"rendered":"Multiprofissional em Cuidados Continuados Integrados"},"content":{"rendered":"<p>O Programa de Resid\u00eancia Multiprofissional em Cuidados Continuados Integrados, c\u00f3digo SIGP\u00d3S n. 10225, aprovado pelo Parecer n. 917\/2018 \u2013 CNRMS, de 25 de setembro de 2018, tem a dura\u00e7\u00e3o de 2 (dois) anos, com a oferta de 14 (catorze) vagas para R1 e 14 (catorze) vagas para R2, totalizando 28 (vinte e oito) vagas anuais para o curso em comento. O Programa em quest\u00e3o \u00e9 vinculado \u00e0 Unidade Administrativa Setorial nominada Instituto Integrado de Sa\u00fade (INISA), cuja fun\u00e7\u00e3o \u00e9 propiciar o apoio administrativo no que tange ao seu processo seletivo e ao perfeito funcionamento do curso.<\/p>\n","protected":false},"excerpt":{"rendered":"<p>O Programa de Resid\u00eancia Multiprofissional em Cuidados Continuados Integrados, c\u00f3digo SIGP\u00d3S n. 10225, aprovado pelo Parecer n. 917\/2018 \u2013 CNRMS, de 25 de setembro de 2018, tem a dura\u00e7\u00e3o de 2 (dois) anos, com a oferta de 14 (catorze) vagas para R1 e 14 (catorze) vagas para R2, totalizando 28 (vinte e oito) vagas anuais [&hellip;]<\/p>\n","protected":false},"author":28787,"featured_media":0,"parent":20,"menu_order":0,"comment_status":"closed","ping_status":"closed","template":"page-templates\/page-coordenadorias.php","meta":{"footnotes":""},"coauthors":[],"class_list":["post-8617","page","type-page","status-publish","hentry"],"_links":{"self":[{"href":"https:\/\/inisa.ufms.br\/en\/wp-json\/wp\/v2\/pages\/8617","targetHints":{"allow":["GET"]}}],"collection":[{"href":"https:\/\/inisa.ufms.br\/en\/wp-json\/wp\/v2\/pages"}],"about":[{"href":"https:\/\/inisa.ufms.br\/en\/wp-json\/wp\/v2\/types\/page"}],"author":[{"embeddable":true,"href":"https:\/\/inisa.ufms.br\/en\/wp-json\/wp\/v2\/users\/28787"}],"replies":[{"embeddable":true,"href":"https:\/\/inisa.ufms.br\/en\/wp-json\/wp\/v2\/comments?post=8617"}],"version-history":[{"count":4,"href":"https:\/\/inisa.ufms.br\/en\/wp-json\/wp\/v2\/pages\/8617\/revisions"}],"predecessor-version":[{"id":8651,"href":"https:\/\/inisa.ufms.br\/en\/wp-json\/wp\/v2\/pages\/8617\/revisions\/8651"}],"up":[{"embeddable":true,"href":"https:\/\/inisa.ufms.br\/en\/wp-json\/wp\/v2\/pages\/20"}],"wp:attachment":[{"href":"https:\/\/inisa.ufms.br\/en\/wp-json\/wp\/v2\/media?parent=8617"}],"wp:term":[{"taxonomy":"author","embeddable":true,"href":"https:\/\/inisa.ufms.br\/en\/wp-json\/wp\/v2\/coauthors?post=8617"}],"curies":[{"name":"wp","href":"https:\/\/api.w.org\/{rel}","templated":true}]}}