{"id":886,"date":"2018-11-19T11:15:28","date_gmt":"2018-11-19T14:15:28","guid":{"rendered":"https:\/\/inisa.ufms.br\/?page_id=886"},"modified":"2026-02-26T11:52:50","modified_gmt":"2026-02-26T15:52:50","slug":"enfermagem-obstetrica","status":"publish","type":"page","link":"https:\/\/inisa.ufms.br\/en\/pagina-inicial\/enfermagem-obstetrica\/","title":{"rendered":"Enfermagem Obst\u00e9trica"},"content":{"rendered":"<h1>Sobre o Programa<\/h1>\n<p>O <strong>Programa de Resid\u00eancia em Enfermagem, \u00c1rea de Concentra\u00e7\u00e3o: Enfermagem Obst\u00e9trica <\/strong>\u00e9\u00a0oferecido\u00a0em nosso Estado, desde o ano de 2013, \u00a0pela Funda\u00e7\u00e3o Universidade Federal de Mato Grosso do Sul (UFMS), que torna p\u00fablica anualmente, ao m\u00eas de novembro, a abertura de inscri\u00e7\u00f5es em\u00a0Concurso visando \u00e0 sele\u00e7\u00e3o de candidatos para o preenchimento das vagas do programa<strong>,<\/strong> para graduados em Enfermagem de institui\u00e7\u00f5es de ensino superior reconhecidas pelo Minist\u00e9rio da Educa\u00e7\u00e3o (MEC), usualmente com seis (6) vagas e ingresso no m\u00eas de mar\u00e7o do ano subsequente.<\/p>\n<p>O programa \u00e9\u00a0realizado em parceria local com a Secretaria de Estado de Sa\u00fade de Mato Grosso do Sul\/Escola de Sa\u00fade P\u00fablica \u201cDr. Jorge David Nasser\u201d (<a href=\"http:\/\/www.saude.ms.gov.br\/\" target=\"_blank\" rel=\"noopener noreferrer\">SES<\/a>), a Secretaria Municipal de Sa\u00fade de Campo Grande (<a href=\"http:\/\/www.capital.ms.gov.br\/sesau\/\" target=\"_blank\" rel=\"noopener noreferrer\">SESAU<\/a>) e a Associa\u00e7\u00e3o Brasileira de Obstetrizes e Enfermeiros Obstetras do Estado de Mato Grosso do Sul (<a href=\"http:\/\/abenfoms.com.br\/quem-somos\/\" target=\"_blank\" rel=\"noopener noreferrer\">ABENFO-MS<\/a>).<\/p>\n<p>As atividades de ensino, de pesquisa e orienta\u00e7\u00e3o totalizam\u00a0<strong>5.760 horas<\/strong>, em 2 (dois)\u00a0anos, desenvolvidas em per\u00edodo integral, de dedica\u00e7\u00e3o exclusiva, com\u00a0<strong>60 horas semanais<\/strong>. As atividades te\u00f3ricas (20%) s\u00e3o\u00a0desenvolvidas nas instala\u00e7\u00f5es da UFMS, e da Escola de Sa\u00fade P\u00fablica \u201dDr Jorge David\u00a0Nasser\u201d e, os cen\u00e1rios de pr\u00e1tica (80%) na rede de aten\u00e7\u00e3o \u00e0 mulher, composta por\u00a0Unidades B\u00e1sicas de Sa\u00fade do munic\u00edpio, o Hospital Universit\u00e1rio Maria Aparecida Pedrossian (<a href=\"http:\/\/www.ebserh.gov.br\/web\/humap-ufms\" target=\"_blank\" rel=\"noopener noreferrer\">HUMAP<\/a>) e o Hospital Regional de Mato Grosso do Sul (<a href=\"http:\/\/www.hospitalregional.ms.gov.br\/\" target=\"_blank\" rel=\"noopener noreferrer\">HRMS<\/a>).<\/p>\n<p>Todas as bolsas, de car\u00e1ter indenizat\u00f3rio (uma vez que n\u00e3o \u00e9 permitido qualquer v\u00ednculo empregat\u00edcio paralelo), s\u00e3o pagas pela Coordena\u00e7\u00e3o Geral de Resid\u00eancias de\u00a0Sa\u00fade\/DHR\/SESu\/MEC, conforme\u00a0<a href=\"http:\/\/portal.mec.gov.br\/index.php?Itemid=813&amp;catid=247%3Aresidencia-medica&amp;id=12500%253%20Alegislacao-especifica&amp;option=com_content&amp;view=article\" target=\"_blank\" rel=\"noopener noreferrer\">legisla\u00e7\u00e3o espec\u00edfica<\/a>.<\/p>\n<h6>Fonte: ABENFO-MS<\/h6>\n","protected":false},"excerpt":{"rendered":"<p>Sobre o Programa O Programa de Resid\u00eancia em Enfermagem, \u00c1rea de Concentra\u00e7\u00e3o: Enfermagem Obst\u00e9trica \u00e9\u00a0oferecido\u00a0em nosso Estado, desde o ano de 2013, \u00a0pela Funda\u00e7\u00e3o Universidade Federal de Mato Grosso do Sul (UFMS), que torna p\u00fablica anualmente, ao m\u00eas de novembro, a abertura de inscri\u00e7\u00f5es em\u00a0Concurso visando \u00e0 sele\u00e7\u00e3o de candidatos para o preenchimento das vagas [&hellip;]<\/p>\n","protected":false},"author":1485,"featured_media":0,"parent":20,"menu_order":0,"comment_status":"closed","ping_status":"closed","template":"page-templates\/page-coordenadorias.php","meta":{"footnotes":""},"coauthors":[37],"class_list":["post-886","page","type-page","status-publish","hentry"],"_links":{"self":[{"href":"https:\/\/inisa.ufms.br\/en\/wp-json\/wp\/v2\/pages\/886","targetHints":{"allow":["GET"]}}],"collection":[{"href":"https:\/\/inisa.ufms.br\/en\/wp-json\/wp\/v2\/pages"}],"about":[{"href":"https:\/\/inisa.ufms.br\/en\/wp-json\/wp\/v2\/types\/page"}],"author":[{"embeddable":true,"href":"https:\/\/inisa.ufms.br\/en\/wp-json\/wp\/v2\/users\/1485"}],"replies":[{"embeddable":true,"href":"https:\/\/inisa.ufms.br\/en\/wp-json\/wp\/v2\/comments?post=886"}],"version-history":[{"count":3,"href":"https:\/\/inisa.ufms.br\/en\/wp-json\/wp\/v2\/pages\/886\/revisions"}],"predecessor-version":[{"id":8872,"href":"https:\/\/inisa.ufms.br\/en\/wp-json\/wp\/v2\/pages\/886\/revisions\/8872"}],"up":[{"embeddable":true,"href":"https:\/\/inisa.ufms.br\/en\/wp-json\/wp\/v2\/pages\/20"}],"wp:attachment":[{"href":"https:\/\/inisa.ufms.br\/en\/wp-json\/wp\/v2\/media?parent=886"}],"wp:term":[{"taxonomy":"author","embeddable":true,"href":"https:\/\/inisa.ufms.br\/en\/wp-json\/wp\/v2\/coauthors?post=886"}],"curies":[{"name":"wp","href":"https:\/\/api.w.org\/{rel}","templated":true}]}}