{"id":9124,"date":"2025-10-30T10:56:37","date_gmt":"2025-10-30T14:56:37","guid":{"rendered":"https:\/\/inisa.ufms.br\/?page_id=9124"},"modified":"2026-02-23T16:31:55","modified_gmt":"2026-02-23T20:31:55","slug":"contato","status":"publish","type":"page","link":"https:\/\/inisa.ufms.br\/en\/contato\/","title":{"rendered":"Contato"},"content":{"rendered":"<p><span style=\"font-family: georgia, palatino, serif;font-size: 12pt;color: #000000\"><strong>Gabinete da Dire\u00e7\u00e3o\u00a0<\/strong><\/span><\/p>\n<p><span style=\"font-family: georgia, palatino, serif;font-size: 12pt;color: #000000\">E-mail: gab.inisa@ufms.br<\/span><\/p>\n<p><span style=\"font-family: georgia, palatino, serif;font-size: 12pt;color: #000000\">Telefone: (67) 3345-7790<\/span><\/p>\n<p>&nbsp;<\/p>\n<p><span style=\"font-family: georgia, palatino, serif;font-size: 12pt;color: #000000\"><strong>Secretaria da Dire\u00e7\u00e3o\u00a0<\/strong><\/span><\/p>\n<p><span style=\"font-family: georgia, palatino, serif;font-size: 12pt;color: #000000\">E-mail: gab.inisa@ufms.br<\/span><\/p>\n<p><span style=\"font-family: georgia, palatino, serif;font-size: 12pt;color: #000000\">Telefone: (67) 3345-7753<\/span><\/p>\n<h1 class=\"big_title\"><span style=\"font-size: 12pt;font-family: georgia, palatino, serif;color: #000000\">Coordena\u00e7\u00e3o Administrativa<\/span><\/h1>\n<p><span style=\"font-family: georgia, palatino, serif;font-size: 12pt;color: #000000\">E-mail: coad.inisa@ufms.br<\/span><\/p>\n<p><span style=\"font-family: georgia, palatino, serif;font-size: 12pt;color: #000000\">Telefone: (67) 3345-7774<\/span><\/p>\n<p>&nbsp;<\/p>\n<p><span style=\"color: #000000;font-size: 12pt;font-family: georgia, palatino, serif\"><strong>Coordena\u00e7\u00e3o de Gest\u00e3o Acad\u00eamica<\/strong><\/span><\/p>\n<p><span style=\"font-family: georgia, palatino, serif;font-size: 12pt;color: #000000\">E-mail: coac.inisa@ufms.br<\/span><\/p>\n<p><span style=\"font-family: georgia, palatino, serif;font-size: 12pt;color: #000000\">Telefone: (67) 3345-7357<\/span><\/p>\n<p>&nbsp;<\/p>\n<h1 class=\"big_title\"><span style=\"font-size: 12pt;font-family: georgia, palatino, serif;color: #000000\">Unidade de Apoio Acad\u00eamico<\/span><\/h1>\n<p><span style=\"font-family: georgia, palatino, serif;font-size: 12pt;color: #000000\">Telefone: (67) 3345-7826 (telefone e whatsapp).<\/span><\/p>\n<p><span style=\"font-family: georgia, palatino, serif;font-size: 12pt;color: #000000\">E-mail: secac.inisa@ufms.br<\/span><\/p>\n<p>&nbsp;<\/p>\n<h4><span style=\"font-family: georgia, palatino, serif;font-size: 12pt;color: #000000\"><strong>Secretaria de Apoio Pedag\u00f3gico<\/strong><\/span><\/h4>\n<p><span style=\"font-family: georgia, palatino, serif;font-size: 12pt;color: #000000\">E-mail: sap.inisa@ufms.br<\/span><\/p>\n<p><span style=\"font-family: georgia, palatino, serif;font-size: 12pt;color: #000000\">Telefone: (67) 3345-7600<\/span><\/p>\n<p>&nbsp;<\/p>\n<p><span style=\"font-family: georgia, palatino, serif;font-size: 12pt;color: #000000\"><strong>Secretaria de P\u00f3s-Gradua\u00e7\u00e3o Lato Sensu:<\/strong><\/span><\/p>\n<p><span style=\"font-family: georgia, palatino, serif;font-size: 12pt;color: #000000\">Telefone: (67) 3345-7407<\/span><\/p>\n<p><span style=\"color: #000000;font-family: georgia, palatino, serif;font-size: 12pt\">Resid\u00eancia Multiprofissional em Aten\u00e7\u00e3o \u00e0 Sa\u00fade da Crian\u00e7a e do Adolescente<\/span><\/p>\n<p><span style=\"font-family: georgia, palatino, serif;font-size: 12pt;color: #000000\">E-mail: premussacrid.inisa@ufms.br<\/span><\/p>\n<p><span style=\"color: #000000;font-family: georgia, palatino, serif;font-size: 12pt\">Resid\u00eancia Multiprofissional em Aten\u00e7\u00e3o ao Paciente Cr\u00edtico<\/span><\/p>\n<p><span style=\"font-family: georgia, palatino, serif;font-size: 12pt;color: #000000\">E-mail: premusapc.inisa@ufms.br<\/span><\/p>\n<p><span style=\"color: #000000;font-family: georgia, palatino, serif;font-size: 12pt\">Resid\u00eancia Multiprofissional em Cuidados Continuados Integrados<\/span><\/p>\n<p><span style=\"font-family: georgia, palatino, serif;font-size: 12pt;color: #000000\">E-mail: premuscci.inisa@ufms.br<\/span><\/p>\n<p><span style=\"color: #000000;font-family: georgia, palatino, serif;font-size: 12pt\">Resid\u00eancia Multiprofissional em Reabilita\u00e7\u00e3o F\u00edsica<\/span><\/p>\n<p><span style=\"font-family: georgia, palatino, serif;font-size: 12pt;color: #000000\">E-mail: premusreab.inisa@ufms.br<\/span><\/p>\n<p><span style=\"color: #000000;font-family: georgia, palatino, serif;font-size: 12pt\">Resid\u00eancia Uniprofissional em Enfermagem Obst\u00e9trica<\/span><\/p>\n<p><span style=\"font-family: georgia, palatino, serif;font-size: 12pt;color: #000000\">E-mail: prueo.inisa@ufms.br<\/span><\/p>\n<p>&nbsp;<\/p>\n<p><span style=\"font-family: georgia, palatino, serif;font-size: 12pt;color: #000000\"><strong>Secretarias de P\u00f3s-Gradua\u00e7\u00e3o Stricto Sensu:<\/strong><\/span><\/p>\n<p><span style=\"font-family: georgia, palatino, serif;font-size: 12pt;color: #000000\">Programa de P\u00f3s-Gradua\u00e7\u00e3o em Ci\u00eancias do Movimento<\/span><\/p>\n<p><span style=\"font-family: georgia, palatino, serif;font-size: 12pt;color: #000000\">Telefone: (67) 3345-7353<\/span><\/p>\n<p><span style=\"font-family: georgia, palatino, serif;font-size: 12pt;color: #000000\">Programa de P\u00f3s-Gradua\u00e7\u00e3o em Enfermagem<\/span><\/p>\n<p><span style=\"font-family: georgia, palatino, serif;font-size: 12pt;color: #000000\">Telefone: (67) 3345-7768<\/span><\/p>\n<p><span style=\"font-family: georgia, palatino, serif;font-size: 12pt;color: #000000\">Programa de P\u00f3s-Gradua\u00e7\u00e3o em Sa\u00fade da Fam\u00edlia<\/span><\/p>\n<p><span style=\"font-family: georgia, palatino, serif;font-size: 12pt;color: #000000\">Telefone: (67) 3345-7356<\/span><\/p>\n<p>&nbsp;<\/p>\n<p><span style=\"font-size: 12pt;font-family: georgia, palatino, serif;color: #000000\"><strong>Laborat\u00f3rios:<\/strong><\/span><\/p>\n<p><span style=\"font-size: 12pt;font-family: georgia, palatino, serif;color: #000000\">Laborat\u00f3rio de Estudo do M\u00fasculo Estriado &#8211; LEME<\/span><\/p>\n<p><span style=\"font-family: georgia, palatino, serif;font-size: 12pt;color: #000000\">Telefone: (67) 3345-7837<\/span><\/p>\n<p><span style=\"font-size: 12pt;font-family: georgia, palatino, serif;color: #000000\">Laborat\u00f3rio de Habilidades em Enfermagem &#8211; LHE<\/span><\/p>\n<p><span style=\"font-family: georgia, palatino, serif;font-size: 12pt;color: #000000\">Telefone: (67) 3345-7348<\/span><\/p>\n<p><span style=\"font-size: 12pt;font-family: georgia, palatino, serif;color: #000000\">Laborat\u00f3rio Tem\u00e1tico de Urg\u00eancia &#8211; LTU<\/span><\/p>\n<p><span style=\"font-family: georgia, palatino, serif;font-size: 12pt;color: #000000\">Telefone: (67) 3345-7312<\/span><\/p>\n","protected":false},"excerpt":{"rendered":"<p>Gabinete da Dire\u00e7\u00e3o\u00a0 E-mail: gab.inisa@ufms.br Telefone: (67) 3345-7790 &nbsp; Secretaria da Dire\u00e7\u00e3o\u00a0 E-mail: gab.inisa@ufms.br Telefone: (67) 3345-7753 Coordena\u00e7\u00e3o Administrativa E-mail: coad.inisa@ufms.br Telefone: (67) 3345-7774 &nbsp; Coordena\u00e7\u00e3o de Gest\u00e3o Acad\u00eamica E-mail: coac.inisa@ufms.br Telefone: (67) 3345-7357 &nbsp; Unidade de Apoio Acad\u00eamico Telefone: (67) 3345-7826 (telefone e whatsapp). E-mail: secac.inisa@ufms.br &nbsp; Secretaria de Apoio Pedag\u00f3gico E-mail: sap.inisa@ufms.br Telefone: [&hellip;]<\/p>\n","protected":false},"author":34834,"featured_media":0,"parent":0,"menu_order":0,"comment_status":"closed","ping_status":"closed","template":"","meta":{"footnotes":""},"coauthors":[49],"class_list":["post-9124","page","type-page","status-publish","hentry"],"_links":{"self":[{"href":"https:\/\/inisa.ufms.br\/en\/wp-json\/wp\/v2\/pages\/9124","targetHints":{"allow":["GET"]}}],"collection":[{"href":"https:\/\/inisa.ufms.br\/en\/wp-json\/wp\/v2\/pages"}],"about":[{"href":"https:\/\/inisa.ufms.br\/en\/wp-json\/wp\/v2\/types\/page"}],"author":[{"embeddable":true,"href":"https:\/\/inisa.ufms.br\/en\/wp-json\/wp\/v2\/users\/34834"}],"replies":[{"embeddable":true,"href":"https:\/\/inisa.ufms.br\/en\/wp-json\/wp\/v2\/comments?post=9124"}],"version-history":[{"count":17,"href":"https:\/\/inisa.ufms.br\/en\/wp-json\/wp\/v2\/pages\/9124\/revisions"}],"predecessor-version":[{"id":9399,"href":"https:\/\/inisa.ufms.br\/en\/wp-json\/wp\/v2\/pages\/9124\/revisions\/9399"}],"wp:attachment":[{"href":"https:\/\/inisa.ufms.br\/en\/wp-json\/wp\/v2\/media?parent=9124"}],"wp:term":[{"taxonomy":"author","embeddable":true,"href":"https:\/\/inisa.ufms.br\/en\/wp-json\/wp\/v2\/coauthors?post=9124"}],"curies":[{"name":"wp","href":"https:\/\/api.w.org\/{rel}","templated":true}]}}