{"id":9303,"date":"2026-02-02T10:13:05","date_gmt":"2026-02-02T14:13:05","guid":{"rendered":"https:\/\/inisa.ufms.br\/?page_id=9303"},"modified":"2026-04-30T09:21:34","modified_gmt":"2026-04-30T13:21:34","slug":"multiprofissional-em-saude-atencao-a-saude-da-crianca-e-adolescente","status":"publish","type":"page","link":"https:\/\/inisa.ufms.br\/en\/pagina-inicial\/multiprofissional-em-saude-atencao-a-saude-da-crianca-e-adolescente\/","title":{"rendered":"Multiprofissional em Sa\u00fade: Aten\u00e7\u00e3o \u00e0 Sa\u00fade da Crian\u00e7a e Adolescente"},"content":{"rendered":"","protected":false},"excerpt":{"rendered":"","protected":false},"author":34834,"featured_media":0,"parent":20,"menu_order":0,"comment_status":"closed","ping_status":"closed","template":"page-templates\/page-coordenadorias.php","meta":{"footnotes":""},"coauthors":[49],"class_list":["post-9303","page","type-page","status-publish","hentry"],"_links":{"self":[{"href":"https:\/\/inisa.ufms.br\/en\/wp-json\/wp\/v2\/pages\/9303","targetHints":{"allow":["GET"]}}],"collection":[{"href":"https:\/\/inisa.ufms.br\/en\/wp-json\/wp\/v2\/pages"}],"about":[{"href":"https:\/\/inisa.ufms.br\/en\/wp-json\/wp\/v2\/types\/page"}],"author":[{"embeddable":true,"href":"https:\/\/inisa.ufms.br\/en\/wp-json\/wp\/v2\/users\/34834"}],"replies":[{"embeddable":true,"href":"https:\/\/inisa.ufms.br\/en\/wp-json\/wp\/v2\/comments?post=9303"}],"version-history":[{"count":4,"href":"https:\/\/inisa.ufms.br\/en\/wp-json\/wp\/v2\/pages\/9303\/revisions"}],"predecessor-version":[{"id":9630,"href":"https:\/\/inisa.ufms.br\/en\/wp-json\/wp\/v2\/pages\/9303\/revisions\/9630"}],"up":[{"embeddable":true,"href":"https:\/\/inisa.ufms.br\/en\/wp-json\/wp\/v2\/pages\/20"}],"wp:attachment":[{"href":"https:\/\/inisa.ufms.br\/en\/wp-json\/wp\/v2\/media?parent=9303"}],"wp:term":[{"taxonomy":"author","embeddable":true,"href":"https:\/\/inisa.ufms.br\/en\/wp-json\/wp\/v2\/coauthors?post=9303"}],"curies":[{"name":"wp","href":"https:\/\/api.w.org\/{rel}","templated":true}]}}