{"id":9340,"date":"2026-02-11T13:48:58","date_gmt":"2026-02-11T17:48:58","guid":{"rendered":"https:\/\/inisa.ufms.br\/?page_id=9340"},"modified":"2026-02-11T14:02:18","modified_gmt":"2026-02-11T18:02:18","slug":"apoio-ao-estudante","status":"publish","type":"page","link":"https:\/\/inisa.ufms.br\/en\/apoio-ao-estudante\/","title":{"rendered":"Apoio ao Estudante"},"content":{"rendered":"<p><a href=\"https:\/\/proaes.ufms.br\/atendimento-do-servico-social\/\" target=\"_blank\" rel=\"noopener noreferrer\">Atendimento do Servi\u00e7o Social<\/a><\/p>\n<p><a href=\"https:\/\/proaes.ufms.br\/coordenadorias\/cdpi\/acessibilidade-e-acoes-afirmativas\/secao-de-acessibilidade\/\" target=\"_blank\" rel=\"noopener noreferrer\">Atendimento Educacional Especializado<\/a><\/p>\n<p><a href=\"https:\/\/proaes.ufms.br\/coordenadorias\/integracao-e-assistencia-estudantil\/diase\/auxilio-alimentacao\/\" target=\"_blank\" rel=\"noopener noreferrer\">Aux\u00edlio Alimenta\u00e7\u00e3o<\/a><\/p>\n<p><a href=\"https:\/\/proaes.ufms.br\/coordenadorias\/integracao-e-assistencia-estudantil\/diase\/auxilio-creche\/\" target=\"_blank\" rel=\"noopener noreferrer\">Aux\u00edlio Creche<\/a><\/p>\n<p><a href=\"https:\/\/proaes.ufms.br\/coordenadorias\/integracao-e-assistencia-estudantil\/diase\/auxilio-emergencial\/\" target=\"_blank\" rel=\"noopener noreferrer\">Aux\u00edlio Emergencial<\/a><\/p>\n<p><a href=\"https:\/\/proaes.ufms.br\/coordenadorias\/integracao-e-assistencia-estudantil\/diase\/auxilio-moradia\/\" target=\"_blank\" rel=\"noopener noreferrer\">Aux\u00edlio Moradia<\/a><\/p>\n<p><a href=\"https:\/\/proaes.ufms.br\/coordenadorias\/integracao-e-assistencia-estudantil\/diase\/auxilio-permanencia\/\" target=\"_blank\" rel=\"noopener noreferrer\">Aux\u00edlio Perman\u00eancia<\/a><\/p>\n<p><a href=\"https:\/\/proaes.ufms.br\/coordenadorias\/integracao-e-assistencia-estudantil\/diave\/auxilio-instrumental\/\" target=\"_blank\" rel=\"noopener noreferrer\">Aux\u00edlio Instrumental Pedag\u00f3gico<\/a><\/p>\n<p><a href=\"https:\/\/proaes.ufms.br\/coordenadorias\/integracao-e-assistencia-estudantil\/diave\/apee\/\" target=\"_blank\" rel=\"noopener noreferrer\">Aux\u00edlio para Participa\u00e7\u00e3o em Eventos<\/a><\/p>\n<p><a href=\"https:\/\/proaes.ufms.br\/coordenadorias\/integracao-e-assistencia-estudantil\/diave\/bolsa-promisaes\/\" target=\"_blank\" rel=\"noopener noreferrer\">Bolsa PROMISAES<\/a><\/p>\n<p><a href=\"https:\/\/proaes.ufms.br\/solicitacao-de-servico-de-saude\/\" target=\"_blank\" rel=\"noopener noreferrer\">Solicita\u00e7\u00e3o de Atendimento em Sa\u00fade<\/a><\/p>\n","protected":false},"excerpt":{"rendered":"<p>Atendimento do Servi\u00e7o Social Atendimento Educacional Especializado Aux\u00edlio Alimenta\u00e7\u00e3o Aux\u00edlio Creche Aux\u00edlio Emergencial Aux\u00edlio Moradia Aux\u00edlio Perman\u00eancia Aux\u00edlio Instrumental Pedag\u00f3gico Aux\u00edlio para Participa\u00e7\u00e3o em Eventos Bolsa PROMISAES Solicita\u00e7\u00e3o de Atendimento em Sa\u00fade<\/p>\n","protected":false},"author":51158,"featured_media":0,"parent":0,"menu_order":0,"comment_status":"closed","ping_status":"closed","template":"","meta":{"footnotes":""},"coauthors":[38],"class_list":["post-9340","page","type-page","status-publish","hentry"],"_links":{"self":[{"href":"https:\/\/inisa.ufms.br\/en\/wp-json\/wp\/v2\/pages\/9340","targetHints":{"allow":["GET"]}}],"collection":[{"href":"https:\/\/inisa.ufms.br\/en\/wp-json\/wp\/v2\/pages"}],"about":[{"href":"https:\/\/inisa.ufms.br\/en\/wp-json\/wp\/v2\/types\/page"}],"author":[{"embeddable":true,"href":"https:\/\/inisa.ufms.br\/en\/wp-json\/wp\/v2\/users\/51158"}],"replies":[{"embeddable":true,"href":"https:\/\/inisa.ufms.br\/en\/wp-json\/wp\/v2\/comments?post=9340"}],"version-history":[{"count":3,"href":"https:\/\/inisa.ufms.br\/en\/wp-json\/wp\/v2\/pages\/9340\/revisions"}],"predecessor-version":[{"id":9365,"href":"https:\/\/inisa.ufms.br\/en\/wp-json\/wp\/v2\/pages\/9340\/revisions\/9365"}],"wp:attachment":[{"href":"https:\/\/inisa.ufms.br\/en\/wp-json\/wp\/v2\/media?parent=9340"}],"wp:term":[{"taxonomy":"author","embeddable":true,"href":"https:\/\/inisa.ufms.br\/en\/wp-json\/wp\/v2\/coauthors?post=9340"}],"curies":[{"name":"wp","href":"https:\/\/api.w.org\/{rel}","templated":true}]}}