{"id":9466,"date":"2026-02-26T11:50:27","date_gmt":"2026-02-26T15:50:27","guid":{"rendered":"https:\/\/inisa.ufms.br\/?page_id=9466"},"modified":"2026-03-02T09:46:20","modified_gmt":"2026-03-02T13:46:20","slug":"legislacao-e-normas-prueo","status":"publish","type":"page","link":"https:\/\/inisa.ufms.br\/en\/pagina-inicial\/enfermagem-obstetrica\/legislacao-e-normas-prueo\/","title":{"rendered":"Legisla\u00e7\u00e3o e Normas &#8211; PRUEO"},"content":{"rendered":"<p><a href=\"https:\/\/inisa.ufms.br\/files\/2026\/02\/Regulamento_Interno_PRUEO_2022.pdf\">REGULAMENTO INTERNO DO PROGRAMA DE RESID\u00caNCIA EM ENFERMAGEM OBST\u00c9TRICA<\/a><\/p>\n<p>&nbsp;<\/p>\n<p><a href=\"https:\/\/inisa.ufms.br\/files\/2026\/02\/Normas-PREMUS-RESOLUCAO-COPP-n-181-de-22-07-2020.pdf\">Normas Regulamentadoras dos Programas de Resid\u00eancia em \u00c1rea Profissional da Sa\u00fade nas Modalidades Mulprofissional e Uniprofissional (Premus)\/UFMS<\/a><\/p>\n<p>&nbsp;<\/p>\n<p><a href=\"https:\/\/inisa.ufms.br\/files\/2026\/03\/MATRIZ-Enf-Obstetrica-2026-Resolucao-COPP.pdf\">Matriz Curricular 2026<\/a><\/p>\n","protected":false},"excerpt":{"rendered":"<p>REGULAMENTO INTERNO DO PROGRAMA DE RESID\u00caNCIA EM ENFERMAGEM OBST\u00c9TRICA &nbsp; Normas Regulamentadoras dos Programas de Resid\u00eancia em \u00c1rea Profissional da Sa\u00fade nas Modalidades Mulprofissional e Uniprofissional (Premus)\/UFMS &nbsp; Matriz Curricular 2026<\/p>\n","protected":false},"author":28787,"featured_media":0,"parent":886,"menu_order":0,"comment_status":"closed","ping_status":"closed","template":"","meta":{"footnotes":""},"coauthors":[41],"class_list":["post-9466","page","type-page","status-publish","hentry"],"_links":{"self":[{"href":"https:\/\/inisa.ufms.br\/en\/wp-json\/wp\/v2\/pages\/9466","targetHints":{"allow":["GET"]}}],"collection":[{"href":"https:\/\/inisa.ufms.br\/en\/wp-json\/wp\/v2\/pages"}],"about":[{"href":"https:\/\/inisa.ufms.br\/en\/wp-json\/wp\/v2\/types\/page"}],"author":[{"embeddable":true,"href":"https:\/\/inisa.ufms.br\/en\/wp-json\/wp\/v2\/users\/28787"}],"replies":[{"embeddable":true,"href":"https:\/\/inisa.ufms.br\/en\/wp-json\/wp\/v2\/comments?post=9466"}],"version-history":[{"count":6,"href":"https:\/\/inisa.ufms.br\/en\/wp-json\/wp\/v2\/pages\/9466\/revisions"}],"predecessor-version":[{"id":9528,"href":"https:\/\/inisa.ufms.br\/en\/wp-json\/wp\/v2\/pages\/9466\/revisions\/9528"}],"up":[{"embeddable":true,"href":"https:\/\/inisa.ufms.br\/en\/wp-json\/wp\/v2\/pages\/886"}],"wp:attachment":[{"href":"https:\/\/inisa.ufms.br\/en\/wp-json\/wp\/v2\/media?parent=9466"}],"wp:term":[{"taxonomy":"author","embeddable":true,"href":"https:\/\/inisa.ufms.br\/en\/wp-json\/wp\/v2\/coauthors?post=9466"}],"curies":[{"name":"wp","href":"https:\/\/api.w.org\/{rel}","templated":true}]}}