{"id":9471,"date":"2026-02-26T11:51:28","date_gmt":"2026-02-26T15:51:28","guid":{"rendered":"https:\/\/inisa.ufms.br\/?page_id=9471"},"modified":"2026-02-27T08:19:56","modified_gmt":"2026-02-27T12:19:56","slug":"requerimentos-e-documentos-gerais-prueo","status":"publish","type":"page","link":"https:\/\/inisa.ufms.br\/en\/pagina-inicial\/enfermagem-obstetrica\/requerimentos-e-documentos-gerais-prueo\/","title":{"rendered":"Requerimentos e Documentos Gerais &#8211; PRUEO"},"content":{"rendered":"<p><a href=\"https:\/\/inisa.ufms.br\/files\/2026\/02\/Formulario-de-solicitacao-estagio.pdf\">FORMUL\u00c1RIO DE SOLICITA\u00c7\u00c3O DE EST\u00c1GIO<\/a><\/p>\n","protected":false},"excerpt":{"rendered":"<p>FORMUL\u00c1RIO DE SOLICITA\u00c7\u00c3O DE EST\u00c1GIO<\/p>\n","protected":false},"author":28787,"featured_media":0,"parent":886,"menu_order":0,"comment_status":"closed","ping_status":"closed","template":"","meta":{"footnotes":""},"coauthors":[41],"class_list":["post-9471","page","type-page","status-publish","hentry"],"_links":{"self":[{"href":"https:\/\/inisa.ufms.br\/en\/wp-json\/wp\/v2\/pages\/9471","targetHints":{"allow":["GET"]}}],"collection":[{"href":"https:\/\/inisa.ufms.br\/en\/wp-json\/wp\/v2\/pages"}],"about":[{"href":"https:\/\/inisa.ufms.br\/en\/wp-json\/wp\/v2\/types\/page"}],"author":[{"embeddable":true,"href":"https:\/\/inisa.ufms.br\/en\/wp-json\/wp\/v2\/users\/28787"}],"replies":[{"embeddable":true,"href":"https:\/\/inisa.ufms.br\/en\/wp-json\/wp\/v2\/comments?post=9471"}],"version-history":[{"count":3,"href":"https:\/\/inisa.ufms.br\/en\/wp-json\/wp\/v2\/pages\/9471\/revisions"}],"predecessor-version":[{"id":9509,"href":"https:\/\/inisa.ufms.br\/en\/wp-json\/wp\/v2\/pages\/9471\/revisions\/9509"}],"up":[{"embeddable":true,"href":"https:\/\/inisa.ufms.br\/en\/wp-json\/wp\/v2\/pages\/886"}],"wp:attachment":[{"href":"https:\/\/inisa.ufms.br\/en\/wp-json\/wp\/v2\/media?parent=9471"}],"wp:term":[{"taxonomy":"author","embeddable":true,"href":"https:\/\/inisa.ufms.br\/en\/wp-json\/wp\/v2\/coauthors?post=9471"}],"curies":[{"name":"wp","href":"https:\/\/api.w.org\/{rel}","templated":true}]}}