{"id":969,"date":"2019-02-19T10:54:35","date_gmt":"2019-02-19T14:54:35","guid":{"rendered":"https:\/\/inisa.ufms.br\/?page_id=969"},"modified":"2024-01-18T10:55:59","modified_gmt":"2024-01-18T14:55:59","slug":"multiprofissional-em-reabilitacao-fisica","status":"publish","type":"page","link":"https:\/\/inisa.ufms.br\/en\/pagina-inicial\/multiprofissional-em-reabilitacao-fisica\/","title":{"rendered":"Multiprofissional em Reabilita\u00e7\u00e3o F\u00edsica"},"content":{"rendered":"<h2><a href=\"https:\/\/inisa.ufms.br\/files\/2024\/01\/Logo-Premus-Reab.jpeg\"><img fetchpriority=\"high\" decoding=\"async\" class=\"wp-image-8126 aligncenter\" src=\"https:\/\/inisa.ufms.br\/files\/2024\/01\/Logo-Premus-Reab-300x234.jpeg\" alt=\"\" width=\"461\" height=\"360\" srcset=\"https:\/\/inisa.ufms.br\/files\/2024\/01\/Logo-Premus-Reab-300x234.jpeg 300w, https:\/\/inisa.ufms.br\/files\/2024\/01\/Logo-Premus-Reab-410x320.jpeg 410w, https:\/\/inisa.ufms.br\/files\/2024\/01\/Logo-Premus-Reab.jpeg 442w\" sizes=\"(max-width: 461px) 100vw, 461px\" \/><\/a><\/h2>\n<h2 style=\"text-align: left\"><strong>Apresenta\u00e7\u00e3o<\/strong><\/h2>\n<p style=\"text-align: justify\"><span style=\"font-weight: 400;font-size: 12pt\">Em parceria estabelecida entre as institui\u00e7\u00f5es Universidade Federal de Mato Grosso do Sul (UFMS), Centro Especializado em Reabilita\u00e7\u00e3o e Oficina Ortop\u00e9dica da Associa\u00e7\u00e3o de Pais e Amigos dos Excepcionais de Campo Grande &#8211; MS (CER APAE) e a Secretaria Estadual de Sa\u00fade do Mato Grosso do Sul, estabelece-se a cria\u00e7\u00e3o da Resid\u00eancia Multiprofissional de Sa\u00fade, \u00e1rea de concentra\u00e7\u00e3o: Reabilita\u00e7\u00e3o F\u00edsica, sendo implantado no ano de 2019.<\/span><\/p>\n<p style=\"text-align: justify\"><span style=\"font-size: 12pt\"><span style=\"font-weight: 400\">Os Programas de Resid\u00eancia em \u00c1rea Profissional da Sa\u00fade nas Modalidades Multiprofissional e Uniprofissional (Premus) constitui a\u00e7\u00f5es de integra\u00e7\u00e3o ensino-servi\u00e7o-comunidade desenvolvidos por <\/span><span style=\"font-weight: 400\">interm\u00e9dio de parcerias com gestores, trabalhadores e usu\u00e1rios, visando favorecer a inser\u00e7\u00e3o qualificada de profissionais da sa\u00fade no mercado de trabalho, preferencialmente rec\u00e9m-formados, particularmente em \u00e1reas priorit\u00e1rias para o Sistema \u00danico de Sa\u00fade (SUS), a partir das necessidades e realidades locais e regionais, regida pela Comiss\u00e3o Nacional de Resid\u00eancia Multiprofissional em Sa\u00fade (CNRMS\/MEC\/Sesu).\u00a0<\/span><\/span><\/p>\n<p style=\"text-align: justify\"><span style=\"font-weight: 400;font-size: 12pt\">O Programa de Resid\u00eancia Multiprofissional em Sa\u00fade &#8211; \u00c1rea de concentra\u00e7\u00e3o: Reabilita\u00e7\u00e3o F\u00edsica (Premus-Reab), oferta vagas para graduados em Enfermagem, Fisioterapia, Fonoaudiologia, Psicologia, Nutri\u00e7\u00e3o, Servi\u00e7o Social e Terapia Ocupacional, de institui\u00e7\u00f5es de ensino reconhecidas pelo Minist\u00e9rio da Educa\u00e7\u00e3o (MEC), sendo realizado com o apoio do Minist\u00e9rio da Educa\u00e7\u00e3o (MEC) e Minist\u00e9rio da Sa\u00fade (MS).<\/span><\/p>\n<p style=\"text-align: justify\"><span style=\"font-weight: 400;font-size: 12pt\">O Premus-Reab tem como principal enfoque os cuidados em sa\u00fade da pessoa com defici\u00eancia, e visa especializar profissionais da \u00e1rea da sa\u00fade no contexto da Pol\u00edtica Nacional dos Direitos da Pessoa com Defici\u00eancia, das Redes de Aten\u00e7\u00e3o \u00e0 Sa\u00fade e da Pol\u00edtica Nacional de Aten\u00e7\u00e3o Especializada em Sa\u00fade, com capacidade gerencial e cl\u00ednica na aten\u00e7\u00e3o \u00e0 sa\u00fade da pessoa com defici\u00eancia, assim como, dos seus familiares e cuidadores, intervindo positivamente nas condi\u00e7\u00f5es de vida e realidade biopsicossocial dessa popula\u00e7\u00e3o.\u00a0<\/span><\/p>\n<p style=\"text-align: justify\"><span style=\"font-weight: 400;font-size: 12pt\">Tem como um de seus objetivos fortalecer a integra\u00e7\u00e3o ensino-servi\u00e7o e qualificar a forma\u00e7\u00e3o de profissionais para o SUS, com vis\u00e3o humanista, reflexiva e cr\u00edtica, qualificados para o exerc\u00edcio profissional em habilita\u00e7\u00e3o e reabilita\u00e7\u00e3o multiprofissional, com base no rigor cient\u00edfico, intelectual, princ\u00edpios \u00e9ticos, conhecedor dos diferentes cen\u00e1rios da pr\u00e1tica e capazes de atuar com compet\u00eancia na \u00e1rea espec\u00edfica de forma\u00e7\u00e3o em todos os n\u00edveis de cuidados. <\/span><\/p>\n","protected":false},"excerpt":{"rendered":"<p>Apresenta\u00e7\u00e3o Em parceria estabelecida entre as institui\u00e7\u00f5es Universidade Federal de Mato Grosso do Sul (UFMS), Centro Especializado em Reabilita\u00e7\u00e3o e Oficina Ortop\u00e9dica da Associa\u00e7\u00e3o de Pais e Amigos dos Excepcionais de Campo Grande &#8211; MS (CER APAE) e a Secretaria Estadual de Sa\u00fade do Mato Grosso do Sul, estabelece-se a cria\u00e7\u00e3o da Resid\u00eancia Multiprofissional de [&hellip;]<\/p>\n","protected":false},"author":1417,"featured_media":0,"parent":20,"menu_order":0,"comment_status":"closed","ping_status":"closed","template":"page-templates\/page-coordenadorias.php","meta":{"footnotes":""},"coauthors":[],"class_list":["post-969","page","type-page","status-publish","hentry"],"_links":{"self":[{"href":"https:\/\/inisa.ufms.br\/en\/wp-json\/wp\/v2\/pages\/969","targetHints":{"allow":["GET"]}}],"collection":[{"href":"https:\/\/inisa.ufms.br\/en\/wp-json\/wp\/v2\/pages"}],"about":[{"href":"https:\/\/inisa.ufms.br\/en\/wp-json\/wp\/v2\/types\/page"}],"author":[{"embeddable":true,"href":"https:\/\/inisa.ufms.br\/en\/wp-json\/wp\/v2\/users\/1417"}],"replies":[{"embeddable":true,"href":"https:\/\/inisa.ufms.br\/en\/wp-json\/wp\/v2\/comments?post=969"}],"version-history":[{"count":8,"href":"https:\/\/inisa.ufms.br\/en\/wp-json\/wp\/v2\/pages\/969\/revisions"}],"predecessor-version":[{"id":8198,"href":"https:\/\/inisa.ufms.br\/en\/wp-json\/wp\/v2\/pages\/969\/revisions\/8198"}],"up":[{"embeddable":true,"href":"https:\/\/inisa.ufms.br\/en\/wp-json\/wp\/v2\/pages\/20"}],"wp:attachment":[{"href":"https:\/\/inisa.ufms.br\/en\/wp-json\/wp\/v2\/media?parent=969"}],"wp:term":[{"taxonomy":"author","embeddable":true,"href":"https:\/\/inisa.ufms.br\/en\/wp-json\/wp\/v2\/coauthors?post=969"}],"curies":[{"name":"wp","href":"https:\/\/api.w.org\/{rel}","templated":true}]}}